{"id":276700,"date":"2023-03-31T12:06:54","date_gmt":"2023-03-31T12:06:54","guid":{"rendered":"https:\/\/poolconcept.live-website.com\/politique-de-cookies\/"},"modified":"2024-05-21T18:52:46","modified_gmt":"2024-05-21T18:52:46","slug":"politique-de-cookies","status":"publish","type":"page","link":"https:\/\/poolconcept.live-website.com\/fr\/politique-de-cookies\/","title":{"rendered":"Politique de cookies"},"content":{"rendered":"\t\t<div data-elementor-type=\"wp-page\" data-elementor-id=\"276700\" class=\"elementor elementor-276700 elementor-274565\" data-elementor-post-type=\"page\">\n\t\t\t\t\t\t<section class=\"elementor-section elementor-top-section elementor-element elementor-element-f01c1a1 elementor-section-height-min-height elementor-section-boxed elementor-section-height-default elementor-section-items-middle\" data-id=\"f01c1a1\" data-element_type=\"section\" data-settings=\"{&quot;background_background&quot;:&quot;classic&quot;}\">\n\t\t\t\t\t\t<div class=\"elementor-container elementor-column-gap-default\">\n\t\t\t\t\t<div class=\"elementor-column elementor-col-50 elementor-top-column elementor-element elementor-element-e8793a0\" data-id=\"e8793a0\" data-element_type=\"column\">\n\t\t\t<div class=\"elementor-widget-wrap elementor-element-populated\">\n\t\t\t\t\t\t<div class=\"elementor-element elementor-element-e54f01f elementor-widget__width-initial elementor-widget elementor-widget-heading\" data-id=\"e54f01f\" data-element_type=\"widget\" data-widget_type=\"heading.default\">\n\t\t\t\t<div class=\"elementor-widget-container\">\n\t\t\t\t\t<h2 class=\"elementor-heading-title elementor-size-default\">Politique de cookies<\/h2>\t\t\t\t<\/div>\n\t\t\t\t<\/div>\n\t\t\t\t\t<\/div>\n\t\t<\/div>\n\t\t\t\t<div class=\"elementor-column elementor-col-50 elementor-top-column elementor-element elementor-element-b6e4af7\" data-id=\"b6e4af7\" data-element_type=\"column\">\n\t\t\t<div class=\"elementor-widget-wrap\">\n\t\t\t\t\t\t\t<\/div>\n\t\t<\/div>\n\t\t\t\t\t<\/div>\n\t\t<\/section>\n\t\t\t\t<section class=\"elementor-section elementor-top-section elementor-element elementor-element-2ec02ba elementor-section-boxed elementor-section-height-default elementor-section-height-default\" data-id=\"2ec02ba\" data-element_type=\"section\" data-settings=\"{&quot;background_background&quot;:&quot;classic&quot;}\">\n\t\t\t\t\t\t<div class=\"elementor-container elementor-column-gap-default\">\n\t\t\t\t\t<div class=\"elementor-column elementor-col-100 elementor-top-column elementor-element elementor-element-3ccfdeb\" data-id=\"3ccfdeb\" data-element_type=\"column\">\n\t\t\t<div class=\"elementor-widget-wrap elementor-element-populated\">\n\t\t\t\t\t\t<div class=\"elementor-element elementor-element-81c27d2 elementor-widget__width-initial elementor-widget elementor-widget-text-editor\" data-id=\"81c27d2\" data-element_type=\"widget\" data-widget_type=\"text-editor.default\">\n\t\t\t\t<div class=\"elementor-widget-container\">\n\t\t\t\t\t\t\t\t\t<p>Cette politique en mati\u00e8re de cookies a \u00e9t\u00e9 mise \u00e0 jour pour la derni\u00e8re fois le 14 mai 2021 et s\u2019applique aux citoyens de l\u2019Espace \u00e9conomique europ\u00e9en.<\/p>\n<h2>INTRODUCTION<\/h2>\n<p>Notre site Web, https:\/\/poolconcept.live-website.com (ci-apr\u00e8s : \u00ab le site Web \u00bb) utilise des cookies et d\u2019autres technologies connexes (pour plus de commodit\u00e9, toutes les technologies seront appel\u00e9es \u00ab cookies \u00bb). Des cookies peuvent \u00e9galement \u00eatre plac\u00e9s par des tiers que nous avons engag\u00e9s. Dans le document suivant, nous vous informons de l\u2019utilisation de cookies sur notre site web.<\/p>\n<h2>QUE SONT LES COOKIES ?<\/h2>\n<p>Un cookie est un petit fichier qui est envoy\u00e9 avec les pages de ce site web et stock\u00e9 par votre navigateur sur le disque dur de votre ordinateur ou autre appareil. Les informations stock\u00e9es peuvent \u00eatre renvoy\u00e9es \u00e0 nos serveurs ou aux serveurs des tiers concern\u00e9s lors d\u2019une visite ult\u00e9rieure.<\/p>\n<h2>QUE SONT LES SCRIPTS ?<\/h2>\n<p>Un script est un morceau de code de programme qui est utilis\u00e9 pour faire fonctionner notre site Web correctement et de mani\u00e8re interactive. Ce code s\u2019ex\u00e9cute sur notre serveur ou sur votre appareil.<\/p>\n<h2>QU\u2019EST-CE QU\u2019UNE BALISE WEB ?<\/h2>\n<p>Une balise Web (ou pixel invisible) est un petit morceau de texte ou d\u2019image invisible sur un site Web qui est utilis\u00e9 pour surveiller le trafic sur le site Web. \u00c0 cette fin, diverses donn\u00e9es vous concernant sont stock\u00e9es \u00e0 l\u2019aide de ces balises Web.<\/p>\n<h2>CONSENTEMENT<\/h2>\n<p>Lorsque vous visitez notre site Web pour la premi\u00e8re fois, nous vous montrerons une fen\u00eatre contextuelle avec une explication sur les cookies. D\u00e8s que vous cliquez sur \u00ab Tous les cookies \u00bb, vous nous autorisez \u00e0 utiliser tous les cookies et plug-ins comme d\u00e9crit dans la fen\u00eatre contextuelle et dans la pr\u00e9sente politique en mati\u00e8re de cookies. Vous pouvez d\u00e9sactiver l\u2019utilisation des cookies via votre navigateur, mais veuillez noter que notre site Web peut ne plus fonctionner correctement.  <\/p>\n<h2>COOKIES<\/h2>\n<p><strong>Cookies techniques ou fonctionnels<\/strong><br \/>Certains cookies garantissent le bon fonctionnement de certaines parties du site web et la prise en compte de vos pr\u00e9f\u00e9rences d\u2019utilisateur. En pla\u00e7ant des cookies fonctionnels, nous facilitons votre visite sur notre site web. De cette fa\u00e7on, vous n\u2019avez pas besoin de saisir \u00e0 plusieurs reprises les m\u00eames informations lorsque vous visitez notre site Web et, par exemple, les articles restent dans votre panier jusqu\u2019\u00e0 ce que vous ayez pay\u00e9. Nous pouvons placer ces cookies sans votre consentement.<\/p>\n<p><strong>Cookies analytiques<\/strong><br \/>Nous utilisons des cookies analytiques pour optimiser l\u2019exp\u00e9rience du site Web pour nos utilisateurs. Gr\u00e2ce \u00e0 ces cookies analytiques, nous obtenons des informations sur l\u2019utilisation de notre site web. Nous vous demandons l\u2019autorisation d\u2019ins\u00e9rer des cookies analytiques.<\/p>\n<p><strong>Cookies publicitaires<\/strong><br \/>Nous n\u2019utilisons pas de cookies publicitaires sur ce site web.<\/p>\n<p><strong>Boutons de m\u00e9dias sociaux<\/strong><br \/>Sur notre site web, nous avons inclus des boutons pour Facebook et pour pouvoir partager ou faire de la publicit\u00e9 pour des pages (par exemple, \u00ab&nbsp;j\u2019aime&nbsp;\u00bb, \u00ab&nbsp;\u00e9pingler&nbsp;\u00bb) ou les partager (par exemple, \u00ab&nbsp;facebook&nbsp;\u00bb) sur des r\u00e9seaux sociaux tels que Facebook. Ces boutons fonctionnent en utilisant le code Facebook eux-m\u00eames. Ce code int\u00e8gre des cookies. Ces boutons de m\u00e9dias sociaux peuvent stocker et traiter certaines informations, afin qu\u2019une publicit\u00e9 personnalis\u00e9e puisse \u00eatre affich\u00e9e.<br \/>Veuillez lire la politique de confidentialit\u00e9 de ces r\u00e9seaux sociaux (qui peut changer fr\u00e9quemment) pour savoir ce qu\u2019ils font de vos donn\u00e9es (personnelles) qu\u2019ils traitent \u00e0 l\u2019aide de ces cookies. Les donn\u00e9es qu\u2019ils re\u00e7oivent sont anonymis\u00e9es autant que possible. Facebook est situ\u00e9 aux \u00c9tats-Unis.<\/p>\n<\/p>\n<h2><span id=\"7_Cookies_usadas\">COOKIES UTILIS\u00c9S<\/span><\/h2>\n<h4><span id=\"Google_Analytics\">Google Analytics<\/span><\/h4>\n<p>Nous utilisons Google Analytics pour les statistiques du site Web. En savoir plus<\/p>\n<table>\n<tbody>\n<tr>\n<td>Fonction<\/td>\n<td>de conservation des<\/td>\n<td>noms<\/td>\n<\/tr>\n<tr>\n<td><b>Statistiques (anonymes)<\/b><\/td>\n<td> <\/td>\n<td> <\/td>\n<\/tr>\n<tr>\n<td>_ga<\/td>\n<td>2 ans<\/td>\n<td> <\/td>\n<\/tr>\n<tr>\n<td>_gid<\/td>\n<td>1 jour<\/td>\n<td>de comptage et de suivi des pages vues<\/td>\n<\/tr>\n<tr>\n<td><b>Statistiques<\/b><\/td>\n<td> <\/td>\n<td> <\/td>\n<\/tr>\n<tr>\n<td>_gat_UA-*<\/td>\n<td>s\u00e9ance<\/td>\n<td> <\/td>\n<\/tr>\n<\/tbody>\n<\/table>\n<h5><span id=\"Compartir\">Partager<\/span><\/h5>\n<p>Pour plus d\u2019informations, veuillez lire la politique de confidentialit\u00e9 de Google Analytics.<\/p>\n<h4><span id=\"Cookie_Notice_for_GDPR\">Avis sur les cookies pour le RGPD<\/span><\/h4>\n<p>Nous utilisons l\u2019Avis sur les cookies pour le RGPD pour g\u00e9rer le consentement aux cookies. En savoir plus<\/p>\n<table>\n<tbody>\n<tr>\n<td>Fonction<\/td>\n<td>de conservation des<\/td>\n<td>noms<\/td>\n<\/tr>\n<tr>\n<td><b>Fonctionnel<\/b><\/td>\n<td> <\/td>\n<td> <\/td>\n<\/tr>\n<tr>\n<td>Persistance cookie_notice_accepted<\/td>\n<td><\/td>\n<td>V\u00e9rifier si des cookies peuvent \u00eatre install\u00e9s<\/td>\n<\/tr>\n<\/tbody>\n<\/table>\n<h5><span id=\"Compartir1\">Partager<\/span><\/h5>\n<p>Ces donn\u00e9es ne sont pas partag\u00e9es avec des tiers.<\/p>\n<h4><span id=\"Divi_Elegant_Themes\">Divi (th\u00e8mes \u00e9l\u00e9gants)<\/span><\/h4>\n<p>Nous utilisons Divi (Elegant Themes) pour la conception de la boutique en ligne. En savoir plus<\/p>\n<table>\n<tbody>\n<tr>\n<td>Fonction<\/td>\n<td>de conservation des<\/td>\n<td>noms<\/td>\n<\/tr>\n<tr>\n<td><b>Fonctionnel<\/b><\/td>\n<td> <\/td>\n<td> <\/td>\n<\/tr>\n<tr>\n<td>et-pb-recent-items-persistent font_family<\/td>\n<td><\/td>\n<td>Fournir des fonctionnalit\u00e9s entre les pages<\/td>\n<\/tr>\n<tr>\n<td>et-pb-recent-items-colors<\/td>\n<td>persistent<\/td>\n<td>Fournir des fonctionnalit\u00e9s entre les pages<\/td>\n<\/tr>\n<tr>\n<td>et_builder_product_version<\/td>\n<td>sesi\u00f3n<\/td>\n<td>Stocker un num\u00e9ro de version pour les mises \u00e0 jour<\/td>\n<\/tr>\n<tr>\n<td>et_fb_clipboard_styles_style<\/td>\n<td> <\/td>\n<td> <\/td>\n<\/tr>\n<tr>\n<td>et_fb_module_data<\/td>\n<td>fournir des<\/td>\n<td>fonctionnalit\u00e9s entre les pages<\/td>\n<\/tr>\n<tr>\n<td>et_fb_clipboard_module_row<\/td>\n<td> <\/td>\n<td> <\/td>\n<\/tr>\n<tr>\n<td>et_fb_clipboard_module_section<\/td>\n<td> <\/td>\n<td> <\/td>\n<\/tr>\n<tr>\n<td><b>Objectif : Recherche en attente<\/b><\/td>\n<td> <\/td>\n<td> <\/td>\n<\/tr>\n<tr>\n<td>et-saved-post-*<\/td>\n<td> <\/td>\n<td> <\/td>\n<\/tr>\n<tr>\n<td>et-saved-post-*<\/td>\n<td> <\/td>\n<td> <\/td>\n<\/tr>\n<tr>\n<td>et-recommande-sync-post-*<\/td>\n<td> <\/td>\n<td> <\/td>\n<\/tr>\n<tr>\n<td>et-editing-post-*<\/td>\n<td> <\/td>\n<td> <\/td>\n<\/tr>\n<tr>\n<td>et-saved-post-*<\/td>\n<td> <\/td>\n<td> <\/td>\n<\/tr>\n<\/tbody>\n<\/table>\n<h5><span id=\"Compartir2\">Partager<\/span><\/h5>\n<p>Ces donn\u00e9es ne sont pas partag\u00e9es avec des tiers.<\/p>\n<\/p>\n<h4><span id=\"ET_Editor\">Editeur ET<\/span><\/h4>\n<p>Nous utilisons ET Editor pour la conception de la boutique en ligne. En savoir plus<\/p>\n<table>\n<tbody>\n<tr>\n<td>Fonction<\/td>\n<td>de conservation des<\/td>\n<td>noms<\/td>\n<\/tr>\n<tr>\n<td><b>Objectif : Recherche en attente<\/b><\/td>\n<td> <\/td>\n<td> <\/td>\n<\/tr>\n<tr>\n<td>et-editor-available-post-*<\/td>\n<td> <\/td>\n<td> <\/td>\n<\/tr>\n<\/tbody>\n<\/table>\n<h5><span id=\"Compartir5\">Partager<\/span><\/h5>\n<p>Ces donn\u00e9es ne sont pas partag\u00e9es avec des tiers.<\/p>\n<h4><span id=\"WordPress\">WordPress<\/span><\/h4>\n<p>Nous utilisons WordPress pour le d\u00e9veloppement de sites Web. En savoir plus<\/p>\n<table>\n<tbody>\n<tr>\n<td>Fonction<\/td>\n<td>de conservation des<\/td>\n<td>noms<\/td>\n<\/tr>\n<tr>\n<td><b>Fonctionnel<\/b><\/td>\n<td> <\/td>\n<td> <\/td>\n<\/tr>\n<tr>\n<td>wordpress_logged_in_*<\/td>\n<td>persistant<\/td>\n<td>Garder les utilisateurs connect\u00e9s<\/td>\n<\/tr>\n<tr>\n<td>wp-saving-post<\/td>\n<td>1 jour<\/td>\n<td>Enregistrer automatiquement un message dans l\u2019\u00e9diteur<\/td>\n<\/tr>\n<tr>\n<td>wp-api-schema-model*<\/td>\n<td>session<\/td>\n<td> <\/td>\n<\/tr>\n<\/tbody>\n<\/table>\n<h5><span id=\"Compartir6\">Partager<\/span><\/h5>\n<p>Ces donn\u00e9es ne sont pas partag\u00e9es avec des tiers.<\/p>\n<h4><span id=\"Wistia\">Wistia<\/span><\/h4>\n<p>Nous utilisons Wistia pour montrer la vid\u00e9o. En savoir plus<\/p>\n<table>\n<tbody>\n<tr>\n<td>Fonction<\/td>\n<td>de conservation des<\/td>\n<td>noms<\/td>\n<\/tr>\n<tr>\n<td><b>Statistiques<\/b><\/td>\n<td> <\/td>\n<td> <\/td>\n<\/tr>\n<tr>\n<td>wistia-video-progress-*<\/td>\n<td>persistente Stocke<\/td>\n<td>si l\u2019utilisateur a vu du contenu int\u00e9gr\u00e9<\/td>\n<\/tr>\n<tr>\n<td><b>Marketing\/Suivi<\/b><\/td>\n<td> <\/td>\n<td> <\/td>\n<\/tr>\n<tr>\n<td>Wistia<\/td>\n<td> persistant <\/td>\n<td>Enregistrer les actions effectu\u00e9es par les utilisateurs sur le site<\/td>\n<\/tr>\n<tr>\n<td><b>Objectif : Recherche en attente<\/b><\/td>\n<td> <\/td>\n<td> <\/td>\n<\/tr>\n<tr>\n<td>wistia-video-progress-*<\/td>\n<td>persistant<\/td>\n<td> <\/td>\n<\/tr>\n<tr>\n<td>wistia-video-progress-*<\/td>\n<td>persistant<\/td>\n<td> <\/td>\n<\/tr>\n<tr>\n<td>wistia-video-progress-*<\/td>\n<td>persistant<\/td>\n<td> <\/td>\n<\/tr>\n<\/tbody>\n<\/table>\n<h5><span id=\"Compartir7\">Partager<\/span><\/h5>\n<p>Pour plus d\u2019informations, veuillez lire la politique de confidentialit\u00e9.<\/p>\n<h4><span id=\"Google_Fonts\">Polices Google<\/span><\/h4>\n<p>Nous utilisons Google Fonts pour afficher les polices Web. En savoir plus<\/p>\n<table>\n<tbody>\n<tr>\n<td>Fonction<\/td>\n<td>de conservation des<\/td>\n<td>noms<\/td>\n<\/tr>\n<tr>\n<td><b>Marketing\/Suivi<\/b><\/td>\n<td> <\/td>\n<td> <\/td>\n<\/tr>\n<tr>\n<td>API Google Fonts<\/td>\n<td>Rien<\/td>\n<td>Demander l\u2019adresse IP de l\u2019utilisateur<\/td>\n<\/tr>\n<\/tbody>\n<\/table>\n<h5><span id=\"Compartir8\">Partager<\/span><\/h5>\n<p>Pour plus d\u2019informations, veuillez lire la politique de confidentialit\u00e9 de Google Fonts.<\/p>\n<h4><span id=\"Google_Tag_Manager\">Gestionnaire de balises Google<\/span><\/h4>\n<p>Nous utilisons Google Tag Manager pour les statistiques du site web. En savoir plus<\/p>\n<table>\n<tbody>\n<tr>\n<td>Fonction<\/td>\n<td>de conservation des<\/td>\n<td>noms<\/td>\n<\/tr>\n<tr>\n<td><b>Marketing\/Suivi<\/b><\/td>\n<td> <\/td>\n<td> <\/td>\n<\/tr>\n<tr>\n<td>_gcl_au<\/td>\n<td>des<\/td>\n<td>conversions persistantes sur le Windows Store et le suivi<\/td>\n<\/tr>\n<\/tbody>\n<\/table>\n<h5><span id=\"Compartir10\">Partager<\/span><\/h5>\n<p>Pour plus d\u2019informations, veuillez consulter les R\u00e8gles de confidentialit\u00e9 de Google Tag Manager.<\/p>\n<h4><span id=\"Google_reCAPTCHA\">Google reCAPTCHA<\/span><\/h4>\n<p>Nous utilisons Google reCAPTCHA pour la pr\u00e9vention du spam. En savoir plus<\/p>\n<table>\n<tbody>\n<tr>\n<td>Fonction<\/td>\n<td>de conservation des<\/td>\n<td>noms<\/td>\n<\/tr>\n<tr>\n<td><b>Marketing\/Suivi<\/b><\/td>\n<td> <\/td>\n<td> <\/td>\n<\/tr>\n<tr>\n<td>Session rc&nbsp;::c<\/td>\n<td><\/td>\n<td>Filtrer les requ\u00eates des bots<\/td>\n<\/tr>\n<tr>\n<td>rc&nbsp;::b<\/td>\n<td>session<\/td>\n<td>Filtrer les requ\u00eates des bots<\/td>\n<\/tr>\n<tr>\n<td>rc&nbsp;::a<\/td>\n<td>Demandes de<\/td>\n<td>filtrage persistantes des bots<\/td>\n<\/tr>\n<\/tbody>\n<\/table>\n<h5><span id=\"Compartir11\">Partager<\/span><\/h5>\n<p>Pour plus d\u2019informations, veuillez lire la politique de confidentialit\u00e9 de Google reCAPTCHA.<\/p>\n<\/p>\n<h4><span id=\"Miscelaneas\">Divers<\/span><\/h4>\n<table>\n<tbody>\n<tr>\n<td>Fonction<\/td>\n<td>de conservation des<\/td>\n<td>noms<\/td>\n<\/tr>\n<tr>\n<td><b>Objectif : Recherche en attente<\/b><\/td>\n<td> <\/td>\n<td> <\/td>\n<\/tr>\n<tr>\n<td>Ind\u00e9fini<\/td>\n<td> <\/td>\n<td> <\/td>\n<\/tr>\n<tr>\n<td>niveau de journalisation<\/td>\n<td> <\/td>\n<td> <\/td>\n<\/tr>\n<tr>\n<td>etfb-autosave-*<\/td>\n<td> <\/td>\n<td> <\/td>\n<\/tr>\n<tr>\n<td>aam-sujet<\/td>\n<td> <\/td>\n<td> <\/td>\n<\/tr>\n<tr>\n<td>_hjAbsoluteSessionInProgress<\/td>\n<td> <\/td>\n<td> <\/td>\n<\/tr>\n<\/tbody>\n<\/table>\n<h5><span id=\"Compartir13\">Partager<\/span><\/h5>\n<p>Ces donn\u00e9es ne sont pas partag\u00e9es avec des tiers.<\/p>\n<h2><span id=\"8_Sus_derechos_con_respecto_a_los_datos_personales\">VOS DROITS EN MATI\u00c8RE DE DONN\u00c9ES PERSONNELLES<\/span><\/h2>\n<p>Vous disposez des droits suivants en ce qui concerne vos donn\u00e9es personnelles :<\/p>\n<ul>\n<li>Vous avez le droit de savoir pourquoi vos donn\u00e9es personnelles sont n\u00e9cessaires, ce qu\u2019il adviendra d\u2019elles et combien de temps elles seront conserv\u00e9es.<\/li>\n<li>Droit d\u2019acc\u00e8s : Vous avez le droit d\u2019acc\u00e9der aux donn\u00e9es personnelles que nous connaissons \u00e0 votre sujet.<\/li>\n<li>Droit de rectification : Vous avez le droit de compl\u00e9ter, de rectifier, d\u2019effacer ou de bloquer vos donn\u00e9es personnelles \u00e0 tout moment.<\/li>\n<li>Si vous nous donnez votre consentement pour traiter vos donn\u00e9es, vous avez le droit de r\u00e9voquer ce consentement et de faire supprimer vos donn\u00e9es personnelles.<\/li>\n<li>Droit de transf\u00e9rer vos donn\u00e9es : Vous avez le droit de demander toutes vos donn\u00e9es personnelles au responsable du traitement et de les transf\u00e9rer int\u00e9gralement \u00e0 un autre responsable du traitement.<\/li>\n<li>Droit d\u2019opposition : vous pouvez vous opposer au traitement de vos donn\u00e9es. Nous nous y conformons, sauf s\u2019il existe des motifs justifi\u00e9s pour le traitement.<\/li>\n<\/ul>\n<p>Pour exercer ces droits, veuillez nous contacter. Veuillez vous r\u00e9f\u00e9rer aux coordonn\u00e9es au bas de cette d\u00e9claration sur les cookies. Si vous avez des plaintes concernant la mani\u00e8re dont nous traitons vos donn\u00e9es, nous aimerions avoir de vos nouvelles, mais vous avez \u00e9galement le droit de d\u00e9poser une plainte aupr\u00e8s de l\u2019autorit\u00e9 de contr\u00f4le (l\u2019Autorit\u00e9 de protection des donn\u00e9es).<\/p>\n<h2><span id=\"9_Habilitaciondeshabilitacion_y_eliminacion_de_cookies\">ACTIVER\/D\u00c9SACTIVER ET SUPPRIMER LES COOKIES<\/span><\/h2>\n<p>Vous pouvez utiliser votre navigateur Internet pour supprimer les cookies automatiquement ou manuellement. Vous pouvez \u00e9galement sp\u00e9cifier que certains cookies ne peuvent pas \u00eatre plac\u00e9s. Une autre option consiste \u00e0 modifier les param\u00e8tres de votre navigateur Internet afin de recevoir un message chaque fois qu\u2019un cookie est plac\u00e9. Pour plus d\u2019informations sur ces options, veuillez vous r\u00e9f\u00e9rer aux instructions de la section Aide de votre navigateur.<\/p>\n<p>Veuillez noter que notre site Web peut ne pas fonctionner correctement si tous les cookies sont d\u00e9sactiv\u00e9s. Si vous supprimez les cookies de votre navigateur, ils seront replac\u00e9s apr\u00e8s votre consentement lorsque vous reviendrez sur nos sites Web.<\/p>\n<h2><span id=\"10_Detalles_de_contacto\">COORDONN\u00c9ES<\/span><\/h2>\n<\/p>\n<p>Pour toute question et\/ou commentaire sur notre politique en mati\u00e8re de cookies et cette d\u00e9claration, veuillez nous contacter en utilisant les coordonn\u00e9es ci-dessous :<\/p>\n<p>Easypool, S.L. \u2013 CIF : B87733697<br \/>C\/ Caraba\u00f1a, 32. 28925 Alcorc\u00f3n (Madrid-Espagne)<br \/>Site Web : <a href=\"https:\/\/poolconcept.live-website.com\/fr\/\">https:\/\/poolconcept.live-website.com\/<\/a><br \/>Courriel : <a href=\"mailto:info@poolconcept.live-website.com\">info@poolconcept.live-website.com<\/a><br \/>Num\u00e9ro de t\u00e9l\u00e9phone : (+34) 91 819 55 01<\/p><\/p>\n\t\t\t\t\t\t\t\t<\/div>\n\t\t\t\t<\/div>\n\t\t\t\t\t<\/div>\n\t\t<\/div>\n\t\t\t\t\t<\/div>\n\t\t<\/section>\n\t\t\t\t<\/div>\n\t\t","protected":false},"excerpt":{"rendered":"<p>Politique de cookies Cette politique en mati\u00e8re de cookies a \u00e9t\u00e9 mise \u00e0 jour pour la derni\u00e8re fois le 14 mai 2021 et s\u2019applique aux citoyens de l\u2019Espace \u00e9conomique europ\u00e9en. INTRODUCTION Notre site Web, https:\/\/poolconcept.live-website.com (ci-apr\u00e8s : \u00ab le site Web \u00bb) utilise des cookies et d\u2019autres technologies connexes (pour plus de commodit\u00e9, toutes les [&hellip;]<\/p>\n","protected":false},"author":2,"featured_media":0,"parent":0,"menu_order":0,"comment_status":"closed","ping_status":"closed","template":"elementor_header_footer","meta":{"footnotes":""},"class_list":["post-276700","page","type-page","status-publish","hentry"],"yoast_head":"<!-- This site is optimized with the Yoast SEO plugin v24.5 - https:\/\/yoast.com\/wordpress\/plugins\/seo\/ -->\n<title>Politique de cookies - Poolconcept<\/title>\n<meta name=\"description\" content=\"En savoir plus sur la politique de cookies de notre soci\u00e9t\u00e9 - Sp\u00e9cialistes des couvertures de piscine\" \/>\n<meta name=\"robots\" content=\"noindex, follow\" \/>\n<meta property=\"og:locale\" content=\"fr_FR\" \/>\n<meta property=\"og:type\" content=\"article\" \/>\n<meta property=\"og:title\" content=\"Politique de cookies - Poolconcept\" \/>\n<meta property=\"og:description\" content=\"En savoir plus sur la politique de cookies de notre soci\u00e9t\u00e9 - Sp\u00e9cialistes des couvertures de piscine\" \/>\n<meta property=\"og:url\" content=\"https:\/\/poolconcept.live-website.com\/fr\/politique-de-cookies\/\" \/>\n<meta property=\"og:site_name\" content=\"Poolconcept - Cubiertas transitables para Piscinas\" \/>\n<meta property=\"article:modified_time\" content=\"2024-05-21T18:52:46+00:00\" \/>\n<meta name=\"twitter:card\" content=\"summary_large_image\" \/>\n<meta name=\"twitter:label1\" content=\"Dur\u00e9e de lecture estim\u00e9e\" \/>\n\t<meta name=\"twitter:data1\" content=\"8 minutes\" \/>\n<script type=\"application\/ld+json\" class=\"yoast-schema-graph\">{\"@context\":\"https:\/\/schema.org\",\"@graph\":[{\"@type\":\"WebPage\",\"@id\":\"https:\/\/poolconcept.live-website.com\/fr\/politique-de-cookies\/\",\"url\":\"https:\/\/poolconcept.live-website.com\/fr\/politique-de-cookies\/\",\"name\":\"Politique de cookies - Poolconcept\",\"isPartOf\":{\"@id\":\"https:\/\/poolconcept.live-website.com\/fr\/#website\"},\"datePublished\":\"2023-03-31T12:06:54+00:00\",\"dateModified\":\"2024-05-21T18:52:46+00:00\",\"description\":\"En savoir plus sur la politique de cookies de notre soci\u00e9t\u00e9 - Sp\u00e9cialistes des couvertures de piscine\",\"breadcrumb\":{\"@id\":\"https:\/\/poolconcept.live-website.com\/fr\/politique-de-cookies\/#breadcrumb\"},\"inLanguage\":\"fr-FR\",\"potentialAction\":[{\"@type\":\"ReadAction\",\"target\":[\"https:\/\/poolconcept.live-website.com\/fr\/politique-de-cookies\/\"]}]},{\"@type\":\"BreadcrumbList\",\"@id\":\"https:\/\/poolconcept.live-website.com\/fr\/politique-de-cookies\/#breadcrumb\",\"itemListElement\":[{\"@type\":\"ListItem\",\"position\":1,\"name\":\"Portada\",\"item\":\"https:\/\/poolconcept.live-website.com\/fr\/\"},{\"@type\":\"ListItem\",\"position\":2,\"name\":\"Politique de cookies\"}]},{\"@type\":\"WebSite\",\"@id\":\"https:\/\/poolconcept.live-website.com\/fr\/#website\",\"url\":\"https:\/\/poolconcept.live-website.com\/fr\/\",\"name\":\"Poolconcept - Cubiertas transitables para Piscinas\",\"description\":\"\",\"potentialAction\":[{\"@type\":\"SearchAction\",\"target\":{\"@type\":\"EntryPoint\",\"urlTemplate\":\"https:\/\/poolconcept.live-website.com\/fr\/?s={search_term_string}\"},\"query-input\":{\"@type\":\"PropertyValueSpecification\",\"valueRequired\":true,\"valueName\":\"search_term_string\"}}],\"inLanguage\":\"fr-FR\"}]}<\/script>\n<!-- \/ Yoast SEO plugin. -->","yoast_head_json":{"title":"Politique de cookies - Poolconcept","description":"En savoir plus sur la politique de cookies de notre soci\u00e9t\u00e9 - Sp\u00e9cialistes des couvertures de piscine","robots":{"index":"noindex","follow":"follow"},"og_locale":"fr_FR","og_type":"article","og_title":"Politique de cookies - Poolconcept","og_description":"En savoir plus sur la politique de cookies de notre soci\u00e9t\u00e9 - Sp\u00e9cialistes des couvertures de piscine","og_url":"https:\/\/poolconcept.live-website.com\/fr\/politique-de-cookies\/","og_site_name":"Poolconcept - Cubiertas transitables para Piscinas","article_modified_time":"2024-05-21T18:52:46+00:00","twitter_card":"summary_large_image","twitter_misc":{"Dur\u00e9e de lecture estim\u00e9e":"8 minutes"},"schema":{"@context":"https:\/\/schema.org","@graph":[{"@type":"WebPage","@id":"https:\/\/poolconcept.live-website.com\/fr\/politique-de-cookies\/","url":"https:\/\/poolconcept.live-website.com\/fr\/politique-de-cookies\/","name":"Politique de cookies - Poolconcept","isPartOf":{"@id":"https:\/\/poolconcept.live-website.com\/fr\/#website"},"datePublished":"2023-03-31T12:06:54+00:00","dateModified":"2024-05-21T18:52:46+00:00","description":"En savoir plus sur la politique de cookies de notre soci\u00e9t\u00e9 - Sp\u00e9cialistes des couvertures de piscine","breadcrumb":{"@id":"https:\/\/poolconcept.live-website.com\/fr\/politique-de-cookies\/#breadcrumb"},"inLanguage":"fr-FR","potentialAction":[{"@type":"ReadAction","target":["https:\/\/poolconcept.live-website.com\/fr\/politique-de-cookies\/"]}]},{"@type":"BreadcrumbList","@id":"https:\/\/poolconcept.live-website.com\/fr\/politique-de-cookies\/#breadcrumb","itemListElement":[{"@type":"ListItem","position":1,"name":"Portada","item":"https:\/\/poolconcept.live-website.com\/fr\/"},{"@type":"ListItem","position":2,"name":"Politique de cookies"}]},{"@type":"WebSite","@id":"https:\/\/poolconcept.live-website.com\/fr\/#website","url":"https:\/\/poolconcept.live-website.com\/fr\/","name":"Poolconcept - Cubiertas transitables para Piscinas","description":"","potentialAction":[{"@type":"SearchAction","target":{"@type":"EntryPoint","urlTemplate":"https:\/\/poolconcept.live-website.com\/fr\/?s={search_term_string}"},"query-input":{"@type":"PropertyValueSpecification","valueRequired":true,"valueName":"search_term_string"}}],"inLanguage":"fr-FR"}]}},"_links":{"self":[{"href":"https:\/\/poolconcept.live-website.com\/fr\/wp-json\/wp\/v2\/pages\/276700","targetHints":{"allow":["GET"]}}],"collection":[{"href":"https:\/\/poolconcept.live-website.com\/fr\/wp-json\/wp\/v2\/pages"}],"about":[{"href":"https:\/\/poolconcept.live-website.com\/fr\/wp-json\/wp\/v2\/types\/page"}],"author":[{"embeddable":true,"href":"https:\/\/poolconcept.live-website.com\/fr\/wp-json\/wp\/v2\/users\/2"}],"replies":[{"embeddable":true,"href":"https:\/\/poolconcept.live-website.com\/fr\/wp-json\/wp\/v2\/comments?post=276700"}],"version-history":[{"count":0,"href":"https:\/\/poolconcept.live-website.com\/fr\/wp-json\/wp\/v2\/pages\/276700\/revisions"}],"wp:attachment":[{"href":"https:\/\/poolconcept.live-website.com\/fr\/wp-json\/wp\/v2\/media?parent=276700"}],"curies":[{"name":"wp","href":"https:\/\/api.w.org\/{rel}","templated":true}]}}