{"id":276707,"date":"2023-03-31T12:08:29","date_gmt":"2023-03-31T12:08:29","guid":{"rendered":"https:\/\/poolconcept.live-website.com\/conditions-generales\/"},"modified":"2024-05-21T18:52:59","modified_gmt":"2024-05-21T18:52:59","slug":"conditions-generales","status":"publish","type":"page","link":"https:\/\/poolconcept.live-website.com\/fr\/conditions-generales\/","title":{"rendered":"Conditions g\u00e9n\u00e9rales"},"content":{"rendered":"\t\t<div data-elementor-type=\"wp-page\" data-elementor-id=\"276707\" class=\"elementor elementor-276707 elementor-274576\" data-elementor-post-type=\"page\">\n\t\t\t\t\t\t<section class=\"elementor-section elementor-top-section elementor-element elementor-element-6b35223 elementor-section-height-min-height elementor-section-boxed elementor-section-height-default elementor-section-items-middle\" data-id=\"6b35223\" data-element_type=\"section\" data-settings=\"{&quot;background_background&quot;:&quot;classic&quot;}\">\n\t\t\t\t\t\t<div class=\"elementor-container elementor-column-gap-default\">\n\t\t\t\t\t<div class=\"elementor-column elementor-col-50 elementor-top-column elementor-element elementor-element-e1a9588\" data-id=\"e1a9588\" data-element_type=\"column\">\n\t\t\t<div class=\"elementor-widget-wrap elementor-element-populated\">\n\t\t\t\t\t\t<div class=\"elementor-element elementor-element-30af9f7 elementor-widget__width-initial elementor-widget elementor-widget-heading\" data-id=\"30af9f7\" data-element_type=\"widget\" data-widget_type=\"heading.default\">\n\t\t\t\t<div class=\"elementor-widget-container\">\n\t\t\t\t\t<h2 class=\"elementor-heading-title elementor-size-default\">Conditions g\u00e9n\u00e9rales<\/h2>\t\t\t\t<\/div>\n\t\t\t\t<\/div>\n\t\t\t\t\t<\/div>\n\t\t<\/div>\n\t\t\t\t<div class=\"elementor-column elementor-col-50 elementor-top-column elementor-element elementor-element-5a31111\" data-id=\"5a31111\" data-element_type=\"column\">\n\t\t\t<div class=\"elementor-widget-wrap\">\n\t\t\t\t\t\t\t<\/div>\n\t\t<\/div>\n\t\t\t\t\t<\/div>\n\t\t<\/section>\n\t\t\t\t<section class=\"elementor-section elementor-top-section elementor-element elementor-element-c9e85ec elementor-section-boxed elementor-section-height-default elementor-section-height-default\" data-id=\"c9e85ec\" data-element_type=\"section\" data-settings=\"{&quot;background_background&quot;:&quot;classic&quot;}\">\n\t\t\t\t\t\t<div class=\"elementor-container elementor-column-gap-default\">\n\t\t\t\t\t<div class=\"elementor-column elementor-col-100 elementor-top-column elementor-element elementor-element-ba80e30\" data-id=\"ba80e30\" data-element_type=\"column\">\n\t\t\t<div class=\"elementor-widget-wrap elementor-element-populated\">\n\t\t\t\t\t\t<div class=\"elementor-element elementor-element-e1b2752 elementor-widget__width-initial elementor-widget elementor-widget-text-editor\" data-id=\"e1b2752\" data-element_type=\"widget\" data-widget_type=\"text-editor.default\">\n\t\t\t\t<div class=\"elementor-widget-container\">\n\t\t\t\t\t\t\t\t\t<h2>CONDITIONS D\u2019UTILISATION<\/h2>\n<\/p>\n<p>Conditions applicables \u00e0 tous les utilisateurs\/clients de Poolconcept\u00ae<br \/>lors de l\u2019utilisation ou de la souscription de nos services. Objet<br \/>Par le biais du site web https:\/\/poolconcept.live-website.com, Poolconcept\u00ae fournit \u00e0 l\u2019utilisateur l\u2019acc\u00e8s \u00e0 divers services, contenus, informations et donn\u00e9es mis \u00e0 disposition par Poolconcept\u00ae sous le nom d\u2019entreprise Easypool, S.L. \u2013 CIF : B83322917. Ce document r\u00e9glemente l\u2019acc\u00e8s au site web auquel vous venez d\u2019acc\u00e9der. Cette section d\u00e9taille les principaux aspects juridiques \u00e0 prendre en compte pour l\u2019utilisation de ce site web. En utilisant ou en acc\u00e9dant \u00e0 ce site Web, vous reconnaissez et acceptez les avertissements l\u00e9gaux et les conditions \u00e9nonc\u00e9es ci-dessous. L\u2019acceptation des mentions l\u00e9gales sera contractuelle. De m\u00eame, ce document peut \u00eatre modifi\u00e9 sans pr\u00e9avis, et sans que l\u2019utilisateur ne soit dispens\u00e9 des nouvelles conditions qui pourraient \u00eatre ajout\u00e9es. L\u2019utilisation du site Web conf\u00e8re la condition d\u2019utilisateur et implique votre acceptation pleine et sans r\u00e9serve de chacune des dispositions incluses dans le pr\u00e9sent avis juridique, c\u2019est pourquoi si vous n\u2019\u00eates pas d\u2019accord avec l\u2019une des conditions \u00e9tablies dans les pr\u00e9sentes, vous ne devez pas utiliser\/acc\u00e9der\/contracter ce site Web.<\/p>\n<\/p>\n<h2>CONDITIONS D\u2019ACC\u00c8S<\/h2>\n<\/p>\n<p>En g\u00e9n\u00e9ral, l\u2019acc\u00e8s aux informations sur les diff\u00e9rents produits et services disponibles sur le site web, ainsi que sa navigation, seront gratuits, et donc les utilisateurs ne seront pas tenus de s\u2019inscrire avec la livraison de leurs donn\u00e9es personnelles, ni l\u2019utilisation de mots de passe ou de mots de passe.<br \/>L\u2019utilisateur s\u2019engage \u00e0 faire un usage appropri\u00e9 et licite du site Web et des contenus, conform\u00e9ment \u00e0 la l\u00e9gislation applicable, aux pr\u00e9sentes conditions g\u00e9n\u00e9rales d\u2019utilisation du site Web, \u00e0 la morale g\u00e9n\u00e9ralement accept\u00e9e et aux bonnes m\u0153urs et \u00e0 l\u2019ordre public.<\/p>\n<p>L\u2019Utilisateur s\u2019engage \u00e0 s\u2019abstenir d\u2019utiliser le Site Web et les Services \u00e0 des fins ou effets illicites, contraires aux dispositions des pr\u00e9sentes Conditions G\u00e9n\u00e9rales, pr\u00e9judiciables aux droits et int\u00e9r\u00eats de tiers, ou qui, de quelque mani\u00e8re que ce soit, pourraient endommager, d\u00e9sactiver, surcharger ou d\u00e9t\u00e9riorer le Site Web et les Services ou emp\u00eacher l\u2019utilisation ou la jouissance normale du Site Web et des Services par les Utilisateurs. Faire un usage non autoris\u00e9 ou frauduleux du site Web et\/ou des contenus \u00e0 des fins ou effets illicites, interdits dans le pr\u00e9sent avis juridique, pr\u00e9judiciables aux droits et int\u00e9r\u00eats de tiers, ou qui, de quelque mani\u00e8re que ce soit, peuvent endommager, d\u00e9sactiver, surcharger, d\u00e9t\u00e9riorer ou emp\u00eacher l\u2019utilisation normale des services. A cet \u00e9gard, l\u2019Utilisateur s\u2019engage \u00e0 ne pas faire ce qui suit :<\/p>\n<p>Acc\u00e9der ou tenter d\u2019acc\u00e9der \u00e0 des ressources ou \u00e0 des zones restreintes du site Web, sans respecter les conditions requises pour un tel acc\u00e8s.<br \/>Introduire ou diffuser des virus informatiques ou tout autre type de syst\u00e8me physique ou logique susceptible de causer des dommages aux syst\u00e8mes physiques ou logiques de ce site Web, de ses fournisseurs ou de tiers.<br \/>Tenter d\u2019acc\u00e9der, d\u2019utiliser et\/ou de manipuler les donn\u00e9es de ce site Web, de tiers et d\u2019autres utilisateurs.<br \/>Reproduire ou copier, distribuer, permettre l\u2019acc\u00e8s du public par toute forme de communication publique, transformer ou modifier les contenus.<\/p>\n<p>Supprimer, masquer ou manipuler les avis sur les droits de propri\u00e9t\u00e9 intellectuelle ou industrielle et d\u2019autres donn\u00e9es identifiant les droits de ce site Web ou de tiers incorpor\u00e9s dans les contenus.<br \/>L\u2019utilisateur qui acc\u00e8de \u00e0 ce site Web ne peut en aucun cas copier, modifier, distribuer, transmettre, reproduire, publier, conc\u00e9der sous licence, c\u00e9der, vendre ou transmettre de quelque mani\u00e8re que ce soit, ni cr\u00e9er de nouveaux produits ou services d\u00e9riv\u00e9s des informations et des \u00e9l\u00e9ments contenus dans le pr\u00e9sent site.<br \/>Usurper l\u2019identit\u00e9 de Poolconcept\u00ae en tant que quelqu\u2019un d\u2019autre, ou ridiculiser l\u2019identit\u00e9 de Poolconcept\u00ae ou d\u2019autres.<br \/>Seule la simple exposition pour l\u2019usage personnel et non commercial de l\u2019utilisateur est autoris\u00e9e, sans pouvoir l\u2019\u00e9tendre \u00e0 des tiers ou \u00e0 des entit\u00e9s.<\/p>\n<p>Lorsque vous acc\u00e9dez aux m\u00e9dias sociaux et aux sites Web de Poolconcept\u00ae, vous confirmez que vous avez lu la pr\u00e9sente politique de confidentialit\u00e9 et la politique d\u2019utilisation et que vous acceptez les deux documents, ainsi que les lois applicables et les autres r\u00e8gles et conditions incluses dans les m\u00e9dias sociaux et les sites Web de Poolconcept\u00ae et de ses marques.<\/p>\n<p>Les m\u00e9dias sociaux et les sites Web sont destin\u00e9s \u00e0 un public \u00e2g\u00e9 et plus ; le consentement doit \u00eatre obtenu d\u2019un parent\/tuteur ou d\u2019un repr\u00e9sentant l\u00e9gal jusqu\u2019\u00e0 l\u2019\u00e2ge de [14] 16 ans.<\/p>\n<p>Poolconcept\u00ae se r\u00e9serve le droit de demander \u00e0 tout moment une preuve de consentement au parent\/tuteur ou au repr\u00e9sentant l\u00e9gal.<\/p>\n<\/p>\n<h2>CONDITIONS DU CONTRAT<\/h2>\n<\/p>\n<p>En contractant les services de Poolconcept\u00ae, le client comprend et accepte toutes les conditions g\u00e9n\u00e9rales \u00e9nonc\u00e9es sur notre site web https:\/\/poolconcept.live-website.com\/terminos-y-condiciones\/, \u00e9tant tenu \u00e0 l\u2019acceptation de chacune des parties expos\u00e9es.<\/p>\n\t\t\t\t\t\t\t\t<\/div>\n\t\t\t\t<\/div>\n\t\t\t\t\t<\/div>\n\t\t<\/div>\n\t\t\t\t\t<\/div>\n\t\t<\/section>\n\t\t\t\t<\/div>\n\t\t","protected":false},"excerpt":{"rendered":"<p>Conditions g\u00e9n\u00e9rales CONDITIONS D\u2019UTILISATION Conditions applicables \u00e0 tous les utilisateurs\/clients de Poolconcept\u00aelors de l\u2019utilisation ou de la souscription de nos services. ObjetPar le biais du site web https:\/\/poolconcept.live-website.com, Poolconcept\u00ae fournit \u00e0 l\u2019utilisateur l\u2019acc\u00e8s \u00e0 divers services, contenus, informations et donn\u00e9es mis \u00e0 disposition par Poolconcept\u00ae sous le nom d\u2019entreprise Easypool, S.L. \u2013 CIF : B83322917. [&hellip;]<\/p>\n","protected":false},"author":2,"featured_media":0,"parent":0,"menu_order":0,"comment_status":"closed","ping_status":"closed","template":"elementor_header_footer","meta":{"footnotes":""},"class_list":["post-276707","page","type-page","status-publish","hentry"],"yoast_head":"<!-- This site is optimized with the Yoast SEO plugin v24.5 - https:\/\/yoast.com\/wordpress\/plugins\/seo\/ -->\n<title>Conditions g\u00e9n\u00e9rales de notre soci\u00e9t\u00e9 de piscines<\/title>\n<meta name=\"description\" content=\"Conditions g\u00e9n\u00e9rales de notre soci\u00e9t\u00e9 de piscines et de fonds mobiles. Avec un service apr\u00e8s-vente de luxe\" \/>\n<meta name=\"robots\" content=\"noindex, follow\" \/>\n<meta property=\"og:locale\" content=\"fr_FR\" \/>\n<meta property=\"og:type\" content=\"article\" \/>\n<meta property=\"og:title\" content=\"Conditions g\u00e9n\u00e9rales de notre soci\u00e9t\u00e9 de piscines\" \/>\n<meta property=\"og:description\" content=\"Conditions g\u00e9n\u00e9rales de notre soci\u00e9t\u00e9 de piscines et de fonds mobiles. Avec un service apr\u00e8s-vente de luxe\" \/>\n<meta property=\"og:url\" content=\"https:\/\/poolconcept.live-website.com\/fr\/conditions-generales\/\" \/>\n<meta property=\"og:site_name\" content=\"Poolconcept - Cubiertas transitables para Piscinas\" \/>\n<meta property=\"article:modified_time\" content=\"2024-05-21T18:52:59+00:00\" \/>\n<meta name=\"twitter:card\" content=\"summary_large_image\" \/>\n<meta name=\"twitter:label1\" content=\"Dur\u00e9e de lecture estim\u00e9e\" \/>\n\t<meta name=\"twitter:data1\" content=\"5 minutes\" \/>\n<script type=\"application\/ld+json\" class=\"yoast-schema-graph\">{\"@context\":\"https:\/\/schema.org\",\"@graph\":[{\"@type\":\"WebPage\",\"@id\":\"https:\/\/poolconcept.live-website.com\/fr\/conditions-generales\/\",\"url\":\"https:\/\/poolconcept.live-website.com\/fr\/conditions-generales\/\",\"name\":\"Conditions g\u00e9n\u00e9rales de notre soci\u00e9t\u00e9 de piscines\",\"isPartOf\":{\"@id\":\"https:\/\/poolconcept.live-website.com\/fr\/#website\"},\"datePublished\":\"2023-03-31T12:08:29+00:00\",\"dateModified\":\"2024-05-21T18:52:59+00:00\",\"description\":\"Conditions g\u00e9n\u00e9rales de notre soci\u00e9t\u00e9 de piscines et de fonds mobiles. Avec un service apr\u00e8s-vente de luxe\",\"breadcrumb\":{\"@id\":\"https:\/\/poolconcept.live-website.com\/fr\/conditions-generales\/#breadcrumb\"},\"inLanguage\":\"fr-FR\",\"potentialAction\":[{\"@type\":\"ReadAction\",\"target\":[\"https:\/\/poolconcept.live-website.com\/fr\/conditions-generales\/\"]}]},{\"@type\":\"BreadcrumbList\",\"@id\":\"https:\/\/poolconcept.live-website.com\/fr\/conditions-generales\/#breadcrumb\",\"itemListElement\":[{\"@type\":\"ListItem\",\"position\":1,\"name\":\"Portada\",\"item\":\"https:\/\/poolconcept.live-website.com\/fr\/\"},{\"@type\":\"ListItem\",\"position\":2,\"name\":\"Conditions g\u00e9n\u00e9rales\"}]},{\"@type\":\"WebSite\",\"@id\":\"https:\/\/poolconcept.live-website.com\/fr\/#website\",\"url\":\"https:\/\/poolconcept.live-website.com\/fr\/\",\"name\":\"Poolconcept - Cubiertas transitables para Piscinas\",\"description\":\"\",\"potentialAction\":[{\"@type\":\"SearchAction\",\"target\":{\"@type\":\"EntryPoint\",\"urlTemplate\":\"https:\/\/poolconcept.live-website.com\/fr\/?s={search_term_string}\"},\"query-input\":{\"@type\":\"PropertyValueSpecification\",\"valueRequired\":true,\"valueName\":\"search_term_string\"}}],\"inLanguage\":\"fr-FR\"}]}<\/script>\n<!-- \/ Yoast SEO plugin. -->","yoast_head_json":{"title":"Conditions g\u00e9n\u00e9rales de notre soci\u00e9t\u00e9 de piscines","description":"Conditions g\u00e9n\u00e9rales de notre soci\u00e9t\u00e9 de piscines et de fonds mobiles. Avec un service apr\u00e8s-vente de luxe","robots":{"index":"noindex","follow":"follow"},"og_locale":"fr_FR","og_type":"article","og_title":"Conditions g\u00e9n\u00e9rales de notre soci\u00e9t\u00e9 de piscines","og_description":"Conditions g\u00e9n\u00e9rales de notre soci\u00e9t\u00e9 de piscines et de fonds mobiles. Avec un service apr\u00e8s-vente de luxe","og_url":"https:\/\/poolconcept.live-website.com\/fr\/conditions-generales\/","og_site_name":"Poolconcept - Cubiertas transitables para Piscinas","article_modified_time":"2024-05-21T18:52:59+00:00","twitter_card":"summary_large_image","twitter_misc":{"Dur\u00e9e de lecture estim\u00e9e":"5 minutes"},"schema":{"@context":"https:\/\/schema.org","@graph":[{"@type":"WebPage","@id":"https:\/\/poolconcept.live-website.com\/fr\/conditions-generales\/","url":"https:\/\/poolconcept.live-website.com\/fr\/conditions-generales\/","name":"Conditions g\u00e9n\u00e9rales de notre soci\u00e9t\u00e9 de piscines","isPartOf":{"@id":"https:\/\/poolconcept.live-website.com\/fr\/#website"},"datePublished":"2023-03-31T12:08:29+00:00","dateModified":"2024-05-21T18:52:59+00:00","description":"Conditions g\u00e9n\u00e9rales de notre soci\u00e9t\u00e9 de piscines et de fonds mobiles. Avec un service apr\u00e8s-vente de luxe","breadcrumb":{"@id":"https:\/\/poolconcept.live-website.com\/fr\/conditions-generales\/#breadcrumb"},"inLanguage":"fr-FR","potentialAction":[{"@type":"ReadAction","target":["https:\/\/poolconcept.live-website.com\/fr\/conditions-generales\/"]}]},{"@type":"BreadcrumbList","@id":"https:\/\/poolconcept.live-website.com\/fr\/conditions-generales\/#breadcrumb","itemListElement":[{"@type":"ListItem","position":1,"name":"Portada","item":"https:\/\/poolconcept.live-website.com\/fr\/"},{"@type":"ListItem","position":2,"name":"Conditions g\u00e9n\u00e9rales"}]},{"@type":"WebSite","@id":"https:\/\/poolconcept.live-website.com\/fr\/#website","url":"https:\/\/poolconcept.live-website.com\/fr\/","name":"Poolconcept - Cubiertas transitables para Piscinas","description":"","potentialAction":[{"@type":"SearchAction","target":{"@type":"EntryPoint","urlTemplate":"https:\/\/poolconcept.live-website.com\/fr\/?s={search_term_string}"},"query-input":{"@type":"PropertyValueSpecification","valueRequired":true,"valueName":"search_term_string"}}],"inLanguage":"fr-FR"}]}},"_links":{"self":[{"href":"https:\/\/poolconcept.live-website.com\/fr\/wp-json\/wp\/v2\/pages\/276707","targetHints":{"allow":["GET"]}}],"collection":[{"href":"https:\/\/poolconcept.live-website.com\/fr\/wp-json\/wp\/v2\/pages"}],"about":[{"href":"https:\/\/poolconcept.live-website.com\/fr\/wp-json\/wp\/v2\/types\/page"}],"author":[{"embeddable":true,"href":"https:\/\/poolconcept.live-website.com\/fr\/wp-json\/wp\/v2\/users\/2"}],"replies":[{"embeddable":true,"href":"https:\/\/poolconcept.live-website.com\/fr\/wp-json\/wp\/v2\/comments?post=276707"}],"version-history":[{"count":0,"href":"https:\/\/poolconcept.live-website.com\/fr\/wp-json\/wp\/v2\/pages\/276707\/revisions"}],"wp:attachment":[{"href":"https:\/\/poolconcept.live-website.com\/fr\/wp-json\/wp\/v2\/media?parent=276707"}],"curies":[{"name":"wp","href":"https:\/\/api.w.org\/{rel}","templated":true}]}}