{"id":276739,"date":"2023-03-01T10:57:29","date_gmt":"2023-03-01T10:57:29","guid":{"rendered":"https:\/\/poolconcept.live-website.com\/politique-de-confidentialite\/"},"modified":"2024-05-21T18:54:36","modified_gmt":"2024-05-21T18:54:36","slug":"politique-de-confidentialite","status":"publish","type":"page","link":"https:\/\/poolconcept.live-website.com\/fr\/politique-de-confidentialite\/","title":{"rendered":"Politique de confidentialit\u00e9"},"content":{"rendered":"\t\t<div data-elementor-type=\"wp-page\" data-elementor-id=\"276739\" class=\"elementor elementor-276739 elementor-1599\" data-elementor-post-type=\"page\">\n\t\t\t\t\t\t<section class=\"elementor-section elementor-top-section elementor-element elementor-element-1e338ee elementor-section-height-min-height elementor-section-boxed elementor-section-height-default elementor-section-items-middle\" data-id=\"1e338ee\" data-element_type=\"section\" data-settings=\"{&quot;background_background&quot;:&quot;classic&quot;}\">\n\t\t\t\t\t\t<div class=\"elementor-container elementor-column-gap-default\">\n\t\t\t\t\t<div class=\"elementor-column elementor-col-50 elementor-top-column elementor-element elementor-element-24ee989\" data-id=\"24ee989\" data-element_type=\"column\">\n\t\t\t<div class=\"elementor-widget-wrap elementor-element-populated\">\n\t\t\t\t\t\t<div class=\"elementor-element elementor-element-3532ccf elementor-widget__width-initial elementor-widget elementor-widget-heading\" data-id=\"3532ccf\" data-element_type=\"widget\" data-widget_type=\"heading.default\">\n\t\t\t\t<div class=\"elementor-widget-container\">\n\t\t\t\t\t<h2 class=\"elementor-heading-title elementor-size-default\">Politique de confidentialit\u00e9<\/h2>\t\t\t\t<\/div>\n\t\t\t\t<\/div>\n\t\t\t\t\t<\/div>\n\t\t<\/div>\n\t\t\t\t<div class=\"elementor-column elementor-col-50 elementor-top-column elementor-element elementor-element-6856c66\" data-id=\"6856c66\" data-element_type=\"column\">\n\t\t\t<div class=\"elementor-widget-wrap\">\n\t\t\t\t\t\t\t<\/div>\n\t\t<\/div>\n\t\t\t\t\t<\/div>\n\t\t<\/section>\n\t\t\t\t<section class=\"elementor-section elementor-top-section elementor-element elementor-element-34110ea elementor-section-boxed elementor-section-height-default elementor-section-height-default\" data-id=\"34110ea\" data-element_type=\"section\" data-settings=\"{&quot;background_background&quot;:&quot;classic&quot;}\">\n\t\t\t\t\t\t<div class=\"elementor-container elementor-column-gap-default\">\n\t\t\t\t\t<div class=\"elementor-column elementor-col-100 elementor-top-column elementor-element elementor-element-3d95920\" data-id=\"3d95920\" data-element_type=\"column\">\n\t\t\t<div class=\"elementor-widget-wrap elementor-element-populated\">\n\t\t\t\t\t\t<div class=\"elementor-element elementor-element-eb9e49c elementor-widget__width-initial elementor-widget elementor-widget-text-editor\" data-id=\"eb9e49c\" data-element_type=\"widget\" data-widget_type=\"text-editor.default\">\n\t\t\t\t<div class=\"elementor-widget-container\">\n\t\t\t\t\t\t\t\t\t<h3>PROPRI\u00c9TAIRE DE M\u00c9DIAS SOCIAUX ET DE SITES WEB<\/h3>\n<p><\/p>\n<p>Le site Web officiel de Poolconcept\u00ae ou les m\u00e9dias sociaux et l\u2019une de ses marques \u00e0 partir desquelles vous acc\u00e9dez \u00e0 cette politique d\u2019utilisation sont la propri\u00e9t\u00e9 d\u2019Easypool, S.L. \u2013 CIF : B87733697 et si\u00e8ge social situ\u00e9 C\/ Caraba\u00f1a, 32, Alcorc\u00f3n (Madrid-Espagne), conform\u00e9ment \u00e0 un acte public devant le notaire de Madrid.<\/p>\n<p>(Ci-apr\u00e8s d\u00e9nomm\u00e9 \u00ab Poolconcept\u00ae \u00bb, \u00ab nous \u00bb et \u00ab notre \u00bb).<\/p>\n<p><strong>D\u00e9claration de confidentialit\u00e9 (UE)<\/strong><\/p>\n<p>Cette d\u00e9claration de confidentialit\u00e9 a \u00e9t\u00e9 mise \u00e0 jour pour la derni\u00e8re fois le 14 mai 2021 et s\u2019applique aux citoyens de l\u2019Espace \u00e9conomique europ\u00e9en.<\/p>\n<p>Dans cette d\u00e9claration de confidentialit\u00e9, nous expliquons ce que nous faisons des donn\u00e9es que nous recueillons \u00e0 votre sujet par le biais&nbsp;<a href=\"https:\/\/poolconcept.live-website.com\/fr\/\">de https:\/\/poolconcept.live-website.com<\/a><\/p>\n<p>Nous vous encourageons \u00e0 lire attentivement cette d\u00e9claration. Dans notre traitement, nous respectons les exigences de la l\u00e9gislation sur la protection de la vie priv\u00e9e. Cela signifie, entre autres, que :<\/p>\n<ul>\n<li>Nous indiquons clairement les finalit\u00e9s pour lesquelles nous traitons les donn\u00e9es personnelles. Nous le faisons par le biais de cette d\u00e9claration de confidentialit\u00e9 ;<\/li>\n<li>Nous avons l\u2019intention de limiter notre collecte de donn\u00e9es personnelles aux seules donn\u00e9es personnelles n\u00e9cessaires \u00e0 des fins l\u00e9gitimes ;<\/li>\n<li>Nous demandons d\u2019abord votre consentement explicite pour traiter vos donn\u00e9es personnelles dans les cas qui n\u00e9cessitent votre consentement ;<\/li>\n<li>Nous prenons des mesures de s\u00e9curit\u00e9 appropri\u00e9es pour prot\u00e9ger vos donn\u00e9es personnelles et les exigeons \u00e9galement des parties qui traitent des donn\u00e9es personnelles en notre nom ;<\/li>\n<li>Nous respectons votre droit d\u2019acc\u00e8s \u00e0 vos donn\u00e9es personnelles ou de les faire rectifier ou supprimer, \u00e0 votre demande.<br>Si vous avez des questions ou si vous souhaitez savoir exactement quelles donn\u00e9es nous d\u00e9tenons \u00e0 votre sujet, veuillez nous contacter.<\/li>\n<\/ul>\n<h2>&nbsp;<\/h2>\n<h3>FINALIT\u00c9, DONN\u00c9ES ET DUR\u00c9E DE CONSERVATION<\/h3>\n<p><\/p>\n<p><strong>Nous utilisons vos donn\u00e9es aux fins suivantes :<\/strong><\/p>\n<h5><strong>Contact \u2013 Par t\u00e9l\u00e9phone, courrier, e-mail et\/ou formulaires Web<\/strong><\/h5>\n<p><\/p>\n<p><strong>Pour ce faire, nous utilisons les donn\u00e9es suivantes :<\/strong><\/p>\n<ul>\n<li>Nom, adresse et ville<\/li>\n<li>Adresse courriel<\/li>\n<li>Emplacement<\/li>\n<li>Num\u00e9ro de t\u00e9l\u00e9phone<\/li>\n<li>Autres : Donn\u00e9es fournies pour la budg\u00e9tisation de la couverture. Tels que les dimensions, les finitions ou le co\u00fbt maximum pr\u00e9vu.<\/li>\n<\/ul>\n<p>Nous pouvons traiter ces donn\u00e9es sur la base de :<\/p>\n<ul>\n<li>Consentement obtenu<\/li>\n<li>P\u00e9riode de conservation<\/li>\n<li>Nous conservons ces donn\u00e9es \u00e0 la fin du service pendant les mois suivants : 36<\/li>\n<\/ul>\n<h3><strong>&nbsp;<\/strong><\/h3>\n<h5><strong>Bulletins<\/strong><\/h5>\n<ul>\n<li>Pour ce faire, nous utilisons les donn\u00e9es suivantes :<\/li>\n<li>Nom, adresse et ville<\/li>\n<li>Adresse courriel<\/li>\n<li>Emplacement<\/li>\n<li>La base sur laquelle nous pouvons traiter ces donn\u00e9es est :<\/li>\n<li>Consentement obtenu<\/li>\n<li>P\u00e9riode de conservation<\/li>\n<li>Nous conservons ces donn\u00e9es \u00e0 la fin du service pendant les mois suivants : 36<\/li>\n<\/ul>\n<h3><strong>&nbsp;<\/strong><\/h3>\n<h5><strong>Pour prendre en charge les services ou les produits qu\u2019un client souhaite acheter ou a achet\u00e9s<\/strong><\/h5>\n<p>Pour ce faire, nous utilisons les donn\u00e9es suivantes :<\/p>\n<ul>\n<li>Nom, adresse et ville<\/li>\n<li>Adresse courriel<\/li>\n<li>Emplacement<\/li>\n<li>Num\u00e9ro de t\u00e9l\u00e9phone<\/li>\n<\/ul>\n<p>La base sur laquelle nous pouvons traiter ces donn\u00e9es est :<\/p>\n<ul>\n<li>Consentement obtenu<\/li>\n<li>P\u00e9riode de conservation<\/li>\n<\/ul>\n<p>Nous conservons ces donn\u00e9es \u00e0 la fin du service pendant les mois suivants : 36<\/p>\n<h3><strong>&nbsp;<\/strong><\/h3>\n<h5><strong>Pour pouvoir se conformer aux obligations l\u00e9gales<\/strong><\/h5>\n<p>Pour ce faire, nous utilisons les donn\u00e9es suivantes :<\/p>\n<ul>\n<li>Nom, adresse et ville<\/li>\n<li>Adresse courriel<\/li>\n<li>Emplacement<\/li>\n<li>Num\u00e9ro de t\u00e9l\u00e9phone<\/li>\n<li>La base sur laquelle nous pouvons traiter ces donn\u00e9es est :<\/li>\n<li>Consentement obtenu<\/li>\n<li>P\u00e9riode de conservation<\/li>\n<\/ul>\n<p>Nous conservons ces donn\u00e9es \u00e0 la fin du service pendant les mois suivants : 36<\/p>\n<h3><strong>&nbsp;<\/strong><\/h3>\n<h5><strong>Compilation et analyse de statistiques pour l\u2019am\u00e9lioration du site web.<\/strong><\/h5>\n<p>\u00c0 cette fin, nous utilisons les donn\u00e9es suivantes :<\/p>\n<ul>\n<li>Nom, adresse et ville<\/li>\n<li>Adresse IP<\/li>\n<li>Emplacement<\/li>\n<li>Comportement des visiteurs<\/li>\n<li>La base sur laquelle nous pouvons traiter ces donn\u00e9es est :<\/li>\n<li>Consentement obtenu<\/li>\n<li>P\u00e9riode de conservation<\/li>\n<\/ul>\n<p>Nous conservons ces donn\u00e9es \u00e0 la fin du service pendant les mois suivants : 36<\/p>\n<h3><strong>&nbsp;<\/strong><\/h3>\n<h5><strong>\u00catre en mesure d\u2019offrir des produits et services personnalis\u00e9s.<\/strong><\/h5>\n<p>\u00c0 cette fin, nous utilisons les donn\u00e9es suivantes :<\/p>\n<ul>\n<li>Nom, adresse et ville<\/li>\n<li>Adresse courriel<\/li>\n<li>Emplacement<\/li>\n<li>Num\u00e9ro de t\u00e9l\u00e9phone<\/li>\n<li>La base sur laquelle nous pouvons traiter ces donn\u00e9es est :<\/li>\n<li>Consentement obtenu<\/li>\n<li>P\u00e9riode de conservation<\/li>\n<\/ul>\n<p>Nous conservons ces donn\u00e9es \u00e0 la fin du service pendant les mois suivants : 36<\/p>\n<h2>&nbsp;<\/h2>\n<h3>PARTAGE AVEC D\u2019AUTRES PARTIES<\/h3>\n<p>Nous ne partageons pas vos donn\u00e9es avec des tiers.<\/p>\n<h2>&nbsp;<\/h2>\n<h3>COOKIES<\/h3>\n<p>Notre site web utilise des cookies. Pour plus d\u2019informations sur les cookies, veuillez consulter notre&nbsp;<a href=\"https:\/\/poolconcept.live-website.com\/fr\/politique-de-cookies\/\">Politique en mati\u00e8re de cookies<\/a>.<br>Nous avons conclu un accord de traitement des donn\u00e9es avec Google.<br>L\u2019inclusion des adresses IP compl\u00e8tes est bloqu\u00e9e par nous.<\/p>\n<h2>&nbsp;<\/h2>\n<h3>S\u00c9CURIT\u00c9<\/h3>\n<p>Nous nous engageons \u00e0 assurer la s\u00e9curit\u00e9 des donn\u00e9es personnelles. Nous prenons les mesures de s\u00e9curit\u00e9 appropri\u00e9es pour limiter les abus et l\u2019acc\u00e8s non autoris\u00e9 aux donn\u00e9es personnelles. Cela garantit que seules les personnes n\u00e9cessaires ont acc\u00e8s \u00e0 vos donn\u00e9es, que l\u2019acc\u00e8s aux donn\u00e9es est prot\u00e9g\u00e9 et que nos mesures de s\u00e9curit\u00e9 sont r\u00e9guli\u00e8rement r\u00e9vis\u00e9es.<\/p>\n<p>Les mesures de s\u00e9curit\u00e9 que nous utilisons consistent en :<\/p>\n<ul>\n<li>Nom d\u2019utilisateur et mot de passe (utilisateurs enregistr\u00e9s uniquement)<\/li>\n<li>TLS\/SSL<\/li>\n<li>DKIM, SPF et DMARC<\/li>\n<li>X-XSS Protection<\/li>\n<li>Il n\u2019y a pas de r\u00e9f\u00e9rence lorsque le d\u00e9but de la descente.<\/li>\n<\/ul>\n<h2>&nbsp;<\/h2>\n<h3>SITES WEB DE TIERS<\/h3>\n<p>Cette d\u00e9claration de confidentialit\u00e9 ne s\u2019applique pas aux sites Web tiers li\u00e9s \u00e0 notre site Web. Nous ne pouvons pas garantir que ces tiers traiteront vos donn\u00e9es personnelles de mani\u00e8re fiable ou s\u00e9curis\u00e9e. Nous vous encourageons \u00e0 lire les d\u00e9clarations de confidentialit\u00e9 de ces sites Web avant de les utiliser.<\/p>\n<h2>&nbsp;<\/h2>\n<h3>MODIFICATIONS DE LA PR\u00c9SENTE D\u00c9CLARATION DE CONFIDENTIALIT\u00c9<\/h3>\n<p>Nous nous r\u00e9servons le droit d\u2019apporter des modifications \u00e0 cette d\u00e9claration de confidentialit\u00e9. Il est recommand\u00e9 de consulter r\u00e9guli\u00e8rement cette d\u00e9claration de confidentialit\u00e9 pour \u00eatre au courant de tout changement. En outre, nous vous informerons activement dans la mesure du possible.<\/p>\n<h2>&nbsp;<\/h2>\n<h3>ACC\u00c8S ET MODIFICATION DE VOS DONN\u00c9ES<\/h3>\n<p>Si vous avez des questions ou si vous souhaitez savoir quelles donn\u00e9es personnelles nous d\u00e9tenons \u00e0 votre sujet, veuillez nous contacter.<br>Vous pouvez nous contacter en utilisant les informations ci-dessous.<\/p>\n<p>Vous disposez des droits suivants :<\/p>\n<ul>\n<li>Vous avez le droit de savoir pourquoi vos donn\u00e9es personnelles sont n\u00e9cessaires, ce qu\u2019il adviendra d\u2019elles et combien de temps elles seront conserv\u00e9es.<\/li>\n<li>Droit d\u2019acc\u00e8s : Vous avez le droit d\u2019acc\u00e9der aux donn\u00e9es personnelles que nous connaissons.<\/li>\n<li>Droit de rectification : Vous avez le droit de compl\u00e9ter, de corriger, de supprimer ou de bloquer vos donn\u00e9es personnelles \u00e0 tout moment.<\/li>\n<li>Si vous nous donnez votre consentement pour traiter vos donn\u00e9es, vous avez le droit de r\u00e9voquer ce consentement et de faire supprimer vos donn\u00e9es personnelles.<\/li>\n<li>Droit au transfert de vos donn\u00e9es : Vous avez le droit de demander toutes vos donn\u00e9es personnelles au responsable du traitement et de les transf\u00e9rer dans leur int\u00e9gralit\u00e9 \u00e0 un autre responsable du traitement.<\/li>\n<li>Droit d\u2019opposition : Vous pouvez vous opposer au traitement de vos donn\u00e9es.<\/li>\n<\/ul>\n<p>Nous nous y conformons, sauf s\u2019il existe des motifs justifi\u00e9s pour le traitement.<\/p>\n<p>Veuillez vous assurer de toujours indiquer clairement qui vous \u00eates, afin que nous puissions \u00eatre s\u00fbrs que nous ne modifions ou ne supprimons aucune donn\u00e9e de la mauvaise personne.<\/p>\n<h2>&nbsp;<\/h2>\n<h3>D\u00c9POSER UNE PLAINTE<\/h3>\n<p>Si vous n\u2019\u00eates pas satisfait de la mani\u00e8re dont nous traitons (une plainte concernant) le traitement de vos donn\u00e9es personnelles, vous avez le droit de d\u00e9poser une plainte aupr\u00e8s de l\u2019Autorit\u00e9 de protection des donn\u00e9es.<\/p>\n<h2>&nbsp;<\/h2>\n<h3>COORDONN\u00c9ES<\/h3>\n<p>Easypool, S.L. \u2013 CIF : B87733697<br>C\/ Caraba\u00f1a, 32, Madrid<br>Page Web:&nbsp;<a href=\"https:\/\/poolconcept.live-website.com\/fr\/\">https:\/\/poolconcept.live-website.com\/<\/a><br>Messagerie \u00e9lectronique:&nbsp;<a href=\"mailto:info@poolconcept.live-website.com\">info@poolconcept.live-website.com<\/a><br>Num\u00e9ro de t\u00e9l\u00e9phone : (+34) 91 891 55 01<\/p>\n<p><\/p>\t\t\t\t\t\t\t\t<\/div>\n\t\t\t\t<\/div>\n\t\t\t\t\t<\/div>\n\t\t<\/div>\n\t\t\t\t\t<\/div>\n\t\t<\/section>\n\t\t\t\t<\/div>\n\t\t","protected":false},"excerpt":{"rendered":"<p>Politique de confidentialit\u00e9 PROPRI\u00c9TAIRE DE M\u00c9DIAS SOCIAUX ET DE SITES WEB Le site Web officiel de Poolconcept\u00ae ou les m\u00e9dias sociaux et l\u2019une de ses marques \u00e0 partir desquelles vous acc\u00e9dez \u00e0 cette politique d\u2019utilisation sont la propri\u00e9t\u00e9 d\u2019Easypool, S.L. \u2013 CIF : B87733697 et si\u00e8ge social situ\u00e9 C\/ Caraba\u00f1a, 32, Alcorc\u00f3n (Madrid-Espagne), conform\u00e9ment \u00e0 [&hellip;]<\/p>\n","protected":false},"author":2,"featured_media":0,"parent":0,"menu_order":0,"comment_status":"closed","ping_status":"closed","template":"elementor_header_footer","meta":{"footnotes":""},"class_list":["post-276739","page","type-page","status-publish","hentry"],"yoast_head":"<!-- This site is optimized with the Yoast SEO plugin v24.5 - https:\/\/yoast.com\/wordpress\/plugins\/seo\/ -->\n<title>Politique de confidentialit\u00e9 - Poolconcept<\/title>\n<meta name=\"description\" content=\"Politique de confidentialit\u00e9 de Poolconcept - D\u00e9couvrez la confidentialit\u00e9 de notre entreprise sp\u00e9cialis\u00e9e dans les toitures\" \/>\n<meta name=\"robots\" content=\"noindex, follow\" \/>\n<meta property=\"og:locale\" content=\"fr_FR\" \/>\n<meta property=\"og:type\" content=\"article\" \/>\n<meta property=\"og:title\" content=\"Politique de confidentialit\u00e9 - Poolconcept\" \/>\n<meta property=\"og:description\" content=\"Politique de confidentialit\u00e9 de Poolconcept - D\u00e9couvrez la confidentialit\u00e9 de notre entreprise sp\u00e9cialis\u00e9e dans les toitures\" \/>\n<meta property=\"og:url\" content=\"https:\/\/poolconcept.live-website.com\/fr\/politique-de-confidentialite\/\" \/>\n<meta property=\"og:site_name\" content=\"Poolconcept - Cubiertas transitables para Piscinas\" \/>\n<meta property=\"article:modified_time\" content=\"2024-05-21T18:54:36+00:00\" \/>\n<meta name=\"twitter:card\" content=\"summary_large_image\" \/>\n<meta name=\"twitter:label1\" content=\"Dur\u00e9e de lecture estim\u00e9e\" \/>\n\t<meta name=\"twitter:data1\" content=\"7 minutes\" \/>\n<script type=\"application\/ld+json\" class=\"yoast-schema-graph\">{\"@context\":\"https:\/\/schema.org\",\"@graph\":[{\"@type\":\"WebPage\",\"@id\":\"https:\/\/poolconcept.live-website.com\/fr\/politique-de-confidentialite\/\",\"url\":\"https:\/\/poolconcept.live-website.com\/fr\/politique-de-confidentialite\/\",\"name\":\"Politique de confidentialit\u00e9 - Poolconcept\",\"isPartOf\":{\"@id\":\"https:\/\/poolconcept.live-website.com\/fr\/#website\"},\"datePublished\":\"2023-03-01T10:57:29+00:00\",\"dateModified\":\"2024-05-21T18:54:36+00:00\",\"description\":\"Politique de confidentialit\u00e9 de Poolconcept - D\u00e9couvrez la confidentialit\u00e9 de notre entreprise sp\u00e9cialis\u00e9e dans les toitures\",\"breadcrumb\":{\"@id\":\"https:\/\/poolconcept.live-website.com\/fr\/politique-de-confidentialite\/#breadcrumb\"},\"inLanguage\":\"fr-FR\",\"potentialAction\":[{\"@type\":\"ReadAction\",\"target\":[\"https:\/\/poolconcept.live-website.com\/fr\/politique-de-confidentialite\/\"]}]},{\"@type\":\"BreadcrumbList\",\"@id\":\"https:\/\/poolconcept.live-website.com\/fr\/politique-de-confidentialite\/#breadcrumb\",\"itemListElement\":[{\"@type\":\"ListItem\",\"position\":1,\"name\":\"Portada\",\"item\":\"https:\/\/poolconcept.live-website.com\/fr\/\"},{\"@type\":\"ListItem\",\"position\":2,\"name\":\"Politique de confidentialit\u00e9\"}]},{\"@type\":\"WebSite\",\"@id\":\"https:\/\/poolconcept.live-website.com\/fr\/#website\",\"url\":\"https:\/\/poolconcept.live-website.com\/fr\/\",\"name\":\"Poolconcept - Cubiertas transitables para Piscinas\",\"description\":\"\",\"potentialAction\":[{\"@type\":\"SearchAction\",\"target\":{\"@type\":\"EntryPoint\",\"urlTemplate\":\"https:\/\/poolconcept.live-website.com\/fr\/?s={search_term_string}\"},\"query-input\":{\"@type\":\"PropertyValueSpecification\",\"valueRequired\":true,\"valueName\":\"search_term_string\"}}],\"inLanguage\":\"fr-FR\"}]}<\/script>\n<!-- \/ Yoast SEO plugin. -->","yoast_head_json":{"title":"Politique de confidentialit\u00e9 - Poolconcept","description":"Politique de confidentialit\u00e9 de Poolconcept - D\u00e9couvrez la confidentialit\u00e9 de notre entreprise sp\u00e9cialis\u00e9e dans les toitures","robots":{"index":"noindex","follow":"follow"},"og_locale":"fr_FR","og_type":"article","og_title":"Politique de confidentialit\u00e9 - Poolconcept","og_description":"Politique de confidentialit\u00e9 de Poolconcept - D\u00e9couvrez la confidentialit\u00e9 de notre entreprise sp\u00e9cialis\u00e9e dans les toitures","og_url":"https:\/\/poolconcept.live-website.com\/fr\/politique-de-confidentialite\/","og_site_name":"Poolconcept - Cubiertas transitables para Piscinas","article_modified_time":"2024-05-21T18:54:36+00:00","twitter_card":"summary_large_image","twitter_misc":{"Dur\u00e9e de lecture estim\u00e9e":"7 minutes"},"schema":{"@context":"https:\/\/schema.org","@graph":[{"@type":"WebPage","@id":"https:\/\/poolconcept.live-website.com\/fr\/politique-de-confidentialite\/","url":"https:\/\/poolconcept.live-website.com\/fr\/politique-de-confidentialite\/","name":"Politique de confidentialit\u00e9 - Poolconcept","isPartOf":{"@id":"https:\/\/poolconcept.live-website.com\/fr\/#website"},"datePublished":"2023-03-01T10:57:29+00:00","dateModified":"2024-05-21T18:54:36+00:00","description":"Politique de confidentialit\u00e9 de Poolconcept - D\u00e9couvrez la confidentialit\u00e9 de notre entreprise sp\u00e9cialis\u00e9e dans les toitures","breadcrumb":{"@id":"https:\/\/poolconcept.live-website.com\/fr\/politique-de-confidentialite\/#breadcrumb"},"inLanguage":"fr-FR","potentialAction":[{"@type":"ReadAction","target":["https:\/\/poolconcept.live-website.com\/fr\/politique-de-confidentialite\/"]}]},{"@type":"BreadcrumbList","@id":"https:\/\/poolconcept.live-website.com\/fr\/politique-de-confidentialite\/#breadcrumb","itemListElement":[{"@type":"ListItem","position":1,"name":"Portada","item":"https:\/\/poolconcept.live-website.com\/fr\/"},{"@type":"ListItem","position":2,"name":"Politique de confidentialit\u00e9"}]},{"@type":"WebSite","@id":"https:\/\/poolconcept.live-website.com\/fr\/#website","url":"https:\/\/poolconcept.live-website.com\/fr\/","name":"Poolconcept - Cubiertas transitables para Piscinas","description":"","potentialAction":[{"@type":"SearchAction","target":{"@type":"EntryPoint","urlTemplate":"https:\/\/poolconcept.live-website.com\/fr\/?s={search_term_string}"},"query-input":{"@type":"PropertyValueSpecification","valueRequired":true,"valueName":"search_term_string"}}],"inLanguage":"fr-FR"}]}},"_links":{"self":[{"href":"https:\/\/poolconcept.live-website.com\/fr\/wp-json\/wp\/v2\/pages\/276739","targetHints":{"allow":["GET"]}}],"collection":[{"href":"https:\/\/poolconcept.live-website.com\/fr\/wp-json\/wp\/v2\/pages"}],"about":[{"href":"https:\/\/poolconcept.live-website.com\/fr\/wp-json\/wp\/v2\/types\/page"}],"author":[{"embeddable":true,"href":"https:\/\/poolconcept.live-website.com\/fr\/wp-json\/wp\/v2\/users\/2"}],"replies":[{"embeddable":true,"href":"https:\/\/poolconcept.live-website.com\/fr\/wp-json\/wp\/v2\/comments?post=276739"}],"version-history":[{"count":0,"href":"https:\/\/poolconcept.live-website.com\/fr\/wp-json\/wp\/v2\/pages\/276739\/revisions"}],"wp:attachment":[{"href":"https:\/\/poolconcept.live-website.com\/fr\/wp-json\/wp\/v2\/media?parent=276739"}],"curies":[{"name":"wp","href":"https:\/\/api.w.org\/{rel}","templated":true}]}}