{"id":276789,"date":"2023-02-20T14:06:16","date_gmt":"2023-02-20T14:06:16","guid":{"rendered":"https:\/\/poolconcept.live-website.com\/contact\/"},"modified":"2024-05-21T18:56:12","modified_gmt":"2024-05-21T18:56:12","slug":"contact","status":"publish","type":"page","link":"https:\/\/poolconcept.live-website.com\/fr\/contact\/","title":{"rendered":"Contact"},"content":{"rendered":"\t\t<div data-elementor-type=\"wp-page\" data-elementor-id=\"276789\" class=\"elementor elementor-276789 elementor-310\" data-elementor-post-type=\"page\">\n\t\t\t\t\t\t<section class=\"elementor-section elementor-top-section elementor-element elementor-element-311339d elementor-section-height-full custom-zoom-in elementor-section-boxed elementor-section-height-default elementor-section-items-middle\" data-id=\"311339d\" data-element_type=\"section\" data-settings=\"{&quot;background_background&quot;:&quot;classic&quot;}\">\n\t\t\t\t\t\t<div class=\"elementor-container elementor-column-gap-default\">\n\t\t\t\t\t<div class=\"elementor-column elementor-col-50 elementor-top-column elementor-element elementor-element-bee7ffd\" data-id=\"bee7ffd\" data-element_type=\"column\">\n\t\t\t<div class=\"elementor-widget-wrap elementor-element-populated\">\n\t\t\t\t\t\t<div class=\"elementor-element elementor-element-a85afc4 elementor-invisible elementor-widget elementor-widget-heading\" data-id=\"a85afc4\" data-element_type=\"widget\" data-settings=\"{&quot;_animation&quot;:&quot;fadeInDown&quot;}\" data-widget_type=\"heading.default\">\n\t\t\t\t<div class=\"elementor-widget-container\">\n\t\t\t\t\t<h3 class=\"elementor-heading-title elementor-size-default\">Nous voulons conna\u00eetre votre projet de piscine<\/h3>\t\t\t\t<\/div>\n\t\t\t\t<\/div>\n\t\t\t\t<div class=\"elementor-element elementor-element-af9d537 elementor-invisible elementor-widget elementor-widget-heading\" data-id=\"af9d537\" data-element_type=\"widget\" data-settings=\"{&quot;_animation&quot;:&quot;fadeInDown&quot;}\" data-widget_type=\"heading.default\">\n\t\t\t\t<div class=\"elementor-widget-container\">\n\t\t\t\t\t<p class=\"elementor-heading-title elementor-size-default\">Contactez-nous<\/p>\t\t\t\t<\/div>\n\t\t\t\t<\/div>\n\t\t\t\t\t<\/div>\n\t\t<\/div>\n\t\t\t\t<div class=\"elementor-column elementor-col-50 elementor-top-column elementor-element elementor-element-3207119 elementor-invisible\" data-id=\"3207119\" data-element_type=\"column\" data-settings=\"{&quot;background_background&quot;:&quot;classic&quot;,&quot;animation&quot;:&quot;fadeInRight&quot;}\">\n\t\t\t<div class=\"elementor-widget-wrap elementor-element-populated\">\n\t\t\t\t\t\t<div class=\"elementor-element elementor-element-018663a elementor-button-align-end elementor-widget elementor-widget-form\" data-id=\"018663a\" data-element_type=\"widget\" data-settings=\"{&quot;step_next_label&quot;:&quot;Suivant&quot;,&quot;step_previous_label&quot;:&quot;Pr\\u00e9c\\u00e9dent&quot;,&quot;button_width&quot;:&quot;100&quot;,&quot;step_type&quot;:&quot;number_text&quot;,&quot;step_icon_shape&quot;:&quot;circle&quot;}\" data-widget_type=\"form.default\">\n\t\t\t\t<div class=\"elementor-widget-container\">\n\t\t\t\t\t\t\t<form class=\"elementor-form\" method=\"post\" name=\"Nouveau formulaire\">\n\t\t\t<input type=\"hidden\" name=\"post_id\" value=\"276789\"\/>\n\t\t\t<input type=\"hidden\" name=\"form_id\" value=\"018663a\"\/>\n\t\t\t<input type=\"hidden\" name=\"referer_title\" value=\"Poolconcept &#8211; Cubiertas transitables para Piscinas\" \/>\n\n\t\t\t\n\t\t\t<div class=\"elementor-form-fields-wrapper elementor-labels-above\">\n\t\t\t\t\t\t\t\t<div class=\"elementor-field-type-text elementor-field-group elementor-column elementor-field-group-name elementor-col-100 elementor-field-required\">\n\t\t\t\t\t\t\t\t\t\t\t\t<label for=\"form-field-name\" class=\"elementor-field-label\">\n\t\t\t\t\t\t\t\tMessagerie \u00e9lectronique\t\t\t\t\t\t\t<\/label>\n\t\t\t\t\t\t\t\t\t\t\t\t\t\t<input size=\"1\" type=\"text\" name=\"form_fields[name]\" id=\"form-field-name\" class=\"elementor-field elementor-size-sm  elementor-field-textual\" required=\"required\" aria-required=\"true\">\n\t\t\t\t\t\t\t\t\t\t\t<\/div>\n\t\t\t\t\t\t\t\t<div class=\"elementor-field-type-text elementor-field-group elementor-column elementor-field-group-email elementor-col-100 elementor-field-required\">\n\t\t\t\t\t\t\t\t\t\t\t\t<label for=\"form-field-email\" class=\"elementor-field-label\">\n\t\t\t\t\t\t\t\tNom et pr\u00e9nom\t\t\t\t\t\t\t<\/label>\n\t\t\t\t\t\t\t\t\t\t\t\t\t\t<input size=\"1\" type=\"text\" name=\"form_fields[email]\" id=\"form-field-email\" class=\"elementor-field elementor-size-sm  elementor-field-textual\" required=\"required\" aria-required=\"true\">\n\t\t\t\t\t\t\t\t\t\t\t<\/div>\n\t\t\t\t\t\t\t\t<div class=\"elementor-field-type-text elementor-field-group elementor-column elementor-field-group-field_08b1f59 elementor-col-100 elementor-field-required\">\n\t\t\t\t\t\t\t\t\t\t\t\t<label for=\"form-field-field_08b1f59\" class=\"elementor-field-label\">\n\t\t\t\t\t\t\t\tT\u00e9l\u00e9phone\t\t\t\t\t\t\t<\/label>\n\t\t\t\t\t\t\t\t\t\t\t\t\t\t<input size=\"1\" type=\"text\" name=\"form_fields[field_08b1f59]\" id=\"form-field-field_08b1f59\" class=\"elementor-field elementor-size-sm  elementor-field-textual\" required=\"required\" aria-required=\"true\">\n\t\t\t\t\t\t\t\t\t\t\t<\/div>\n\t\t\t\t\t\t\t\t<div class=\"elementor-field-type-text elementor-field-group elementor-column elementor-field-group-field_d7c816b elementor-col-100\">\n\t\t\t\t\t\t\t\t\t\t\t\t<label for=\"form-field-field_d7c816b\" class=\"elementor-field-label\">\n\t\t\t\t\t\t\t\tVille\t\t\t\t\t\t\t<\/label>\n\t\t\t\t\t\t\t\t\t\t\t\t\t\t<input size=\"1\" type=\"text\" name=\"form_fields[field_d7c816b]\" id=\"form-field-field_d7c816b\" class=\"elementor-field elementor-size-sm  elementor-field-textual\">\n\t\t\t\t\t\t\t\t\t\t\t<\/div>\n\t\t\t\t\t\t\t\t<div class=\"elementor-field-type-textarea elementor-field-group elementor-column elementor-field-group-field_139ff59 elementor-col-100 elementor-field-required\">\n\t\t\t\t\t\t\t\t\t\t\t\t<label for=\"form-field-field_139ff59\" class=\"elementor-field-label\">\n\t\t\t\t\t\t\t\tMessage\t\t\t\t\t\t\t<\/label>\n\t\t\t\t\t\t<textarea class=\"elementor-field-textual elementor-field  elementor-size-sm\" name=\"form_fields[field_139ff59]\" id=\"form-field-field_139ff59\" rows=\"4\" placeholder=\"D\u00e9crivez votre projet\" required=\"required\" aria-required=\"true\"><\/textarea>\t\t\t\t<\/div>\n\t\t\t\t\t\t\t\t<div class=\"elementor-field-type-acceptance elementor-field-group elementor-column elementor-field-group-field_3b2bbe7 elementor-col-100 elementor-field-required\">\n\t\t\t\t\t\t\t<div class=\"elementor-field-subgroup\">\n\t\t\t<span class=\"elementor-field-option\">\n\t\t\t\t<input type=\"checkbox\" name=\"form_fields[field_3b2bbe7]\" id=\"form-field-field_3b2bbe7\" class=\"elementor-field elementor-size-sm  elementor-acceptance-field\" required=\"required\" aria-required=\"true\">\n\t\t\t\t<label for=\"form-field-field_3b2bbe7\">J\u2019accepte la <a href=\"https:\/\/poolconcept.live-website.com\/fr\/politique-de-confidentialite\/\">politique de confidentialit\u00e9<\/a><\/label>\t\t\t<\/span>\n\t\t<\/div>\n\t\t\t\t\t\t<\/div>\n\t\t\t\t\t\t\t\t<div class=\"elementor-field-type-text\">\n\t\t\t\t\t<input size=\"1\" type=\"text\" name=\"form_fields[field_479afd8]\" id=\"form-field-field_479afd8\" class=\"elementor-field elementor-size-sm \" style=\"display:none !important;\">\t\t\t\t<\/div>\n\t\t\t\t\t\t\t\t<div class=\"elementor-field-type-recaptcha_v3 elementor-field-group elementor-column elementor-field-group-field_0f3bde9 elementor-col-100 recaptcha_v3-bottomleft\">\n\t\t\t\t\t<div class=\"elementor-field\" id=\"form-field-field_0f3bde9\"><div class=\"elementor-g-recaptcha\" data-sitekey=\"6LfVk1klAAAAAIRnIqxswiemj88QAj8ShsYXpjB9\" data-type=\"v3\" data-action=\"Form\" data-badge=\"bottomleft\" data-size=\"invisible\"><\/div><\/div>\t\t\t\t<\/div>\n\t\t\t\t\t\t\t\t<div class=\"elementor-field-group elementor-column elementor-field-type-submit elementor-col-100 e-form__buttons\">\n\t\t\t\t\t<button class=\"elementor-button elementor-size-xs\" type=\"submit\">\n\t\t\t\t\t\t<span class=\"elementor-button-content-wrapper\">\n\t\t\t\t\t\t\t\t\t\t\t\t\t\t\t\t\t\t\t\t\t\t<span class=\"elementor-button-text\">Envoyer<\/span>\n\t\t\t\t\t\t\t\t\t\t\t\t\t<\/span>\n\t\t\t\t\t<\/button>\n\t\t\t\t<\/div>\n\t\t\t<\/div>\n\t\t<\/form>\n\t\t\t\t\t\t<\/div>\n\t\t\t\t<\/div>\n\t\t\t\t\t<\/div>\n\t\t<\/div>\n\t\t\t\t\t<\/div>\n\t\t<\/section>\n\t\t\t\t<section class=\"elementor-section elementor-top-section elementor-element elementor-element-baa12d4 elementor-section-full_width elementor-section-content-middle elementor-reverse-mobile elementor-section-height-default elementor-section-height-default\" data-id=\"baa12d4\" data-element_type=\"section\" data-settings=\"{&quot;background_background&quot;:&quot;classic&quot;}\">\n\t\t\t\t\t\t<div class=\"elementor-container elementor-column-gap-default\">\n\t\t\t\t\t<div class=\"elementor-column elementor-col-50 elementor-top-column elementor-element elementor-element-638070d\" data-id=\"638070d\" data-element_type=\"column\">\n\t\t\t<div class=\"elementor-widget-wrap elementor-element-populated\">\n\t\t\t\t\t\t<div class=\"elementor-element elementor-element-61dc3df elementor-widget__width-initial elementor-widget elementor-widget-heading\" data-id=\"61dc3df\" data-element_type=\"widget\" data-widget_type=\"heading.default\">\n\t\t\t\t<div class=\"elementor-widget-container\">\n\t\t\t\t\t<h1 class=\"elementor-heading-title elementor-size-medium\">L\u2019entreprise de couverture de piscine la plus avanc\u00e9e technologiquement.<\/h1>\t\t\t\t<\/div>\n\t\t\t\t<\/div>\n\t\t\t\t<div class=\"elementor-element elementor-element-e4eb3ad elementor-invisible elementor-widget elementor-widget-google_maps\" data-id=\"e4eb3ad\" data-element_type=\"widget\" data-settings=\"{&quot;_animation&quot;:&quot;fadeInLeft&quot;}\" data-widget_type=\"google_maps.default\">\n\t\t\t\t<div class=\"elementor-widget-container\">\n\t\t\t\t\t\t\t<div class=\"elementor-custom-embed\">\n\t\t\t<iframe loading=\"lazy\"\n\t\t\t\t\tsrc=\"https:\/\/maps.google.com\/maps?q=Calle%20Caraba%C3%B1a%2032%20%2C%20Alcorc%C3%B3n&#038;t=m&#038;z=14&#038;output=embed&#038;iwloc=near\"\n\t\t\t\t\ttitle=\"Calle Caraba\u00f1a 32 , Alcorc\u00f3n\"\n\t\t\t\t\taria-label=\"Calle Caraba\u00f1a 32 , Alcorc\u00f3n\"\n\t\t\t><\/iframe>\n\t\t<\/div>\n\t\t\t\t\t\t<\/div>\n\t\t\t\t<\/div>\n\t\t\t\t\t<\/div>\n\t\t<\/div>\n\t\t\t\t<div class=\"elementor-column elementor-col-50 elementor-top-column elementor-element elementor-element-c80a7dd\" data-id=\"c80a7dd\" data-element_type=\"column\">\n\t\t\t<div class=\"elementor-widget-wrap elementor-element-populated\">\n\t\t\t\t\t\t<div class=\"elementor-element elementor-element-d1e9e2b elementor-widget__width-initial elementor-widget elementor-widget-heading\" data-id=\"d1e9e2b\" data-element_type=\"widget\" data-widget_type=\"heading.default\">\n\t\t\t\t<div class=\"elementor-widget-container\">\n\t\t\t\t\t<h2 class=\"elementor-heading-title elementor-size-small\">Notre entreprise est experte dans les fonds mobiles sur mesure pour piscines. Contactez nos techniciens afin qu\u2019ils puissent analyser votre projet.<\/h2>\t\t\t\t<\/div>\n\t\t\t\t<\/div>\n\t\t\t\t<div class=\"elementor-element elementor-element-869dd91 elementor-invisible elementor-widget elementor-widget-image\" data-id=\"869dd91\" data-element_type=\"widget\" data-settings=\"{&quot;_animation&quot;:&quot;fadeInDown&quot;}\" data-widget_type=\"image.default\">\n\t\t\t\t<div class=\"elementor-widget-container\">\n\t\t\t\t\t\t\t\t\t\t\t\t\t\t\t<img decoding=\"async\" width=\"400\" height=\"58\" src=\"https:\/\/poolconcept.live-website.com\/wp-content\/uploads\/2023\/02\/A485B464-C150-48B9-88C1-708F88A1F04A.svg\" class=\"attachment-full size-full wp-image-274771\" alt=\"\" \/>\t\t\t\t\t\t\t\t\t\t\t\t\t\t\t<\/div>\n\t\t\t\t<\/div>\n\t\t\t\t<div class=\"elementor-element elementor-element-6db694a elementor-invisible elementor-widget elementor-widget-heading\" data-id=\"6db694a\" data-element_type=\"widget\" data-settings=\"{&quot;_animation&quot;:&quot;fadeInDown&quot;}\" data-widget_type=\"heading.default\">\n\t\t\t\t<div class=\"elementor-widget-container\">\n\t\t\t\t\t<h2 class=\"elementor-heading-title elementor-size-default\">Calle Caraba\u00f1a 32 , Alcorc\u00f3n,<br>\n28925 Madrid<\/h2>\t\t\t\t<\/div>\n\t\t\t\t<\/div>\n\t\t\t\t<div class=\"elementor-element elementor-element-0b6fde6 elementor-invisible elementor-widget elementor-widget-heading\" data-id=\"0b6fde6\" data-element_type=\"widget\" data-settings=\"{&quot;_animation&quot;:&quot;fadeInDown&quot;}\" data-widget_type=\"heading.default\">\n\t\t\t\t<div class=\"elementor-widget-container\">\n\t\t\t\t\t<h2 class=\"elementor-heading-title elementor-size-default\"><a href=\"tel:+34918195501\">91 819 55 01<\/a><\/h2>\t\t\t\t<\/div>\n\t\t\t\t<\/div>\n\t\t\t\t<div class=\"elementor-element elementor-element-76c6715 elementor-invisible elementor-widget elementor-widget-heading\" data-id=\"76c6715\" data-element_type=\"widget\" data-settings=\"{&quot;_animation&quot;:&quot;fadeInDown&quot;}\" data-widget_type=\"heading.default\">\n\t\t\t\t<div class=\"elementor-widget-container\">\n\t\t\t\t\t<h2 class=\"elementor-heading-title elementor-size-default\"><a href=\"mailto:Info@poolconcept.live-website.com\">info@poolconcept.live-website.com<\/a><\/h2>\t\t\t\t<\/div>\n\t\t\t\t<\/div>\n\t\t\t\t\t<\/div>\n\t\t<\/div>\n\t\t\t\t\t<\/div>\n\t\t<\/section>\n\t\t\t\t<\/div>\n\t\t","protected":false},"excerpt":{"rendered":"<p>Nous voulons conna\u00eetre votre projet de piscine Contactez-nous L\u2019entreprise de couverture de piscine la plus avanc\u00e9e technologiquement. Notre entreprise est experte dans les fonds mobiles sur mesure pour piscines. Contactez nos techniciens afin qu\u2019ils puissent analyser votre projet. Calle Caraba\u00f1a 32 , Alcorc\u00f3n, 28925 Madrid 91 819 55 01 info@poolconcept.live-website.com<\/p>\n","protected":false},"author":2,"featured_media":0,"parent":0,"menu_order":0,"comment_status":"closed","ping_status":"closed","template":"elementor_header_footer","meta":{"footnotes":""},"class_list":["post-276789","page","type-page","status-publish","hentry"],"yoast_head":"<!-- This site is optimized with the Yoast SEO plugin v24.5 - https:\/\/yoast.com\/wordpress\/plugins\/seo\/ -->\n<title>Entreprise de couverture de piscine - Poolconcept<\/title>\n<meta name=\"description\" content=\"Swimming Pool Cover Company, une r\u00e9f\u00e9rence dans le secteur. Technologie brevet\u00e9e. Ponts de luxe\" \/>\n<meta name=\"robots\" content=\"index, follow, max-snippet:-1, max-image-preview:large, max-video-preview:-1\" \/>\n<link rel=\"canonical\" href=\"https:\/\/poolconcept.live-website.com\/fr\/contact\/\" \/>\n<meta property=\"og:locale\" content=\"fr_FR\" \/>\n<meta property=\"og:type\" content=\"article\" \/>\n<meta property=\"og:title\" content=\"Entreprise de couverture de piscine - Poolconcept\" \/>\n<meta property=\"og:description\" content=\"Swimming Pool Cover Company, une r\u00e9f\u00e9rence dans le secteur. Technologie brevet\u00e9e. Ponts de luxe\" \/>\n<meta property=\"og:url\" content=\"https:\/\/poolconcept.live-website.com\/fr\/contact\/\" \/>\n<meta property=\"og:site_name\" content=\"Poolconcept - Cubiertas transitables para Piscinas\" \/>\n<meta property=\"article:modified_time\" content=\"2024-05-21T18:56:12+00:00\" \/>\n<meta property=\"og:image\" content=\"https:\/\/poolconcept.live-website.com\/wp-content\/uploads\/2023\/02\/A485B464-C150-48B9-88C1-708F88A1F04A.svg\" \/>\n<meta name=\"twitter:card\" content=\"summary_large_image\" \/>\n<script type=\"application\/ld+json\" class=\"yoast-schema-graph\">{\"@context\":\"https:\/\/schema.org\",\"@graph\":[{\"@type\":\"WebPage\",\"@id\":\"https:\/\/poolconcept.live-website.com\/fr\/contact\/\",\"url\":\"https:\/\/poolconcept.live-website.com\/fr\/contact\/\",\"name\":\"Entreprise de couverture de piscine - Poolconcept\",\"isPartOf\":{\"@id\":\"https:\/\/poolconcept.live-website.com\/fr\/#website\"},\"primaryImageOfPage\":{\"@id\":\"https:\/\/poolconcept.live-website.com\/fr\/contact\/#primaryimage\"},\"image\":{\"@id\":\"https:\/\/poolconcept.live-website.com\/fr\/contact\/#primaryimage\"},\"thumbnailUrl\":\"https:\/\/poolconcept.live-website.com\/wp-content\/uploads\/2023\/02\/A485B464-C150-48B9-88C1-708F88A1F04A.svg\",\"datePublished\":\"2023-02-20T14:06:16+00:00\",\"dateModified\":\"2024-05-21T18:56:12+00:00\",\"description\":\"Swimming Pool Cover Company, une r\u00e9f\u00e9rence dans le secteur. Technologie brevet\u00e9e. Ponts de luxe\",\"breadcrumb\":{\"@id\":\"https:\/\/poolconcept.live-website.com\/fr\/contact\/#breadcrumb\"},\"inLanguage\":\"fr-FR\",\"potentialAction\":[{\"@type\":\"ReadAction\",\"target\":[\"https:\/\/poolconcept.live-website.com\/fr\/contact\/\"]}]},{\"@type\":\"ImageObject\",\"inLanguage\":\"fr-FR\",\"@id\":\"https:\/\/poolconcept.live-website.com\/fr\/contact\/#primaryimage\",\"url\":\"https:\/\/poolconcept.live-website.com\/wp-content\/uploads\/2023\/02\/A485B464-C150-48B9-88C1-708F88A1F04A.svg\",\"contentUrl\":\"https:\/\/poolconcept.live-website.com\/wp-content\/uploads\/2023\/02\/A485B464-C150-48B9-88C1-708F88A1F04A.svg\"},{\"@type\":\"BreadcrumbList\",\"@id\":\"https:\/\/poolconcept.live-website.com\/fr\/contact\/#breadcrumb\",\"itemListElement\":[{\"@type\":\"ListItem\",\"position\":1,\"name\":\"Portada\",\"item\":\"https:\/\/poolconcept.live-website.com\/fr\/\"},{\"@type\":\"ListItem\",\"position\":2,\"name\":\"Contact\"}]},{\"@type\":\"WebSite\",\"@id\":\"https:\/\/poolconcept.live-website.com\/fr\/#website\",\"url\":\"https:\/\/poolconcept.live-website.com\/fr\/\",\"name\":\"Poolconcept - Cubiertas transitables para Piscinas\",\"description\":\"\",\"potentialAction\":[{\"@type\":\"SearchAction\",\"target\":{\"@type\":\"EntryPoint\",\"urlTemplate\":\"https:\/\/poolconcept.live-website.com\/fr\/?s={search_term_string}\"},\"query-input\":{\"@type\":\"PropertyValueSpecification\",\"valueRequired\":true,\"valueName\":\"search_term_string\"}}],\"inLanguage\":\"fr-FR\"}]}<\/script>\n<!-- \/ Yoast SEO plugin. -->","yoast_head_json":{"title":"Entreprise de couverture de piscine - Poolconcept","description":"Swimming Pool Cover Company, une r\u00e9f\u00e9rence dans le secteur. Technologie brevet\u00e9e. Ponts de luxe","robots":{"index":"index","follow":"follow","max-snippet":"max-snippet:-1","max-image-preview":"max-image-preview:large","max-video-preview":"max-video-preview:-1"},"canonical":"https:\/\/poolconcept.live-website.com\/fr\/contact\/","og_locale":"fr_FR","og_type":"article","og_title":"Entreprise de couverture de piscine - Poolconcept","og_description":"Swimming Pool Cover Company, une r\u00e9f\u00e9rence dans le secteur. Technologie brevet\u00e9e. Ponts de luxe","og_url":"https:\/\/poolconcept.live-website.com\/fr\/contact\/","og_site_name":"Poolconcept - Cubiertas transitables para Piscinas","article_modified_time":"2024-05-21T18:56:12+00:00","og_image":[{"url":"https:\/\/poolconcept.live-website.com\/wp-content\/uploads\/2023\/02\/A485B464-C150-48B9-88C1-708F88A1F04A.svg","type":"","width":"","height":""}],"twitter_card":"summary_large_image","schema":{"@context":"https:\/\/schema.org","@graph":[{"@type":"WebPage","@id":"https:\/\/poolconcept.live-website.com\/fr\/contact\/","url":"https:\/\/poolconcept.live-website.com\/fr\/contact\/","name":"Entreprise de couverture de piscine - Poolconcept","isPartOf":{"@id":"https:\/\/poolconcept.live-website.com\/fr\/#website"},"primaryImageOfPage":{"@id":"https:\/\/poolconcept.live-website.com\/fr\/contact\/#primaryimage"},"image":{"@id":"https:\/\/poolconcept.live-website.com\/fr\/contact\/#primaryimage"},"thumbnailUrl":"https:\/\/poolconcept.live-website.com\/wp-content\/uploads\/2023\/02\/A485B464-C150-48B9-88C1-708F88A1F04A.svg","datePublished":"2023-02-20T14:06:16+00:00","dateModified":"2024-05-21T18:56:12+00:00","description":"Swimming Pool Cover Company, une r\u00e9f\u00e9rence dans le secteur. Technologie brevet\u00e9e. Ponts de luxe","breadcrumb":{"@id":"https:\/\/poolconcept.live-website.com\/fr\/contact\/#breadcrumb"},"inLanguage":"fr-FR","potentialAction":[{"@type":"ReadAction","target":["https:\/\/poolconcept.live-website.com\/fr\/contact\/"]}]},{"@type":"ImageObject","inLanguage":"fr-FR","@id":"https:\/\/poolconcept.live-website.com\/fr\/contact\/#primaryimage","url":"https:\/\/poolconcept.live-website.com\/wp-content\/uploads\/2023\/02\/A485B464-C150-48B9-88C1-708F88A1F04A.svg","contentUrl":"https:\/\/poolconcept.live-website.com\/wp-content\/uploads\/2023\/02\/A485B464-C150-48B9-88C1-708F88A1F04A.svg"},{"@type":"BreadcrumbList","@id":"https:\/\/poolconcept.live-website.com\/fr\/contact\/#breadcrumb","itemListElement":[{"@type":"ListItem","position":1,"name":"Portada","item":"https:\/\/poolconcept.live-website.com\/fr\/"},{"@type":"ListItem","position":2,"name":"Contact"}]},{"@type":"WebSite","@id":"https:\/\/poolconcept.live-website.com\/fr\/#website","url":"https:\/\/poolconcept.live-website.com\/fr\/","name":"Poolconcept - Cubiertas transitables para Piscinas","description":"","potentialAction":[{"@type":"SearchAction","target":{"@type":"EntryPoint","urlTemplate":"https:\/\/poolconcept.live-website.com\/fr\/?s={search_term_string}"},"query-input":{"@type":"PropertyValueSpecification","valueRequired":true,"valueName":"search_term_string"}}],"inLanguage":"fr-FR"}]}},"_links":{"self":[{"href":"https:\/\/poolconcept.live-website.com\/fr\/wp-json\/wp\/v2\/pages\/276789","targetHints":{"allow":["GET"]}}],"collection":[{"href":"https:\/\/poolconcept.live-website.com\/fr\/wp-json\/wp\/v2\/pages"}],"about":[{"href":"https:\/\/poolconcept.live-website.com\/fr\/wp-json\/wp\/v2\/types\/page"}],"author":[{"embeddable":true,"href":"https:\/\/poolconcept.live-website.com\/fr\/wp-json\/wp\/v2\/users\/2"}],"replies":[{"embeddable":true,"href":"https:\/\/poolconcept.live-website.com\/fr\/wp-json\/wp\/v2\/comments?post=276789"}],"version-history":[{"count":0,"href":"https:\/\/poolconcept.live-website.com\/fr\/wp-json\/wp\/v2\/pages\/276789\/revisions"}],"wp:attachment":[{"href":"https:\/\/poolconcept.live-website.com\/fr\/wp-json\/wp\/v2\/media?parent=276789"}],"curies":[{"name":"wp","href":"https:\/\/api.w.org\/{rel}","templated":true}]}}