{"id":276803,"date":"2023-02-22T19:44:05","date_gmt":"2023-02-22T19:44:05","guid":{"rendered":"https:\/\/poolconcept.live-website.com\/galerie-de-projets\/"},"modified":"2024-05-21T18:56:58","modified_gmt":"2024-05-21T18:56:58","slug":"galerie-de-projets","status":"publish","type":"page","link":"https:\/\/poolconcept.live-website.com\/fr\/galerie-de-projets\/","title":{"rendered":"Galerie de projets"},"content":{"rendered":"\t\t<div data-elementor-type=\"wp-page\" data-elementor-id=\"276803\" class=\"elementor elementor-276803 elementor-721\" data-elementor-post-type=\"page\">\n\t\t\t\t\t\t<section class=\"elementor-section elementor-top-section elementor-element elementor-element-769bb7c elementor-section-height-min-height elementor-section-boxed elementor-section-height-default elementor-section-items-middle\" data-id=\"769bb7c\" data-element_type=\"section\" data-settings=\"{&quot;background_background&quot;:&quot;classic&quot;}\">\n\t\t\t\t\t\t<div class=\"elementor-container elementor-column-gap-default\">\n\t\t\t\t\t<div class=\"elementor-column elementor-col-50 elementor-top-column elementor-element elementor-element-9ec1e5a\" data-id=\"9ec1e5a\" data-element_type=\"column\">\n\t\t\t<div class=\"elementor-widget-wrap elementor-element-populated\">\n\t\t\t\t\t\t<div class=\"elementor-element elementor-element-0a8babc elementor-widget elementor-widget-heading\" data-id=\"0a8babc\" data-element_type=\"widget\" data-widget_type=\"heading.default\">\n\t\t\t\t<div class=\"elementor-widget-container\">\n\t\t\t\t\t<h1 class=\"elementor-heading-title elementor-size-default\">Projets de couverture de piscine<\/h1>\t\t\t\t<\/div>\n\t\t\t\t<\/div>\n\t\t\t\t<div class=\"elementor-element elementor-element-c09cbea elementor-widget elementor-widget-heading\" data-id=\"c09cbea\" data-element_type=\"widget\" data-widget_type=\"heading.default\">\n\t\t\t\t<div class=\"elementor-widget-container\">\n\t\t\t\t\t<h4 class=\"elementor-heading-title elementor-size-default\">Galerie de\nProjets<\/h4>\t\t\t\t<\/div>\n\t\t\t\t<\/div>\n\t\t\t\t\t<\/div>\n\t\t<\/div>\n\t\t\t\t<div class=\"elementor-column elementor-col-50 elementor-top-column elementor-element elementor-element-d154785\" data-id=\"d154785\" data-element_type=\"column\">\n\t\t\t<div class=\"elementor-widget-wrap\">\n\t\t\t\t\t\t\t<\/div>\n\t\t<\/div>\n\t\t\t\t\t<\/div>\n\t\t<\/section>\n\t\t\t\t<section class=\"elementor-section elementor-top-section elementor-element elementor-element-4020ac5 elementor-section-boxed elementor-section-height-default elementor-section-height-default\" data-id=\"4020ac5\" data-element_type=\"section\" data-settings=\"{&quot;background_background&quot;:&quot;classic&quot;}\">\n\t\t\t\t\t\t<div class=\"elementor-container elementor-column-gap-default\">\n\t\t\t\t\t<div class=\"elementor-column elementor-col-100 elementor-top-column elementor-element elementor-element-ff6c146\" data-id=\"ff6c146\" data-element_type=\"column\">\n\t\t\t<div class=\"elementor-widget-wrap elementor-element-populated\">\n\t\t\t\t\t\t<div class=\"elementor-element elementor-element-3bba53b elementor-widget__width-initial elementor-widget elementor-widget-text-editor\" data-id=\"3bba53b\" data-element_type=\"widget\" data-widget_type=\"text-editor.default\">\n\t\t\t\t<div class=\"elementor-widget-container\">\n\t\t\t\t\t\t\t\t\t<p>Nous avons atteint l\u2019\u00e9quilibre parfait entre s\u00e9curit\u00e9, qualit\u00e9, design et efficacit\u00e9 afin qu\u2019ils s\u2019int\u00e8grent parfaitement dans n\u2019importe quel espace<\/p>\n\t\t\t\t\t\t\t\t<\/div>\n\t\t\t\t<\/div>\n\t\t\t\t<section class=\"elementor-section elementor-inner-section elementor-element elementor-element-e81c9c8 elementor-section-boxed elementor-section-height-default elementor-section-height-default\" data-id=\"e81c9c8\" data-element_type=\"section\">\n\t\t\t\t\t\t<div class=\"elementor-container elementor-column-gap-default\">\n\t\t\t\t\t<div class=\"elementor-column elementor-col-50 elementor-inner-column elementor-element elementor-element-b000636\" data-id=\"b000636\" data-element_type=\"column\">\n\t\t\t<div class=\"elementor-widget-wrap elementor-element-populated\">\n\t\t\t\t\t\t<div class=\"elementor-element elementor-element-aa769ae elementor-align-right elementor-mobile-align-justify btn-proyectos btn-proyectos-particulares is-active elementor-widget elementor-widget-button\" data-id=\"aa769ae\" data-element_type=\"widget\" data-widget_type=\"button.default\">\n\t\t\t\t<div class=\"elementor-widget-container\">\n\t\t\t\t\t\t\t\t\t<div class=\"elementor-button-wrapper\">\n\t\t\t\t\t<a class=\"elementor-button elementor-button-link elementor-size-sm\" href=\"#\">\n\t\t\t\t\t\t<span class=\"elementor-button-content-wrapper\">\n\t\t\t\t\t\t\t\t\t<span class=\"elementor-button-text\">Particulier<\/span>\n\t\t\t\t\t<\/span>\n\t\t\t\t\t<\/a>\n\t\t\t\t<\/div>\n\t\t\t\t\t\t\t\t<\/div>\n\t\t\t\t<\/div>\n\t\t\t\t\t<\/div>\n\t\t<\/div>\n\t\t\t\t<div class=\"elementor-column elementor-col-50 elementor-inner-column elementor-element elementor-element-06645e6\" data-id=\"06645e6\" data-element_type=\"column\">\n\t\t\t<div class=\"elementor-widget-wrap elementor-element-populated\">\n\t\t\t\t\t\t<div class=\"elementor-element elementor-element-8f8c056 elementor-align-left elementor-mobile-align-justify btn-proyectos btn-proyectos-comerciales elementor-widget elementor-widget-button\" data-id=\"8f8c056\" data-element_type=\"widget\" data-widget_type=\"button.default\">\n\t\t\t\t<div class=\"elementor-widget-container\">\n\t\t\t\t\t\t\t\t\t<div class=\"elementor-button-wrapper\">\n\t\t\t\t\t<a class=\"elementor-button elementor-button-link elementor-size-sm\" href=\"#\">\n\t\t\t\t\t\t<span class=\"elementor-button-content-wrapper\">\n\t\t\t\t\t\t\t\t\t<span class=\"elementor-button-text\">Commercial<\/span>\n\t\t\t\t\t<\/span>\n\t\t\t\t\t<\/a>\n\t\t\t\t<\/div>\n\t\t\t\t\t\t\t\t<\/div>\n\t\t\t\t<\/div>\n\t\t\t\t\t<\/div>\n\t\t<\/div>\n\t\t\t\t\t<\/div>\n\t\t<\/section>\n\t\t\t\t\t<\/div>\n\t\t<\/div>\n\t\t\t\t\t<\/div>\n\t\t<\/section>\n\t\t\t\t<section class=\"elementor-section elementor-top-section elementor-element elementor-element-e1fb3c2 elementor-section-full_width custom-swiper is-active elementor-section-height-default elementor-section-height-default\" data-id=\"e1fb3c2\" data-element_type=\"section\" id=\"proyectos-particulares\">\n\t\t\t\t\t\t<div class=\"elementor-container elementor-column-gap-default\">\n\t\t\t\t\t<div class=\"elementor-column elementor-col-100 elementor-top-column elementor-element elementor-element-e21d358\" data-id=\"e21d358\" data-element_type=\"column\">\n\t\t\t<div class=\"elementor-widget-wrap\">\n\t\t\t\t\t\t\t<\/div>\n\t\t<\/div>\n\t\t\t\t\t<\/div>\n\t\t<\/section>\n\t\t\t\t<section class=\"elementor-section elementor-top-section elementor-element elementor-element-f70434c elementor-section-full_width custom-swiper elementor-section-height-default elementor-section-height-default\" data-id=\"f70434c\" data-element_type=\"section\" id=\"proyectos-comerciales\">\n\t\t\t\t\t\t<div class=\"elementor-container elementor-column-gap-default\">\n\t\t\t\t\t<div class=\"elementor-column elementor-col-100 elementor-top-column elementor-element elementor-element-d888ef7\" data-id=\"d888ef7\" data-element_type=\"column\">\n\t\t\t<div class=\"elementor-widget-wrap\">\n\t\t\t\t\t\t\t<\/div>\n\t\t<\/div>\n\t\t\t\t\t<\/div>\n\t\t<\/section>\n\t\t\t\t<section class=\"elementor-section elementor-top-section elementor-element elementor-element-4cacab2 elementor-section-boxed elementor-section-height-default elementor-section-height-default\" data-id=\"4cacab2\" data-element_type=\"section\">\n\t\t\t\t\t\t<div class=\"elementor-container elementor-column-gap-default\">\n\t\t\t\t\t<div class=\"elementor-column elementor-col-100 elementor-top-column elementor-element elementor-element-0af8b5f\" data-id=\"0af8b5f\" data-element_type=\"column\">\n\t\t\t<div class=\"elementor-widget-wrap elementor-element-populated\">\n\t\t\t\t\t\t<div class=\"elementor-element elementor-element-d3c7273 elementor-widget elementor-widget-html\" data-id=\"d3c7273\" data-element_type=\"widget\" data-widget_type=\"html.default\">\n\t\t\t\t<div class=\"elementor-widget-container\">\n\t\t\t\t\t<style>\n\n#proyectos-comerciales,\n#proyectos-particulares {\n    opacity: 0;\n    z-index: 0;\n}\n#proyectos-comerciales.is-active,\n#proyectos-particulares.is-active {\n    opacity: 1;\n    z-index: 1;\n}\n#proyectos-comerciales {\n    transform: translateY(-100%);\n    \n}\n \/* Botones *\/\n.btn-proyectos.is-active a {\n    fill: var(--e-global-color-accent )!important;\n    color: var(--e-global-color-accent )!important;\n    background-color: #FFFFFF00!important;\n    border-color: var(--e-global-color-accent )!important;\n }\n<\/style>\n<script>\nwindow.addEventListener('DOMContentLoaded', function() {\n \n    const $ = jQuery;\n    \n    \/* Proyectos Comerciales *\/\n    $('.btn-proyectos-comerciales a').on('click', function(e){\n    \n    e.preventDefault();\n    $('.btn-proyectos').removeClass('is-active');\n    $(this).parents('.btn-proyectos').addClass(\"is-active\");\n    $('#proyectos-particulares').removeClass(\"is-active\");\n    \n     setTimeout(function(){\n        \n        $('#proyectos-comerciales').addClass(\"is-active\");\n        \n        },500)\n        \n    })\n    \n     \/* Proyectos Particulares *\/\n    $('.btn-proyectos-particulares a').on('click', function(e){\n    \n    e.preventDefault();\n     $('.btn-proyectos').removeClass('is-active');\n    $(this).parents('.btn-proyectos').addClass(\"is-active\");\n    $('#proyectos-comerciales').removeClass(\"is-active\");\n\n    setTimeout(function(){\n        $('#proyectos-particulares').addClass(\"is-active\");\n \n    },500)\n        \n    })\n    \n    \n});\n<\/script>    \t\t\t\t<\/div>\n\t\t\t\t<\/div>\n\t\t\t\t\t<\/div>\n\t\t<\/div>\n\t\t\t\t\t<\/div>\n\t\t<\/section>\n\t\t\t\t<section class=\"elementor-section elementor-top-section elementor-element elementor-element-315c2e0 elementor-section-boxed elementor-section-height-default elementor-section-height-default\" data-id=\"315c2e0\" data-element_type=\"section\" data-settings=\"{&quot;background_background&quot;:&quot;classic&quot;}\">\n\t\t\t\t\t\t<div class=\"elementor-container elementor-column-gap-default\">\n\t\t\t\t\t<div class=\"elementor-column elementor-col-100 elementor-top-column elementor-element elementor-element-346bb35\" data-id=\"346bb35\" data-element_type=\"column\">\n\t\t\t<div class=\"elementor-widget-wrap elementor-element-populated\">\n\t\t\t\t\t\t<div class=\"elementor-element elementor-element-224fd86 elementor-widget elementor-widget-image\" data-id=\"224fd86\" data-element_type=\"widget\" data-widget_type=\"image.default\">\n\t\t\t\t<div class=\"elementor-widget-container\">\n\t\t\t\t\t\t\t\t\t\t\t\t\t\t\t<img decoding=\"async\" width=\"400\" height=\"58\" src=\"https:\/\/poolconcept.live-website.com\/wp-content\/uploads\/2023\/02\/A485B464-C150-48B9-88C1-708F88A1F04A.svg\" class=\"attachment-full size-full wp-image-274771\" alt=\"\" \/>\t\t\t\t\t\t\t\t\t\t\t\t\t\t\t<\/div>\n\t\t\t\t<\/div>\n\t\t\t\t<div class=\"elementor-element elementor-element-e0af6bc elementor-widget elementor-widget-text-editor\" data-id=\"e0af6bc\" data-element_type=\"widget\" data-widget_type=\"text-editor.default\">\n\t\t\t\t<div class=\"elementor-widget-container\">\n\t\t\t\t\t\t\t\t\tNouvelle g\u00e9n\u00e9ration  <br>\n\n<span style=\"color: #28a5d6; border-bottom: 1.5px solid #28A5D6;\">Piscines  <\/span>\t\t\t\t\t\t\t\t<\/div>\n\t\t\t\t<\/div>\n\t\t\t\t<div class=\"elementor-element elementor-element-0eeb89b elementor-widget__width-initial elementor-widget elementor-widget-text-editor\" data-id=\"0eeb89b\" data-element_type=\"widget\" data-widget_type=\"text-editor.default\">\n\t\t\t\t<div class=\"elementor-widget-container\">\n\t\t\t\t\t\t\t\t\t<p><span style=\"font-weight: 400;\">Se rafra\u00eechir n\u2019est plus un objectif, c\u2019est une option. La limitation de l\u2019espace n\u2019est pas une imposition, c\u2019est une d\u00e9cision. Le design n\u2019est pas saisonnier, il est \u00e9ternel<\/span><span style=\"font-weight: 400;\">.<\/span><\/p>\n\t\t\t\t\t\t\t\t<\/div>\n\t\t\t\t<\/div>\n\t\t\t\t<div class=\"elementor-element elementor-element-2393bcf elementor-align-center elementor-widget elementor-widget-button\" data-id=\"2393bcf\" data-element_type=\"widget\" data-widget_type=\"button.default\">\n\t\t\t\t<div class=\"elementor-widget-container\">\n\t\t\t\t\t\t\t\t\t<div class=\"elementor-button-wrapper\">\n\t\t\t\t\t<a class=\"elementor-button elementor-button-link elementor-size-sm\" href=\"https:\/\/poolconcept.live-website.com\/fr\/contact\/\">\n\t\t\t\t\t\t<span class=\"elementor-button-content-wrapper\">\n\t\t\t\t\t\t\t\t\t<span class=\"elementor-button-text\">Contactez-nous<\/span>\n\t\t\t\t\t<\/span>\n\t\t\t\t\t<\/a>\n\t\t\t\t<\/div>\n\t\t\t\t\t\t\t\t<\/div>\n\t\t\t\t<\/div>\n\t\t\t\t\t<\/div>\n\t\t<\/div>\n\t\t\t\t\t<\/div>\n\t\t<\/section>\n\t\t\t\t<\/div>\n\t\t","protected":false},"excerpt":{"rendered":"<p>Projets de couverture de piscine Galerie de Projets Nous avons atteint l\u2019\u00e9quilibre parfait entre s\u00e9curit\u00e9, qualit\u00e9, design et efficacit\u00e9 afin qu\u2019ils s\u2019int\u00e8grent parfaitement dans n\u2019importe quel espace Particulier Commercial ProyectoMadison Ver Detalles &nbsp; ProyectoMiami Ver Detalles &nbsp; Proyecto Interior Ver Detalles &nbsp; Proyecto Fall Ver Detalles &nbsp; Proyecto Time Ver Detalles &nbsp; ProyectoSky Ver Detalles [&hellip;]<\/p>\n","protected":false},"author":2,"featured_media":0,"parent":0,"menu_order":0,"comment_status":"closed","ping_status":"closed","template":"elementor_header_footer","meta":{"footnotes":""},"class_list":["post-276803","page","type-page","status-publish","hentry"],"yoast_head":"<!-- This site is optimized with the Yoast SEO plugin v24.5 - https:\/\/yoast.com\/wordpress\/plugins\/seo\/ -->\n<title>Projets de terrasses et de piscines de luxe - Poolconcept<\/title>\n<meta name=\"description\" content=\"D\u00e9couvrez nos projets de terrasses de luxe. Piscines de luxe avec les meilleures finitions. Projets sur mesure\" \/>\n<meta name=\"robots\" content=\"index, follow, max-snippet:-1, max-image-preview:large, max-video-preview:-1\" \/>\n<link rel=\"canonical\" href=\"https:\/\/poolconcept.live-website.com\/fr\/galerie-de-projets\/\" \/>\n<meta property=\"og:locale\" content=\"fr_FR\" \/>\n<meta property=\"og:type\" content=\"article\" \/>\n<meta property=\"og:title\" content=\"Projets de terrasses et de piscines de luxe - Poolconcept\" \/>\n<meta property=\"og:description\" content=\"D\u00e9couvrez nos projets de terrasses de luxe. Piscines de luxe avec les meilleures finitions. Projets sur mesure\" \/>\n<meta property=\"og:url\" content=\"https:\/\/poolconcept.live-website.com\/fr\/galerie-de-projets\/\" \/>\n<meta property=\"og:site_name\" content=\"Poolconcept - Cubiertas transitables para Piscinas\" \/>\n<meta property=\"article:modified_time\" content=\"2024-05-21T18:56:58+00:00\" \/>\n<meta property=\"og:image\" content=\"https:\/\/poolconcept.live-website.com\/wp-content\/uploads\/2023\/03\/slider-madison.png\" \/>\n<meta name=\"twitter:card\" content=\"summary_large_image\" \/>\n<meta name=\"twitter:label1\" content=\"Dur\u00e9e de lecture estim\u00e9e\" \/>\n\t<meta name=\"twitter:data1\" content=\"1 minute\" \/>\n<script type=\"application\/ld+json\" class=\"yoast-schema-graph\">{\"@context\":\"https:\/\/schema.org\",\"@graph\":[{\"@type\":\"WebPage\",\"@id\":\"https:\/\/poolconcept.live-website.com\/fr\/galerie-de-projets\/\",\"url\":\"https:\/\/poolconcept.live-website.com\/fr\/galerie-de-projets\/\",\"name\":\"Projets de terrasses et de piscines de luxe - Poolconcept\",\"isPartOf\":{\"@id\":\"https:\/\/poolconcept.live-website.com\/fr\/#website\"},\"primaryImageOfPage\":{\"@id\":\"https:\/\/poolconcept.live-website.com\/fr\/galerie-de-projets\/#primaryimage\"},\"image\":{\"@id\":\"https:\/\/poolconcept.live-website.com\/fr\/galerie-de-projets\/#primaryimage\"},\"thumbnailUrl\":\"https:\/\/poolconcept.live-website.com\/wp-content\/uploads\/2023\/03\/slider-madison.png\",\"datePublished\":\"2023-02-22T19:44:05+00:00\",\"dateModified\":\"2024-05-21T18:56:58+00:00\",\"description\":\"D\u00e9couvrez nos projets de terrasses de luxe. Piscines de luxe avec les meilleures finitions. Projets sur mesure\",\"breadcrumb\":{\"@id\":\"https:\/\/poolconcept.live-website.com\/fr\/galerie-de-projets\/#breadcrumb\"},\"inLanguage\":\"fr-FR\",\"potentialAction\":[{\"@type\":\"ReadAction\",\"target\":[\"https:\/\/poolconcept.live-website.com\/fr\/galerie-de-projets\/\"]}]},{\"@type\":\"ImageObject\",\"inLanguage\":\"fr-FR\",\"@id\":\"https:\/\/poolconcept.live-website.com\/fr\/galerie-de-projets\/#primaryimage\",\"url\":\"https:\/\/poolconcept.live-website.com\/wp-content\/uploads\/2023\/03\/slider-madison.png\",\"contentUrl\":\"https:\/\/poolconcept.live-website.com\/wp-content\/uploads\/2023\/03\/slider-madison.png\"},{\"@type\":\"BreadcrumbList\",\"@id\":\"https:\/\/poolconcept.live-website.com\/fr\/galerie-de-projets\/#breadcrumb\",\"itemListElement\":[{\"@type\":\"ListItem\",\"position\":1,\"name\":\"Portada\",\"item\":\"https:\/\/poolconcept.live-website.com\/fr\/\"},{\"@type\":\"ListItem\",\"position\":2,\"name\":\"Galerie de projets\"}]},{\"@type\":\"WebSite\",\"@id\":\"https:\/\/poolconcept.live-website.com\/fr\/#website\",\"url\":\"https:\/\/poolconcept.live-website.com\/fr\/\",\"name\":\"Poolconcept - Cubiertas transitables para Piscinas\",\"description\":\"\",\"potentialAction\":[{\"@type\":\"SearchAction\",\"target\":{\"@type\":\"EntryPoint\",\"urlTemplate\":\"https:\/\/poolconcept.live-website.com\/fr\/?s={search_term_string}\"},\"query-input\":{\"@type\":\"PropertyValueSpecification\",\"valueRequired\":true,\"valueName\":\"search_term_string\"}}],\"inLanguage\":\"fr-FR\"}]}<\/script>\n<!-- \/ Yoast SEO plugin. -->","yoast_head_json":{"title":"Projets de terrasses et de piscines de luxe - Poolconcept","description":"D\u00e9couvrez nos projets de terrasses de luxe. Piscines de luxe avec les meilleures finitions. Projets sur mesure","robots":{"index":"index","follow":"follow","max-snippet":"max-snippet:-1","max-image-preview":"max-image-preview:large","max-video-preview":"max-video-preview:-1"},"canonical":"https:\/\/poolconcept.live-website.com\/fr\/galerie-de-projets\/","og_locale":"fr_FR","og_type":"article","og_title":"Projets de terrasses et de piscines de luxe - Poolconcept","og_description":"D\u00e9couvrez nos projets de terrasses de luxe. Piscines de luxe avec les meilleures finitions. Projets sur mesure","og_url":"https:\/\/poolconcept.live-website.com\/fr\/galerie-de-projets\/","og_site_name":"Poolconcept - Cubiertas transitables para Piscinas","article_modified_time":"2024-05-21T18:56:58+00:00","og_image":[{"url":"https:\/\/poolconcept.live-website.com\/wp-content\/uploads\/2023\/03\/slider-madison.png","type":"","width":"","height":""}],"twitter_card":"summary_large_image","twitter_misc":{"Dur\u00e9e de lecture estim\u00e9e":"1 minute"},"schema":{"@context":"https:\/\/schema.org","@graph":[{"@type":"WebPage","@id":"https:\/\/poolconcept.live-website.com\/fr\/galerie-de-projets\/","url":"https:\/\/poolconcept.live-website.com\/fr\/galerie-de-projets\/","name":"Projets de terrasses et de piscines de luxe - Poolconcept","isPartOf":{"@id":"https:\/\/poolconcept.live-website.com\/fr\/#website"},"primaryImageOfPage":{"@id":"https:\/\/poolconcept.live-website.com\/fr\/galerie-de-projets\/#primaryimage"},"image":{"@id":"https:\/\/poolconcept.live-website.com\/fr\/galerie-de-projets\/#primaryimage"},"thumbnailUrl":"https:\/\/poolconcept.live-website.com\/wp-content\/uploads\/2023\/03\/slider-madison.png","datePublished":"2023-02-22T19:44:05+00:00","dateModified":"2024-05-21T18:56:58+00:00","description":"D\u00e9couvrez nos projets de terrasses de luxe. Piscines de luxe avec les meilleures finitions. Projets sur mesure","breadcrumb":{"@id":"https:\/\/poolconcept.live-website.com\/fr\/galerie-de-projets\/#breadcrumb"},"inLanguage":"fr-FR","potentialAction":[{"@type":"ReadAction","target":["https:\/\/poolconcept.live-website.com\/fr\/galerie-de-projets\/"]}]},{"@type":"ImageObject","inLanguage":"fr-FR","@id":"https:\/\/poolconcept.live-website.com\/fr\/galerie-de-projets\/#primaryimage","url":"https:\/\/poolconcept.live-website.com\/wp-content\/uploads\/2023\/03\/slider-madison.png","contentUrl":"https:\/\/poolconcept.live-website.com\/wp-content\/uploads\/2023\/03\/slider-madison.png"},{"@type":"BreadcrumbList","@id":"https:\/\/poolconcept.live-website.com\/fr\/galerie-de-projets\/#breadcrumb","itemListElement":[{"@type":"ListItem","position":1,"name":"Portada","item":"https:\/\/poolconcept.live-website.com\/fr\/"},{"@type":"ListItem","position":2,"name":"Galerie de projets"}]},{"@type":"WebSite","@id":"https:\/\/poolconcept.live-website.com\/fr\/#website","url":"https:\/\/poolconcept.live-website.com\/fr\/","name":"Poolconcept - Cubiertas transitables para Piscinas","description":"","potentialAction":[{"@type":"SearchAction","target":{"@type":"EntryPoint","urlTemplate":"https:\/\/poolconcept.live-website.com\/fr\/?s={search_term_string}"},"query-input":{"@type":"PropertyValueSpecification","valueRequired":true,"valueName":"search_term_string"}}],"inLanguage":"fr-FR"}]}},"_links":{"self":[{"href":"https:\/\/poolconcept.live-website.com\/fr\/wp-json\/wp\/v2\/pages\/276803","targetHints":{"allow":["GET"]}}],"collection":[{"href":"https:\/\/poolconcept.live-website.com\/fr\/wp-json\/wp\/v2\/pages"}],"about":[{"href":"https:\/\/poolconcept.live-website.com\/fr\/wp-json\/wp\/v2\/types\/page"}],"author":[{"embeddable":true,"href":"https:\/\/poolconcept.live-website.com\/fr\/wp-json\/wp\/v2\/users\/2"}],"replies":[{"embeddable":true,"href":"https:\/\/poolconcept.live-website.com\/fr\/wp-json\/wp\/v2\/comments?post=276803"}],"version-history":[{"count":0,"href":"https:\/\/poolconcept.live-website.com\/fr\/wp-json\/wp\/v2\/pages\/276803\/revisions"}],"wp:attachment":[{"href":"https:\/\/poolconcept.live-website.com\/fr\/wp-json\/wp\/v2\/media?parent=276803"}],"curies":[{"name":"wp","href":"https:\/\/api.w.org\/{rel}","templated":true}]}}