{"id":276698,"date":"2023-03-31T12:06:54","date_gmt":"2023-03-31T12:06:54","guid":{"rendered":"https:\/\/poolconcept.live-website.com\/politica-sui-cookie\/"},"modified":"2024-05-21T18:52:46","modified_gmt":"2024-05-21T18:52:46","slug":"politica-sui-cookie","status":"publish","type":"page","link":"https:\/\/poolconcept.live-website.com\/it\/politica-sui-cookie\/","title":{"rendered":"Politica sui cookie"},"content":{"rendered":"\t\t<div data-elementor-type=\"wp-page\" data-elementor-id=\"276698\" class=\"elementor elementor-276698 elementor-274565\" data-elementor-post-type=\"page\">\n\t\t\t\t\t\t<section class=\"elementor-section elementor-top-section elementor-element elementor-element-f01c1a1 elementor-section-height-min-height elementor-section-boxed elementor-section-height-default elementor-section-items-middle\" data-id=\"f01c1a1\" data-element_type=\"section\" data-settings=\"{&quot;background_background&quot;:&quot;classic&quot;}\">\n\t\t\t\t\t\t<div class=\"elementor-container elementor-column-gap-default\">\n\t\t\t\t\t<div class=\"elementor-column elementor-col-50 elementor-top-column elementor-element elementor-element-e8793a0\" data-id=\"e8793a0\" data-element_type=\"column\">\n\t\t\t<div class=\"elementor-widget-wrap elementor-element-populated\">\n\t\t\t\t\t\t<div class=\"elementor-element elementor-element-e54f01f elementor-widget__width-initial elementor-widget elementor-widget-heading\" data-id=\"e54f01f\" data-element_type=\"widget\" data-widget_type=\"heading.default\">\n\t\t\t\t<div class=\"elementor-widget-container\">\n\t\t\t\t\t<h2 class=\"elementor-heading-title elementor-size-default\">Politica sui cookie<\/h2>\t\t\t\t<\/div>\n\t\t\t\t<\/div>\n\t\t\t\t\t<\/div>\n\t\t<\/div>\n\t\t\t\t<div class=\"elementor-column elementor-col-50 elementor-top-column elementor-element elementor-element-b6e4af7\" data-id=\"b6e4af7\" data-element_type=\"column\">\n\t\t\t<div class=\"elementor-widget-wrap\">\n\t\t\t\t\t\t\t<\/div>\n\t\t<\/div>\n\t\t\t\t\t<\/div>\n\t\t<\/section>\n\t\t\t\t<section class=\"elementor-section elementor-top-section elementor-element elementor-element-2ec02ba elementor-section-boxed elementor-section-height-default elementor-section-height-default\" data-id=\"2ec02ba\" data-element_type=\"section\" data-settings=\"{&quot;background_background&quot;:&quot;classic&quot;}\">\n\t\t\t\t\t\t<div class=\"elementor-container elementor-column-gap-default\">\n\t\t\t\t\t<div class=\"elementor-column elementor-col-100 elementor-top-column elementor-element elementor-element-3ccfdeb\" data-id=\"3ccfdeb\" data-element_type=\"column\">\n\t\t\t<div class=\"elementor-widget-wrap elementor-element-populated\">\n\t\t\t\t\t\t<div class=\"elementor-element elementor-element-81c27d2 elementor-widget__width-initial elementor-widget elementor-widget-text-editor\" data-id=\"81c27d2\" data-element_type=\"widget\" data-widget_type=\"text-editor.default\">\n\t\t\t\t<div class=\"elementor-widget-container\">\n\t\t\t\t\t\t\t\t\t<p>La presente cookie policy \u00e8 stata aggiornata l&#8217;ultima volta il 14 maggio 2021 e si applica ai cittadini dello Spazio economico europeo.<\/p>\n<h2>INTRODUZIONE<\/h2>\n<p>Il nostro sito web, https:\/\/poolconcept.live-website.com (di seguito: &#8220;il sito web&#8221;) utilizza cookie e altre tecnologie correlate (per comodit\u00e0, tutte le tecnologie saranno denominate &#8220;cookie&#8221;). I cookie possono essere inseriti anche da terze parti da noi incaricate. Nel seguente documento ti informiamo sull&#8217;utilizzo dei cookie sul nostro sito web.<\/p>\n<h2>COSA SONO I COOKIE?<\/h2>\n<p>Un cookie \u00e8 un piccolo file che viene inviato insieme alle pagine di questo sito Web e memorizzato dal browser dell&#8217;utente sul disco rigido del computer o di un altro dispositivo. Le informazioni memorizzate possono essere restituite ai nostri server o ai server delle terze parti interessate durante una visita successiva.<\/p>\n<h2>COSA SONO GLI SCRIPT?<\/h2>\n<p>Uno script \u00e8 un pezzo di codice di programma che viene utilizzato per far funzionare correttamente e in modo interattivo il nostro sito web. Questo codice viene eseguito sul nostro server o sul tuo dispositivo.<\/p>\n<h2>CHE COS&#8217;\u00c8 UN WEB BEACON?<\/h2>\n<p>Un web beacon (o pixel tag) \u00e8 un piccolo pezzo di testo o immagine invisibile su un sito Web che viene utilizzato per monitorare il traffico sul sito Web. A tal fine, diversi dati sull&#8217;utente vengono memorizzati utilizzando questi web beacon.<\/p>\n<h2>CONSENSO<\/h2>\n<p>Quando visiti il nostro sito web per la prima volta, ti mostreremo una finestra pop-up con una spiegazione sui cookie. Non appena clicchi su &#8220;Tutti i cookie&#8221;, ci autorizzi a utilizzare tutti i cookie e i plug-in come descritto nella finestra pop-up e nella presente informativa sui cookie. \u00c8 possibile disabilitare l&#8217;uso dei cookie tramite il browser, ma si prega di notare che il nostro sito Web potrebbe non funzionare pi\u00f9 correttamente.  <\/p>\n<h2>BISCOTTI<\/h2>\n<p><strong>Cookie tecnici o funzionali<\/strong><br \/>Alcuni cookie assicurano che alcune parti del sito web funzionino correttamente e che le preferenze dell&#8217;utente siano ancora riconosciute. Inserendo i cookie funzionali, rendiamo pi\u00f9 facile per voi visitare il nostro sito web. In questo modo, non \u00e8 necessario inserire ripetutamente le stesse informazioni quando si visita il nostro sito Web e, ad esempio, gli articoli rimangono nel carrello fino a quando non si \u00e8 pagato. Potremmo inserire questi cookie senza il consenso dell&#8217;utente.<\/p>\n<p><strong>Cookie analitici<\/strong><br \/>Utilizziamo i cookie analitici per ottimizzare l&#8217;esperienza del sito web per i nostri utenti. Con questi cookie analitici, otteniamo informazioni sull&#8217;utilizzo del nostro sito web. Chiediamo il tuo consenso per inserire cookie analitici.<\/p>\n<p><strong>Cookie pubblicitari<\/strong><br \/>Su questo sito web non utilizziamo cookie pubblicitari.<\/p>\n<p><strong>Pulsanti dei social media<\/strong><br \/>Sul nostro sito web abbiamo incluso pulsanti per Facebook e per poter condividere o pubblicizzare pagine (ad es. &#8220;mi piace&#8221;, &#8220;pin&#8221;) o condividerle (ad es. &#8220;facebook&#8221;) su social network come Facebook. Questi pulsanti funzionano utilizzando il codice di Facebook. Questo codice incorpora i cookie. Questi pulsanti dei social media possono memorizzare ed elaborare determinate informazioni, in modo che possa essere visualizzata una pubblicit\u00e0 personalizzata.<br \/>Si prega di leggere l&#8217;informativa sulla privacy di questi social network (che pu\u00f2 cambiare frequentemente) per scoprire cosa fanno con i dati (personali) che trattano utilizzando questi cookie. I dati che ricevono sono resi anonimi il pi\u00f9 possibile. Facebook si trova negli Stati Uniti.<\/p>\n<\/p>\n<h2><span id=\"7_Cookies_usadas\">COOKIE UTILIZZATI<\/span><\/h2>\n<h4><span id=\"Google_Analytics\">Analisi di Google<\/span><\/h4>\n<p>Utilizziamo Google Analytics per le statistiche del sito web. Leggi tutto<\/p>\n<table>\n<tbody>\n<tr>\n<td>Funzione di conservazione<\/td>\n<td> <\/td>\n<td>dei nomi<\/td>\n<\/tr>\n<tr>\n<td><b>Statistiche (anonime)<\/b><\/td>\n<td> <\/td>\n<td> <\/td>\n<\/tr>\n<tr>\n<td>_ga<\/td>\n<td>2 anni<\/td>\n<td> <\/td>\n<\/tr>\n<tr>\n<td>_gid<\/td>\n<td>1 giorno<\/td>\n<td>conta e monitora le visualizzazioni di pagina<\/td>\n<\/tr>\n<tr>\n<td><b>Statistica<\/b><\/td>\n<td> <\/td>\n<td> <\/td>\n<\/tr>\n<tr>\n<td>_gat_UA-*<\/td>\n<td>sessione<\/td>\n<td> <\/td>\n<\/tr>\n<\/tbody>\n<\/table>\n<h5><span id=\"Compartir\">Condividi<\/span><\/h5>\n<p>Per ulteriori informazioni, si prega di leggere l&#8217;Informativa sulla privacy di Google Analytics.<\/p>\n<h4><span id=\"Cookie_Notice_for_GDPR\">Informativa sui cookie per il GDPR<\/span><\/h4>\n<p>Utilizziamo l&#8217;Informativa sui cookie per il GDPR per gestire il consenso ai cookie. Leggi tutto<\/p>\n<table>\n<tbody>\n<tr>\n<td>Funzione di conservazione<\/td>\n<td> <\/td>\n<td>dei nomi<\/td>\n<\/tr>\n<tr>\n<td><b>Funzionale<\/b><\/td>\n<td> <\/td>\n<td> <\/td>\n<\/tr>\n<tr>\n<td>Persistente cookie_notice_accepted<\/td>\n<td><\/td>\n<td>Controlla se i cookie possono essere installati<\/td>\n<\/tr>\n<\/tbody>\n<\/table>\n<h5><span id=\"Compartir1\">Condividi<\/span><\/h5>\n<p>Questi dati non vengono condivisi con terze parti.<\/p>\n<h4><span id=\"Divi_Elegant_Themes\">Divi (Temi eleganti)<\/span><\/h4>\n<p>Usiamo Divi (Elegant Themes) per il design del negozio online. Leggi tutto<\/p>\n<table>\n<tbody>\n<tr>\n<td>Funzione di conservazione<\/td>\n<td> <\/td>\n<td>dei nomi<\/td>\n<\/tr>\n<tr>\n<td><b>Funzionale<\/b><\/td>\n<td> <\/td>\n<td> <\/td>\n<\/tr>\n<tr>\n<td>et-pb-recent-items-persistent font_family<\/td>\n<td><\/td>\n<td>Fornisce funzionalit\u00e0 tra le pagine<\/td>\n<\/tr>\n<tr>\n<td>et-pb-recent-items-colors<\/td>\n<td>persistent<\/td>\n<td>Fornisce funzionalit\u00e0 tra le pagine<\/td>\n<\/tr>\n<tr>\n<td>et_builder_product_version<\/td>\n<td>sesi\u00f3n<\/td>\n<td>Memorizza un numero di versione per gli aggiornamenti<\/td>\n<\/tr>\n<tr>\n<td>et_fb_clipboard_styles_style<\/td>\n<td> <\/td>\n<td> <\/td>\n<\/tr>\n<tr>\n<td>et_fb_module_data<\/td>\n<td>fornire<\/td>\n<td>funzionalit\u00e0 tra le pagine<\/td>\n<\/tr>\n<tr>\n<td>et_fb_clipboard_module_row<\/td>\n<td> <\/td>\n<td> <\/td>\n<\/tr>\n<tr>\n<td>et_fb_clipboard_module_section<\/td>\n<td> <\/td>\n<td> <\/td>\n<\/tr>\n<tr>\n<td><b>Scopo Ricerca in attesa<\/b><\/td>\n<td> <\/td>\n<td> <\/td>\n<\/tr>\n<tr>\n<td>et-salvato-post-*<\/td>\n<td> <\/td>\n<td> <\/td>\n<\/tr>\n<tr>\n<td>et-salvato-post-*<\/td>\n<td> <\/td>\n<td> <\/td>\n<\/tr>\n<tr>\n<td>et-consiglia-sincronizza-post-*<\/td>\n<td> <\/td>\n<td> <\/td>\n<\/tr>\n<tr>\n<td>et-editing-post-*<\/td>\n<td> <\/td>\n<td> <\/td>\n<\/tr>\n<tr>\n<td>et-salvato-post-*<\/td>\n<td> <\/td>\n<td> <\/td>\n<\/tr>\n<\/tbody>\n<\/table>\n<h5><span id=\"Compartir2\">Condividi<\/span><\/h5>\n<p>Questi dati non vengono condivisi con terze parti.<\/p>\n<\/p>\n<h4><span id=\"ET_Editor\">ET Editor<\/span><\/h4>\n<p>Utilizziamo ET Editor per la progettazione di negozi online. Leggi tutto<\/p>\n<table>\n<tbody>\n<tr>\n<td>Funzione di conservazione<\/td>\n<td> <\/td>\n<td>dei nomi<\/td>\n<\/tr>\n<tr>\n<td><b>Scopo Ricerca in attesa<\/b><\/td>\n<td> <\/td>\n<td> <\/td>\n<\/tr>\n<tr>\n<td>et-editore-disponibile-post-*<\/td>\n<td> <\/td>\n<td> <\/td>\n<\/tr>\n<\/tbody>\n<\/table>\n<h5><span id=\"Compartir5\">Condividi<\/span><\/h5>\n<p>Questi dati non vengono condivisi con terze parti.<\/p>\n<h4><span id=\"WordPress\">WordPress (in inglese)<\/span><\/h4>\n<p>Utilizziamo WordPress per lo sviluppo di siti web. Leggi tutto<\/p>\n<table>\n<tbody>\n<tr>\n<td>Funzione di conservazione<\/td>\n<td> <\/td>\n<td>dei nomi<\/td>\n<\/tr>\n<tr>\n<td><b>Funzionale<\/b><\/td>\n<td> <\/td>\n<td> <\/td>\n<\/tr>\n<tr>\n<td>wordpress_logged_in_*<\/td>\n<td>persistente<\/td>\n<td>Mantieni gli utenti connessi<\/td>\n<\/tr>\n<tr>\n<td>wp-saving-post<\/td>\n<td>1 giorno<\/td>\n<td>Salvataggio automatico di un post nell&#8217;editor<\/td>\n<\/tr>\n<tr>\n<td>wp-api-schema-model*<\/td>\n<td>sessione<\/td>\n<td> <\/td>\n<\/tr>\n<\/tbody>\n<\/table>\n<h5><span id=\"Compartir6\">Condividi<\/span><\/h5>\n<p>Questi dati non vengono condivisi con terze parti.<\/p>\n<h4><span id=\"Wistia\">Wistia<\/span><\/h4>\n<p>Usiamo Wistia per mostrare i video. Leggi tutto<\/p>\n<table>\n<tbody>\n<tr>\n<td>Funzione di conservazione<\/td>\n<td> <\/td>\n<td>dei nomi<\/td>\n<\/tr>\n<tr>\n<td><b>Statistica<\/b><\/td>\n<td> <\/td>\n<td> <\/td>\n<\/tr>\n<tr>\n<td>wistia-video-progress-*<\/td>\n<td>persistente<\/td>\n<td>Memorizza se l&#8217;utente ha visto contenuti incorporati<\/td>\n<\/tr>\n<tr>\n<td><b>Marketing\/Monitoraggio<\/b><\/td>\n<td> <\/td>\n<td> <\/td>\n<\/tr>\n<tr>\n<td>Persistente wistia<\/td>\n<td><\/td>\n<td>Salva le azioni effettuate dagli utenti sul sito<\/td>\n<\/tr>\n<tr>\n<td><b>Scopo Ricerca in attesa<\/b><\/td>\n<td> <\/td>\n<td> <\/td>\n<\/tr>\n<tr>\n<td>wistia-video-progress-*<\/td>\n<td>persistente<\/td>\n<td> <\/td>\n<\/tr>\n<tr>\n<td>wistia-video-progress-*<\/td>\n<td>persistente<\/td>\n<td> <\/td>\n<\/tr>\n<tr>\n<td>wistia-video-progress-*<\/td>\n<td>persistente<\/td>\n<td> <\/td>\n<\/tr>\n<\/tbody>\n<\/table>\n<h5><span id=\"Compartir7\">Condividi<\/span><\/h5>\n<p>Per ulteriori informazioni, si prega di leggere l&#8217;Informativa sulla privacy.<\/p>\n<h4><span id=\"Google_Fonts\">Google Fonts<\/span><\/h4>\n<p>Utilizziamo Google Fonts per visualizzare i font web. Leggi tutto<\/p>\n<table>\n<tbody>\n<tr>\n<td>Funzione di conservazione<\/td>\n<td> <\/td>\n<td>dei nomi<\/td>\n<\/tr>\n<tr>\n<td><b>Marketing\/Monitoraggio<\/b><\/td>\n<td> <\/td>\n<td> <\/td>\n<\/tr>\n<tr>\n<td>API di Google Fonts<\/td>\n<td>Nothing<\/td>\n<td>Chiedi l&#8217;indirizzo IP dell&#8217;utente<\/td>\n<\/tr>\n<\/tbody>\n<\/table>\n<h5><span id=\"Compartir8\">Condividi<\/span><\/h5>\n<p>Per ulteriori informazioni, leggi l&#8217;Informativa sulla privacy di Google Fonts.<\/p>\n<h4><span id=\"Google_Tag_Manager\">Google Tag Manager<\/span><\/h4>\n<p>Utilizziamo Google Tag Manager per le statistiche del sito web. Leggi tutto<\/p>\n<table>\n<tbody>\n<tr>\n<td>Funzione di conservazione<\/td>\n<td> <\/td>\n<td>dei nomi<\/td>\n<\/tr>\n<tr>\n<td><b>Marketing\/Monitoraggio<\/b><\/td>\n<td> <\/td>\n<td> <\/td>\n<\/tr>\n<tr>\n<td>_gcl_au<\/td>\n<td><\/td>\n<td>persistenti Memorizza e monitora le conversioni<\/td>\n<\/tr>\n<\/tbody>\n<\/table>\n<h5><span id=\"Compartir10\">Condividi<\/span><\/h5>\n<p>Per ulteriori informazioni, consulta le Norme sulla privacy di Google Tag Manager.<\/p>\n<h4><span id=\"Google_reCAPTCHA\">Google reCAPTCHA<\/span><\/h4>\n<p>Utilizziamo Google reCAPTCHA per la prevenzione dello spam. Leggi tutto<\/p>\n<table>\n<tbody>\n<tr>\n<td>Funzione di conservazione<\/td>\n<td> <\/td>\n<td>dei nomi<\/td>\n<\/tr>\n<tr>\n<td><b>Marketing\/Monitoraggio<\/b><\/td>\n<td> <\/td>\n<td> <\/td>\n<\/tr>\n<tr>\n<td>rc::c<\/td>\n<td>session<\/td>\n<td>Filtra le richieste dai bot<\/td>\n<\/tr>\n<tr>\n<td>rc::b<\/td>\n<td>session<\/td>\n<td>Filtra le richieste dai bot<\/td>\n<\/tr>\n<tr>\n<td>rc::a<\/td>\n<td><\/td>\n<td>persistente Filtra le richieste dai bot<\/td>\n<\/tr>\n<\/tbody>\n<\/table>\n<h5><span id=\"Compartir11\">Condividi<\/span><\/h5>\n<p>Per ulteriori informazioni, si prega di leggere l&#8217;Informativa sulla privacy di Google reCAPTCHA.<\/p>\n<\/p>\n<h4><span id=\"Miscelaneas\">Misto<\/span><\/h4>\n<table>\n<tbody>\n<tr>\n<td>Funzione di conservazione<\/td>\n<td> <\/td>\n<td>dei nomi<\/td>\n<\/tr>\n<tr>\n<td><b>Scopo Ricerca in attesa<\/b><\/td>\n<td> <\/td>\n<td> <\/td>\n<\/tr>\n<tr>\n<td>Indefinito<\/td>\n<td> <\/td>\n<td> <\/td>\n<\/tr>\n<tr>\n<td>livello di log<\/td>\n<td> <\/td>\n<td> <\/td>\n<\/tr>\n<tr>\n<td>etfb-salvataggio automatico-*<\/td>\n<td> <\/td>\n<td> <\/td>\n<\/tr>\n<tr>\n<td>aam-soggetto<\/td>\n<td> <\/td>\n<td> <\/td>\n<\/tr>\n<tr>\n<td>_hjAbsoluteSessionInProgress<\/td>\n<td> <\/td>\n<td> <\/td>\n<\/tr>\n<\/tbody>\n<\/table>\n<h5><span id=\"Compartir13\">Condividi<\/span><\/h5>\n<p>Questi dati non vengono condivisi con terze parti.<\/p>\n<h2><span id=\"8_Sus_derechos_con_respecto_a_los_datos_personales\">I DIRITTI DELL&#8217;UTENTE IN RELAZIONE AI DATI PERSONALI<\/span><\/h2>\n<p>L&#8217;utente ha i seguenti diritti in relazione ai propri dati personali:<\/p>\n<ul>\n<li>Hai il diritto di sapere perch\u00e9 i tuoi dati personali sono necessari, cosa accadr\u00e0 e per quanto tempo saranno conservati.<\/li>\n<li>Diritto di accesso: l&#8217;utente ha il diritto di accedere ai dati personali che lo riguardano a conoscenza.<\/li>\n<li>Diritto di rettifica: l&#8217;utente ha il diritto di completare, rettificare, cancellare o bloccare i propri dati personali in qualsiasi momento.<\/li>\n<li>Se ci dai il tuo consenso al trattamento dei tuoi dati, hai il diritto di revocare tale consenso e di far cancellare i tuoi dati personali.<\/li>\n<li>Diritto di trasferire i tuoi dati: hai il diritto di richiedere tutti i tuoi dati personali al titolare del trattamento e di trasferirli integralmente a un altro titolare del trattamento.<\/li>\n<li>Diritto di opposizione: puoi opporti al trattamento dei tuoi dati. Ci atteniamo a questo, a meno che non sussistano motivi giustificati per il trattamento.<\/li>\n<\/ul>\n<p>Per esercitare tali diritti, si prega di contattarci. Si prega di fare riferimento ai dettagli di contatto in calce alla presente informativa sui cookie. In caso di reclami su come gestiamo i tuoi dati, vorremmo sentirti, ma hai anche il diritto di presentare un reclamo all&#8217;autorit\u00e0 di controllo (l&#8217;Autorit\u00e0 per la protezione dei dati).<\/p>\n<h2><span id=\"9_Habilitaciondeshabilitacion_y_eliminacion_de_cookies\">MODIFICA\/DISABILITAZIONE ED ELIMINAZIONE DEI COOKIE<\/span><\/h2>\n<p>\u00c8 possibile utilizzare il browser Internet per eliminare i cookie automaticamente o manualmente. \u00c8 inoltre possibile specificare che alcuni cookie non possono essere inseriti. Un&#8217;altra opzione \u00e8 quella di modificare le impostazioni del browser Internet in modo da ricevere un messaggio ogni volta che viene inserito un cookie. Per ulteriori informazioni su queste opzioni, fare riferimento alle istruzioni nella sezione Aiuto del browser.<\/p>\n<p>Si prega di notare che il nostro sito web potrebbe non funzionare correttamente se tutti i cookie sono disabilitati. Se elimini i cookie dal tuo browser, verranno reinseriti dopo il tuo consenso quando visiti nuovamente i nostri siti web.<\/p>\n<h2><span id=\"10_Detalles_de_contacto\">DATI DI CONTATTO<\/span><\/h2>\n<\/p>\n<p>Per domande e\/o commenti sulla nostra politica sui cookie e sulla presente informativa, vi preghiamo di contattarci utilizzando i recapiti riportati di seguito:<\/p>\n<p>Easypool, S.L. \u2013 CIF: B87733697<br \/>C\/ Caraba\u00f1a, 32. 28925 Alcorc\u00f3n (Madrid-Spagna)<br \/>Sito web: <a href=\"https:\/\/poolconcept.live-website.com\/it\/\">https:\/\/poolconcept.live-website.com\/<\/a><br \/>E-mail: <a href=\"mailto:info@poolconcept.live-website.com\">info@poolconcept.live-website.com<\/a><br \/>Numero di telefono: (+34) 91 819 55 01<\/p><\/p>\n\t\t\t\t\t\t\t\t<\/div>\n\t\t\t\t<\/div>\n\t\t\t\t\t<\/div>\n\t\t<\/div>\n\t\t\t\t\t<\/div>\n\t\t<\/section>\n\t\t\t\t<\/div>\n\t\t","protected":false},"excerpt":{"rendered":"<p>Politica sui cookie La presente cookie policy \u00e8 stata aggiornata l&#8217;ultima volta il 14 maggio 2021 e si applica ai cittadini dello Spazio economico europeo. INTRODUZIONE Il nostro sito web, https:\/\/poolconcept.live-website.com (di seguito: &#8220;il sito web&#8221;) utilizza cookie e altre tecnologie correlate (per comodit\u00e0, tutte le tecnologie saranno denominate &#8220;cookie&#8221;). I cookie possono essere inseriti [&hellip;]<\/p>\n","protected":false},"author":2,"featured_media":0,"parent":0,"menu_order":0,"comment_status":"closed","ping_status":"closed","template":"elementor_header_footer","meta":{"footnotes":""},"class_list":["post-276698","page","type-page","status-publish","hentry"],"yoast_head":"<!-- This site is optimized with the Yoast SEO plugin v24.5 - https:\/\/yoast.com\/wordpress\/plugins\/seo\/ -->\n<title>Politica sui cookie - Poolconcept<\/title>\n<meta name=\"description\" content=\"Scopri la politica sui cookie della nostra azienda - Specialisti in coperture per piscine\" \/>\n<meta name=\"robots\" content=\"noindex, follow\" \/>\n<meta property=\"og:locale\" content=\"it_IT\" \/>\n<meta property=\"og:type\" content=\"article\" \/>\n<meta property=\"og:title\" content=\"Politica sui cookie - Poolconcept\" \/>\n<meta property=\"og:description\" content=\"Scopri la politica sui cookie della nostra azienda - Specialisti in coperture per piscine\" \/>\n<meta property=\"og:url\" content=\"https:\/\/poolconcept.live-website.com\/it\/politica-sui-cookie\/\" \/>\n<meta property=\"og:site_name\" content=\"Poolconcept - Cubiertas transitables para Piscinas\" \/>\n<meta property=\"article:modified_time\" content=\"2024-05-21T18:52:46+00:00\" \/>\n<meta name=\"twitter:card\" content=\"summary_large_image\" \/>\n<meta name=\"twitter:label1\" content=\"Tempo di lettura stimato\" \/>\n\t<meta name=\"twitter:data1\" content=\"7 minuti\" \/>\n<script type=\"application\/ld+json\" class=\"yoast-schema-graph\">{\"@context\":\"https:\/\/schema.org\",\"@graph\":[{\"@type\":\"WebPage\",\"@id\":\"https:\/\/poolconcept.live-website.com\/it\/politica-sui-cookie\/\",\"url\":\"https:\/\/poolconcept.live-website.com\/it\/politica-sui-cookie\/\",\"name\":\"Politica sui cookie - Poolconcept\",\"isPartOf\":{\"@id\":\"https:\/\/poolconcept.live-website.com\/it\/#website\"},\"datePublished\":\"2023-03-31T12:06:54+00:00\",\"dateModified\":\"2024-05-21T18:52:46+00:00\",\"description\":\"Scopri la politica sui cookie della nostra azienda - Specialisti in coperture per piscine\",\"breadcrumb\":{\"@id\":\"https:\/\/poolconcept.live-website.com\/it\/politica-sui-cookie\/#breadcrumb\"},\"inLanguage\":\"it-IT\",\"potentialAction\":[{\"@type\":\"ReadAction\",\"target\":[\"https:\/\/poolconcept.live-website.com\/it\/politica-sui-cookie\/\"]}]},{\"@type\":\"BreadcrumbList\",\"@id\":\"https:\/\/poolconcept.live-website.com\/it\/politica-sui-cookie\/#breadcrumb\",\"itemListElement\":[{\"@type\":\"ListItem\",\"position\":1,\"name\":\"Portada\",\"item\":\"https:\/\/poolconcept.live-website.com\/it\/\"},{\"@type\":\"ListItem\",\"position\":2,\"name\":\"Politica sui cookie\"}]},{\"@type\":\"WebSite\",\"@id\":\"https:\/\/poolconcept.live-website.com\/it\/#website\",\"url\":\"https:\/\/poolconcept.live-website.com\/it\/\",\"name\":\"Poolconcept - Cubiertas transitables para Piscinas\",\"description\":\"\",\"potentialAction\":[{\"@type\":\"SearchAction\",\"target\":{\"@type\":\"EntryPoint\",\"urlTemplate\":\"https:\/\/poolconcept.live-website.com\/it\/?s={search_term_string}\"},\"query-input\":{\"@type\":\"PropertyValueSpecification\",\"valueRequired\":true,\"valueName\":\"search_term_string\"}}],\"inLanguage\":\"it-IT\"}]}<\/script>\n<!-- \/ Yoast SEO plugin. -->","yoast_head_json":{"title":"Politica sui cookie - Poolconcept","description":"Scopri la politica sui cookie della nostra azienda - Specialisti in coperture per piscine","robots":{"index":"noindex","follow":"follow"},"og_locale":"it_IT","og_type":"article","og_title":"Politica sui cookie - Poolconcept","og_description":"Scopri la politica sui cookie della nostra azienda - Specialisti in coperture per piscine","og_url":"https:\/\/poolconcept.live-website.com\/it\/politica-sui-cookie\/","og_site_name":"Poolconcept - Cubiertas transitables para Piscinas","article_modified_time":"2024-05-21T18:52:46+00:00","twitter_card":"summary_large_image","twitter_misc":{"Tempo di lettura stimato":"7 minuti"},"schema":{"@context":"https:\/\/schema.org","@graph":[{"@type":"WebPage","@id":"https:\/\/poolconcept.live-website.com\/it\/politica-sui-cookie\/","url":"https:\/\/poolconcept.live-website.com\/it\/politica-sui-cookie\/","name":"Politica sui cookie - Poolconcept","isPartOf":{"@id":"https:\/\/poolconcept.live-website.com\/it\/#website"},"datePublished":"2023-03-31T12:06:54+00:00","dateModified":"2024-05-21T18:52:46+00:00","description":"Scopri la politica sui cookie della nostra azienda - Specialisti in coperture per piscine","breadcrumb":{"@id":"https:\/\/poolconcept.live-website.com\/it\/politica-sui-cookie\/#breadcrumb"},"inLanguage":"it-IT","potentialAction":[{"@type":"ReadAction","target":["https:\/\/poolconcept.live-website.com\/it\/politica-sui-cookie\/"]}]},{"@type":"BreadcrumbList","@id":"https:\/\/poolconcept.live-website.com\/it\/politica-sui-cookie\/#breadcrumb","itemListElement":[{"@type":"ListItem","position":1,"name":"Portada","item":"https:\/\/poolconcept.live-website.com\/it\/"},{"@type":"ListItem","position":2,"name":"Politica sui cookie"}]},{"@type":"WebSite","@id":"https:\/\/poolconcept.live-website.com\/it\/#website","url":"https:\/\/poolconcept.live-website.com\/it\/","name":"Poolconcept - Cubiertas transitables para Piscinas","description":"","potentialAction":[{"@type":"SearchAction","target":{"@type":"EntryPoint","urlTemplate":"https:\/\/poolconcept.live-website.com\/it\/?s={search_term_string}"},"query-input":{"@type":"PropertyValueSpecification","valueRequired":true,"valueName":"search_term_string"}}],"inLanguage":"it-IT"}]}},"_links":{"self":[{"href":"https:\/\/poolconcept.live-website.com\/it\/wp-json\/wp\/v2\/pages\/276698","targetHints":{"allow":["GET"]}}],"collection":[{"href":"https:\/\/poolconcept.live-website.com\/it\/wp-json\/wp\/v2\/pages"}],"about":[{"href":"https:\/\/poolconcept.live-website.com\/it\/wp-json\/wp\/v2\/types\/page"}],"author":[{"embeddable":true,"href":"https:\/\/poolconcept.live-website.com\/it\/wp-json\/wp\/v2\/users\/2"}],"replies":[{"embeddable":true,"href":"https:\/\/poolconcept.live-website.com\/it\/wp-json\/wp\/v2\/comments?post=276698"}],"version-history":[{"count":0,"href":"https:\/\/poolconcept.live-website.com\/it\/wp-json\/wp\/v2\/pages\/276698\/revisions"}],"wp:attachment":[{"href":"https:\/\/poolconcept.live-website.com\/it\/wp-json\/wp\/v2\/media?parent=276698"}],"curies":[{"name":"wp","href":"https:\/\/api.w.org\/{rel}","templated":true}]}}