{"id":276706,"date":"2023-03-31T12:08:29","date_gmt":"2023-03-31T12:08:29","guid":{"rendered":"https:\/\/poolconcept.live-website.com\/termini-e-condizioni\/"},"modified":"2024-05-21T18:52:59","modified_gmt":"2024-05-21T18:52:59","slug":"termini-e-condizioni","status":"publish","type":"page","link":"https:\/\/poolconcept.live-website.com\/it\/termini-e-condizioni\/","title":{"rendered":"Termini e condizioni"},"content":{"rendered":"\t\t<div data-elementor-type=\"wp-page\" data-elementor-id=\"276706\" class=\"elementor elementor-276706 elementor-274576\" data-elementor-post-type=\"page\">\n\t\t\t\t\t\t<section class=\"elementor-section elementor-top-section elementor-element elementor-element-6b35223 elementor-section-height-min-height elementor-section-boxed elementor-section-height-default elementor-section-items-middle\" data-id=\"6b35223\" data-element_type=\"section\" data-settings=\"{&quot;background_background&quot;:&quot;classic&quot;}\">\n\t\t\t\t\t\t<div class=\"elementor-container elementor-column-gap-default\">\n\t\t\t\t\t<div class=\"elementor-column elementor-col-50 elementor-top-column elementor-element elementor-element-e1a9588\" data-id=\"e1a9588\" data-element_type=\"column\">\n\t\t\t<div class=\"elementor-widget-wrap elementor-element-populated\">\n\t\t\t\t\t\t<div class=\"elementor-element elementor-element-30af9f7 elementor-widget__width-initial elementor-widget elementor-widget-heading\" data-id=\"30af9f7\" data-element_type=\"widget\" data-widget_type=\"heading.default\">\n\t\t\t\t<div class=\"elementor-widget-container\">\n\t\t\t\t\t<h2 class=\"elementor-heading-title elementor-size-default\">Termini e condizioni<\/h2>\t\t\t\t<\/div>\n\t\t\t\t<\/div>\n\t\t\t\t\t<\/div>\n\t\t<\/div>\n\t\t\t\t<div class=\"elementor-column elementor-col-50 elementor-top-column elementor-element elementor-element-5a31111\" data-id=\"5a31111\" data-element_type=\"column\">\n\t\t\t<div class=\"elementor-widget-wrap\">\n\t\t\t\t\t\t\t<\/div>\n\t\t<\/div>\n\t\t\t\t\t<\/div>\n\t\t<\/section>\n\t\t\t\t<section class=\"elementor-section elementor-top-section elementor-element elementor-element-c9e85ec elementor-section-boxed elementor-section-height-default elementor-section-height-default\" data-id=\"c9e85ec\" data-element_type=\"section\" data-settings=\"{&quot;background_background&quot;:&quot;classic&quot;}\">\n\t\t\t\t\t\t<div class=\"elementor-container elementor-column-gap-default\">\n\t\t\t\t\t<div class=\"elementor-column elementor-col-100 elementor-top-column elementor-element elementor-element-ba80e30\" data-id=\"ba80e30\" data-element_type=\"column\">\n\t\t\t<div class=\"elementor-widget-wrap elementor-element-populated\">\n\t\t\t\t\t\t<div class=\"elementor-element elementor-element-e1b2752 elementor-widget__width-initial elementor-widget elementor-widget-text-editor\" data-id=\"e1b2752\" data-element_type=\"widget\" data-widget_type=\"text-editor.default\">\n\t\t\t\t<div class=\"elementor-widget-container\">\n\t\t\t\t\t\t\t\t\t<h2>TERMINI D&#8217;USO (INGLESE)<\/h2>\n<\/p>\n<p>Condizioni applicabili a tutti gli utenti\/clienti di Poolconcept\u00ae<br \/>durante l&#8217;utilizzo o la contrattazione dei nostri servizi. Oggetto<br \/>Attraverso il sito web https:\/\/poolconcept.live-website.com, Poolconcept\u00ae fornisce all&#8217;utente l&#8217;accesso a vari servizi, contenuti, informazioni e dati messi a disposizione da Poolconcept\u00ae con il nome della societ\u00e0 Easypool, S.L. \u2013 CIF: B83322917. Il presente documento regola l&#8217;accesso al sito web a cui hai appena effettuato l&#8217;accesso. Questa sezione descrive in dettaglio i principali aspetti legali da prendere in considerazione per l&#8217;utilizzo di questo sito web. Utilizzando o accedendo a questo sito web, l&#8217;utente riconosce e accetta le avvertenze legali e le condizioni di seguito riportate. L&#8217;accettazione dell&#8217;avviso legale sar\u00e0 contrattuale. Allo stesso modo, questo documento pu\u00f2 essere modificato senza preavviso e senza che l&#8217;utente sia esentato dalle nuove condizioni che possono essere aggiunte. L&#8217;utilizzo del Sito Web conferisce la condizione di Utente e implica l&#8217;accettazione piena e senza riserve di tutte le disposizioni incluse nel presente Avviso Legale, motivo per cui se non si \u00e8 d&#8217;accordo con una qualsiasi delle condizioni stabilite nel presente documento, non \u00e8 necessario utilizzare\/accedere\/contrattare questo Sito Web.<\/p>\n<\/p>\n<h2>CONDIZIONI DI ACCESSO<\/h2>\n<\/p>\n<p>In generale, l&#8217;accesso alle informazioni sui diversi prodotti e servizi disponibili sul sito web, cos\u00ec come la sua navigazione, sar\u00e0 gratuito, e pertanto gli Utenti non saranno tenuti a registrarsi con la consegna dei propri dati personali, n\u00e9 all&#8217;utilizzo di password o password.<br \/>L&#8217;Utente si impegna a fare un uso appropriato e lecito del Sito Web e dei Contenuti, in conformit\u00e0 con la legislazione applicabile, le presenti Condizioni Generali d&#8217;Uso del Sito Web, la morale generalmente accettata e i buoni costumi e l&#8217;ordine pubblico.<\/p>\n<p>L&#8217;Utente si impegna ad astenersi dall&#8217;utilizzare il Sito Web e i Servizi per scopi o effetti illeciti, contrari a quanto previsto dalle presenti Condizioni Generali, lesivi dei diritti e degli interessi di terzi, o che in qualsiasi modo possano danneggiare, disabilitare, sovraccaricare o deteriorare il Sito Web e i Servizi o impedire il normale utilizzo o godimento del Sito Web e dei Servizi da parte degli Utenti. Fare un uso non autorizzato o fraudolento del Sito Web e\/o dei Contenuti per scopi o effetti illeciti, vietati nel presente Avviso Legale, lesivi dei diritti e degli interessi di terzi, o che in qualsiasi modo possano danneggiare, disabilitare, sovraccaricare, deteriorare o impedire il normale utilizzo dei Servizi. A tal proposito, l&#8217;Utente si impegna a non fare quanto segue:<\/p>\n<p>Accedere o tentare di accedere a risorse o aree riservate del Sito Web, senza rispettare le condizioni richieste per tale accesso.<br \/>Introdurre o diffondere virus informatici o qualsiasi altro tipo di sistema fisico o logico che possa causare danni ai sistemi fisici o logici di questo sito Web, dei suoi fornitori o di terzi.<br \/>Tentare di accedere, utilizzare e\/o manipolare i dati di questo sito Web, di terzi e di altri utenti.<br \/>Riprodurre o copiare, distribuire, consentire l&#8217;accesso pubblico attraverso qualsiasi forma di comunicazione pubblica, trasformare o modificare i Contenuti.<\/p>\n<p>Eliminare, nascondere o manipolare gli avvisi sui diritti di propriet\u00e0 intellettuale o industriale e altri dati che identificano i diritti di questo Sito Web o di terzi incorporati nei Contenuti.<br \/>L&#8217;Utente che accede a questo Sito Web non pu\u00f2 in nessun caso copiare, modificare, distribuire, trasmettere, riprodurre, pubblicare, concedere in licenza, assegnare, vendere o trasmettere in alcun modo, o creare nuovi prodotti o servizi derivati dalle informazioni e dagli elementi in esso contenuti.<br \/>Impersonare Poolconcept\u00ae come qualcun altro, o ridicolizzare l&#8217;identit\u00e0 di Poolconcept\u00ae o di altri.<br \/>E&#8217; autorizzata solo la mera visualizzazione per uso personale e non commerciale dell&#8217;utente, senza poterla estendere a terzi o enti.<\/p>\n<p>Quando l&#8217;utente accede ai siti Web dei social media e di Poolconcept\u00ae, conferma di aver letto la presente Informativa sulla privacy e l&#8217;Informativa sull&#8217;utilizzo e di accettare entrambi i documenti, nonch\u00e9 le leggi applicabili e le altre regole e condizioni incluse nei social media e nei siti Web di Poolconcept\u00ae e dei suoi marchi.<\/p>\n<p>I social media e i siti web sono destinati a un pubblico di et\u00e0 pari o superiore a 16 anni; il consenso deve essere ottenuto da un genitore\/tutore o rappresentante legale fino all&#8217;et\u00e0 di [14] 16 anni.<\/p>\n<p>Poolconcept\u00ae si riserva il diritto di richiedere in qualsiasi momento una prova del consenso del genitore\/tutore o del rappresentante legale.<\/p>\n<\/p>\n<h2>CONDIZIONI DI CONTRATTO<\/h2>\n<\/p>\n<p>Al momento della contrattazione dei servizi di Poolconcept\u00ae, il cliente comprende e accetta tutti i termini e le condizioni stabiliti sul nostro sito web https:\/\/poolconcept.live-website.com\/terminos-y-condiciones\/, essendo obbligato all&#8217;accettazione di ciascuna delle parti esposte.<\/p>\n\t\t\t\t\t\t\t\t<\/div>\n\t\t\t\t<\/div>\n\t\t\t\t\t<\/div>\n\t\t<\/div>\n\t\t\t\t\t<\/div>\n\t\t<\/section>\n\t\t\t\t<\/div>\n\t\t","protected":false},"excerpt":{"rendered":"<p>Termini e condizioni TERMINI D&#8217;USO (INGLESE) Condizioni applicabili a tutti gli utenti\/clienti di Poolconcept\u00aedurante l&#8217;utilizzo o la contrattazione dei nostri servizi. OggettoAttraverso il sito web https:\/\/poolconcept.live-website.com, Poolconcept\u00ae fornisce all&#8217;utente l&#8217;accesso a vari servizi, contenuti, informazioni e dati messi a disposizione da Poolconcept\u00ae con il nome della societ\u00e0 Easypool, S.L. \u2013 CIF: B83322917. Il presente documento [&hellip;]<\/p>\n","protected":false},"author":2,"featured_media":0,"parent":0,"menu_order":0,"comment_status":"closed","ping_status":"closed","template":"elementor_header_footer","meta":{"footnotes":""},"class_list":["post-276706","page","type-page","status-publish","hentry"],"yoast_head":"<!-- This site is optimized with the Yoast SEO plugin v24.5 - https:\/\/yoast.com\/wordpress\/plugins\/seo\/ -->\n<title>Termini e condizioni della nostra societ\u00e0 di piscine<\/title>\n<meta name=\"description\" content=\"Termini e condizioni della nostra societ\u00e0 di piscine e fondi mobili. Con post-vendita di lusso\" \/>\n<meta name=\"robots\" content=\"noindex, follow\" \/>\n<meta property=\"og:locale\" content=\"it_IT\" \/>\n<meta property=\"og:type\" content=\"article\" \/>\n<meta property=\"og:title\" content=\"Termini e condizioni della nostra societ\u00e0 di piscine\" \/>\n<meta property=\"og:description\" content=\"Termini e condizioni della nostra societ\u00e0 di piscine e fondi mobili. Con post-vendita di lusso\" \/>\n<meta property=\"og:url\" content=\"https:\/\/poolconcept.live-website.com\/it\/termini-e-condizioni\/\" \/>\n<meta property=\"og:site_name\" content=\"Poolconcept - Cubiertas transitables para Piscinas\" \/>\n<meta property=\"article:modified_time\" content=\"2024-05-21T18:52:59+00:00\" \/>\n<meta name=\"twitter:card\" content=\"summary_large_image\" \/>\n<meta name=\"twitter:label1\" content=\"Tempo di lettura stimato\" \/>\n\t<meta name=\"twitter:data1\" content=\"4 minuti\" \/>\n<script type=\"application\/ld+json\" class=\"yoast-schema-graph\">{\"@context\":\"https:\/\/schema.org\",\"@graph\":[{\"@type\":\"WebPage\",\"@id\":\"https:\/\/poolconcept.live-website.com\/it\/termini-e-condizioni\/\",\"url\":\"https:\/\/poolconcept.live-website.com\/it\/termini-e-condizioni\/\",\"name\":\"Termini e condizioni della nostra societ\u00e0 di piscine\",\"isPartOf\":{\"@id\":\"https:\/\/poolconcept.live-website.com\/it\/#website\"},\"datePublished\":\"2023-03-31T12:08:29+00:00\",\"dateModified\":\"2024-05-21T18:52:59+00:00\",\"description\":\"Termini e condizioni della nostra societ\u00e0 di piscine e fondi mobili. Con post-vendita di lusso\",\"breadcrumb\":{\"@id\":\"https:\/\/poolconcept.live-website.com\/it\/termini-e-condizioni\/#breadcrumb\"},\"inLanguage\":\"it-IT\",\"potentialAction\":[{\"@type\":\"ReadAction\",\"target\":[\"https:\/\/poolconcept.live-website.com\/it\/termini-e-condizioni\/\"]}]},{\"@type\":\"BreadcrumbList\",\"@id\":\"https:\/\/poolconcept.live-website.com\/it\/termini-e-condizioni\/#breadcrumb\",\"itemListElement\":[{\"@type\":\"ListItem\",\"position\":1,\"name\":\"Portada\",\"item\":\"https:\/\/poolconcept.live-website.com\/it\/\"},{\"@type\":\"ListItem\",\"position\":2,\"name\":\"Termini e condizioni\"}]},{\"@type\":\"WebSite\",\"@id\":\"https:\/\/poolconcept.live-website.com\/it\/#website\",\"url\":\"https:\/\/poolconcept.live-website.com\/it\/\",\"name\":\"Poolconcept - Cubiertas transitables para Piscinas\",\"description\":\"\",\"potentialAction\":[{\"@type\":\"SearchAction\",\"target\":{\"@type\":\"EntryPoint\",\"urlTemplate\":\"https:\/\/poolconcept.live-website.com\/it\/?s={search_term_string}\"},\"query-input\":{\"@type\":\"PropertyValueSpecification\",\"valueRequired\":true,\"valueName\":\"search_term_string\"}}],\"inLanguage\":\"it-IT\"}]}<\/script>\n<!-- \/ Yoast SEO plugin. -->","yoast_head_json":{"title":"Termini e condizioni della nostra societ\u00e0 di piscine","description":"Termini e condizioni della nostra societ\u00e0 di piscine e fondi mobili. Con post-vendita di lusso","robots":{"index":"noindex","follow":"follow"},"og_locale":"it_IT","og_type":"article","og_title":"Termini e condizioni della nostra societ\u00e0 di piscine","og_description":"Termini e condizioni della nostra societ\u00e0 di piscine e fondi mobili. Con post-vendita di lusso","og_url":"https:\/\/poolconcept.live-website.com\/it\/termini-e-condizioni\/","og_site_name":"Poolconcept - Cubiertas transitables para Piscinas","article_modified_time":"2024-05-21T18:52:59+00:00","twitter_card":"summary_large_image","twitter_misc":{"Tempo di lettura stimato":"4 minuti"},"schema":{"@context":"https:\/\/schema.org","@graph":[{"@type":"WebPage","@id":"https:\/\/poolconcept.live-website.com\/it\/termini-e-condizioni\/","url":"https:\/\/poolconcept.live-website.com\/it\/termini-e-condizioni\/","name":"Termini e condizioni della nostra societ\u00e0 di piscine","isPartOf":{"@id":"https:\/\/poolconcept.live-website.com\/it\/#website"},"datePublished":"2023-03-31T12:08:29+00:00","dateModified":"2024-05-21T18:52:59+00:00","description":"Termini e condizioni della nostra societ\u00e0 di piscine e fondi mobili. Con post-vendita di lusso","breadcrumb":{"@id":"https:\/\/poolconcept.live-website.com\/it\/termini-e-condizioni\/#breadcrumb"},"inLanguage":"it-IT","potentialAction":[{"@type":"ReadAction","target":["https:\/\/poolconcept.live-website.com\/it\/termini-e-condizioni\/"]}]},{"@type":"BreadcrumbList","@id":"https:\/\/poolconcept.live-website.com\/it\/termini-e-condizioni\/#breadcrumb","itemListElement":[{"@type":"ListItem","position":1,"name":"Portada","item":"https:\/\/poolconcept.live-website.com\/it\/"},{"@type":"ListItem","position":2,"name":"Termini e condizioni"}]},{"@type":"WebSite","@id":"https:\/\/poolconcept.live-website.com\/it\/#website","url":"https:\/\/poolconcept.live-website.com\/it\/","name":"Poolconcept - Cubiertas transitables para Piscinas","description":"","potentialAction":[{"@type":"SearchAction","target":{"@type":"EntryPoint","urlTemplate":"https:\/\/poolconcept.live-website.com\/it\/?s={search_term_string}"},"query-input":{"@type":"PropertyValueSpecification","valueRequired":true,"valueName":"search_term_string"}}],"inLanguage":"it-IT"}]}},"_links":{"self":[{"href":"https:\/\/poolconcept.live-website.com\/it\/wp-json\/wp\/v2\/pages\/276706","targetHints":{"allow":["GET"]}}],"collection":[{"href":"https:\/\/poolconcept.live-website.com\/it\/wp-json\/wp\/v2\/pages"}],"about":[{"href":"https:\/\/poolconcept.live-website.com\/it\/wp-json\/wp\/v2\/types\/page"}],"author":[{"embeddable":true,"href":"https:\/\/poolconcept.live-website.com\/it\/wp-json\/wp\/v2\/users\/2"}],"replies":[{"embeddable":true,"href":"https:\/\/poolconcept.live-website.com\/it\/wp-json\/wp\/v2\/comments?post=276706"}],"version-history":[{"count":0,"href":"https:\/\/poolconcept.live-website.com\/it\/wp-json\/wp\/v2\/pages\/276706\/revisions"}],"wp:attachment":[{"href":"https:\/\/poolconcept.live-website.com\/it\/wp-json\/wp\/v2\/media?parent=276706"}],"curies":[{"name":"wp","href":"https:\/\/api.w.org\/{rel}","templated":true}]}}