{"id":276802,"date":"2023-02-22T19:44:05","date_gmt":"2023-02-22T19:44:05","guid":{"rendered":"https:\/\/poolconcept.live-website.com\/galleria-dei-progetti\/"},"modified":"2025-02-28T02:35:53","modified_gmt":"2025-02-28T02:35:53","slug":"galleria-dei-progetti","status":"publish","type":"page","link":"https:\/\/poolconcept.live-website.com\/it\/galleria-dei-progetti\/","title":{"rendered":"Galleria dei progetti"},"content":{"rendered":"\t\t<div data-elementor-type=\"wp-page\" data-elementor-id=\"276802\" class=\"elementor elementor-276802 elementor-721\" data-elementor-post-type=\"page\">\n\t\t\t\t\t\t<section class=\"elementor-section elementor-top-section elementor-element elementor-element-769bb7c elementor-section-height-min-height elementor-section-boxed elementor-section-height-default elementor-section-items-middle\" data-id=\"769bb7c\" data-element_type=\"section\" data-settings=\"{&quot;background_background&quot;:&quot;classic&quot;}\">\n\t\t\t\t\t\t<div class=\"elementor-container elementor-column-gap-default\">\n\t\t\t\t\t<div class=\"elementor-column elementor-col-50 elementor-top-column elementor-element elementor-element-9ec1e5a\" data-id=\"9ec1e5a\" data-element_type=\"column\">\n\t\t\t<div class=\"elementor-widget-wrap elementor-element-populated\">\n\t\t\t\t\t\t<div class=\"elementor-element elementor-element-0a8babc elementor-widget elementor-widget-heading\" data-id=\"0a8babc\" data-element_type=\"widget\" data-widget_type=\"heading.default\">\n\t\t\t\t<div class=\"elementor-widget-container\">\n\t\t\t\t\t<h1 class=\"elementor-heading-title elementor-size-default\">Progetti di copertura per piscine<\/h1>\t\t\t\t<\/div>\n\t\t\t\t<\/div>\n\t\t\t\t<div class=\"elementor-element elementor-element-c09cbea elementor-widget elementor-widget-heading\" data-id=\"c09cbea\" data-element_type=\"widget\" data-widget_type=\"heading.default\">\n\t\t\t\t<div class=\"elementor-widget-container\">\n\t\t\t\t\t<h4 class=\"elementor-heading-title elementor-size-default\">Galleria di\nProgetti<\/h4>\t\t\t\t<\/div>\n\t\t\t\t<\/div>\n\t\t\t\t\t<\/div>\n\t\t<\/div>\n\t\t\t\t<div class=\"elementor-column elementor-col-50 elementor-top-column elementor-element elementor-element-d154785\" data-id=\"d154785\" data-element_type=\"column\">\n\t\t\t<div class=\"elementor-widget-wrap\">\n\t\t\t\t\t\t\t<\/div>\n\t\t<\/div>\n\t\t\t\t\t<\/div>\n\t\t<\/section>\n\t\t\t\t<section class=\"elementor-section elementor-top-section elementor-element elementor-element-4020ac5 elementor-section-boxed elementor-section-height-default elementor-section-height-default\" data-id=\"4020ac5\" data-element_type=\"section\" data-settings=\"{&quot;background_background&quot;:&quot;classic&quot;}\">\n\t\t\t\t\t\t<div class=\"elementor-container elementor-column-gap-default\">\n\t\t\t\t\t<div class=\"elementor-column elementor-col-100 elementor-top-column elementor-element elementor-element-ff6c146\" data-id=\"ff6c146\" data-element_type=\"column\">\n\t\t\t<div class=\"elementor-widget-wrap elementor-element-populated\">\n\t\t\t\t\t\t<div class=\"elementor-element elementor-element-3bba53b elementor-widget__width-initial elementor-widget elementor-widget-text-editor\" data-id=\"3bba53b\" data-element_type=\"widget\" data-widget_type=\"text-editor.default\">\n\t\t\t\t<div class=\"elementor-widget-container\">\n\t\t\t\t\t\t\t\t\t<p>Abbiamo raggiunto il perfetto equilibrio tra sicurezza, qualit\u00e0, design ed efficienza in modo che si integrino perfettamente in qualsiasi spazio<\/p>\n\t\t\t\t\t\t\t\t<\/div>\n\t\t\t\t<\/div>\n\t\t\t\t<section class=\"elementor-section elementor-inner-section elementor-element elementor-element-e81c9c8 elementor-section-boxed elementor-section-height-default elementor-section-height-default\" data-id=\"e81c9c8\" data-element_type=\"section\">\n\t\t\t\t\t\t<div class=\"elementor-container elementor-column-gap-default\">\n\t\t\t\t\t<div class=\"elementor-column elementor-col-50 elementor-inner-column elementor-element elementor-element-b000636\" data-id=\"b000636\" data-element_type=\"column\">\n\t\t\t<div class=\"elementor-widget-wrap elementor-element-populated\">\n\t\t\t\t\t\t<div class=\"elementor-element elementor-element-aa769ae elementor-align-right elementor-mobile-align-justify btn-proyectos btn-proyectos-particulares is-active elementor-widget elementor-widget-button\" data-id=\"aa769ae\" data-element_type=\"widget\" data-widget_type=\"button.default\">\n\t\t\t\t<div class=\"elementor-widget-container\">\n\t\t\t\t\t\t\t\t\t<div class=\"elementor-button-wrapper\">\n\t\t\t\t\t<a class=\"elementor-button elementor-button-link elementor-size-sm\" href=\"#\">\n\t\t\t\t\t\t<span class=\"elementor-button-content-wrapper\">\n\t\t\t\t\t\t\t\t\t<span class=\"elementor-button-text\">Particolare<\/span>\n\t\t\t\t\t<\/span>\n\t\t\t\t\t<\/a>\n\t\t\t\t<\/div>\n\t\t\t\t\t\t\t\t<\/div>\n\t\t\t\t<\/div>\n\t\t\t\t\t<\/div>\n\t\t<\/div>\n\t\t\t\t<div class=\"elementor-column elementor-col-50 elementor-inner-column elementor-element elementor-element-06645e6\" data-id=\"06645e6\" data-element_type=\"column\">\n\t\t\t<div class=\"elementor-widget-wrap elementor-element-populated\">\n\t\t\t\t\t\t<div class=\"elementor-element elementor-element-8f8c056 elementor-align-left elementor-mobile-align-justify btn-proyectos btn-proyectos-comerciales elementor-widget elementor-widget-button\" data-id=\"8f8c056\" data-element_type=\"widget\" data-widget_type=\"button.default\">\n\t\t\t\t<div class=\"elementor-widget-container\">\n\t\t\t\t\t\t\t\t\t<div class=\"elementor-button-wrapper\">\n\t\t\t\t\t<a class=\"elementor-button elementor-button-link elementor-size-sm\" href=\"#\">\n\t\t\t\t\t\t<span class=\"elementor-button-content-wrapper\">\n\t\t\t\t\t\t\t\t\t<span class=\"elementor-button-text\">Commerciale<\/span>\n\t\t\t\t\t<\/span>\n\t\t\t\t\t<\/a>\n\t\t\t\t<\/div>\n\t\t\t\t\t\t\t\t<\/div>\n\t\t\t\t<\/div>\n\t\t\t\t\t<\/div>\n\t\t<\/div>\n\t\t\t\t\t<\/div>\n\t\t<\/section>\n\t\t\t\t\t<\/div>\n\t\t<\/div>\n\t\t\t\t\t<\/div>\n\t\t<\/section>\n\t\t\t\t<section class=\"elementor-section elementor-top-section elementor-element elementor-element-312a64a elementor-section-full_width custom-swiper animated-slow elementor-section-height-default elementor-section-height-default elementor-invisible\" data-id=\"312a64a\" data-element_type=\"section\" data-settings=\"{&quot;background_background&quot;:&quot;classic&quot;,&quot;animation&quot;:&quot;fadeIn&quot;}\">\n\t\t\t\t\t\t<div class=\"elementor-container elementor-column-gap-default\">\n\t\t\t\t\t<div class=\"elementor-column elementor-col-100 elementor-top-column elementor-element elementor-element-430b030\" data-id=\"430b030\" data-element_type=\"column\">\n\t\t\t<div class=\"elementor-widget-wrap\">\n\t\t\t\t\t\t\t<\/div>\n\t\t<\/div>\n\t\t\t\t\t<\/div>\n\t\t<\/section>\n\t\t\t\t<section class=\"elementor-section elementor-top-section elementor-element elementor-element-e1fb3c2 elementor-section-full_width custom-swiper is-active elementor-section-height-default elementor-section-height-default\" data-id=\"e1fb3c2\" data-element_type=\"section\" id=\"proyectos-particulares\">\n\t\t\t\t\t\t<div class=\"elementor-container elementor-column-gap-default\">\n\t\t\t\t\t<div class=\"elementor-column elementor-col-100 elementor-top-column elementor-element elementor-element-e21d358\" data-id=\"e21d358\" data-element_type=\"column\">\n\t\t\t<div class=\"elementor-widget-wrap\">\n\t\t\t\t\t\t\t<\/div>\n\t\t<\/div>\n\t\t\t\t\t<\/div>\n\t\t<\/section>\n\t\t\t\t<section class=\"elementor-section elementor-top-section elementor-element elementor-element-f70434c elementor-section-full_width custom-swiper elementor-section-height-default elementor-section-height-default\" data-id=\"f70434c\" data-element_type=\"section\" id=\"proyectos-comerciales\">\n\t\t\t\t\t\t<div class=\"elementor-container elementor-column-gap-default\">\n\t\t\t\t\t<div class=\"elementor-column elementor-col-100 elementor-top-column elementor-element elementor-element-d888ef7\" data-id=\"d888ef7\" data-element_type=\"column\">\n\t\t\t<div class=\"elementor-widget-wrap\">\n\t\t\t\t\t\t\t<\/div>\n\t\t<\/div>\n\t\t\t\t\t<\/div>\n\t\t<\/section>\n\t\t\t\t<section class=\"elementor-section elementor-top-section elementor-element elementor-element-4cacab2 elementor-section-boxed elementor-section-height-default elementor-section-height-default\" data-id=\"4cacab2\" data-element_type=\"section\">\n\t\t\t\t\t\t<div class=\"elementor-container elementor-column-gap-default\">\n\t\t\t\t\t<div class=\"elementor-column elementor-col-100 elementor-top-column elementor-element elementor-element-0af8b5f\" data-id=\"0af8b5f\" data-element_type=\"column\">\n\t\t\t<div class=\"elementor-widget-wrap elementor-element-populated\">\n\t\t\t\t\t\t<div class=\"elementor-element elementor-element-d3c7273 elementor-widget elementor-widget-html\" data-id=\"d3c7273\" data-element_type=\"widget\" data-widget_type=\"html.default\">\n\t\t\t\t<div class=\"elementor-widget-container\">\n\t\t\t\t\t<style>\n\n#proyectos-comerciales,\n#proyectos-particulares {\n    opacity: 0;\n    z-index: 0;\n}\n#proyectos-comerciales.is-active,\n#proyectos-particulares.is-active {\n    opacity: 1;\n    z-index: 1;\n}\n#proyectos-comerciales {\n    transform: translateY(-100%);\n    \n}\n \/* Botones *\/\n.btn-proyectos.is-active a {\n    fill: var(--e-global-color-accent )!important;\n    color: var(--e-global-color-accent )!important;\n    background-color: #FFFFFF00!important;\n    border-color: var(--e-global-color-accent )!important;\n }\n<\/style>\n<script>\nwindow.addEventListener('DOMContentLoaded', function() {\n \n    const $ = jQuery;\n    \n    \/* Proyectos Comerciales *\/\n    $('.btn-proyectos-comerciales a').on('click', function(e){\n    \n    e.preventDefault();\n    $('.btn-proyectos').removeClass('is-active');\n    $(this).parents('.btn-proyectos').addClass(\"is-active\");\n    $('#proyectos-particulares').removeClass(\"is-active\");\n    \n     setTimeout(function(){\n        \n        $('#proyectos-comerciales').addClass(\"is-active\");\n        \n        },500)\n        \n    })\n    \n     \/* Proyectos Particulares *\/\n    $('.btn-proyectos-particulares a').on('click', function(e){\n    \n    e.preventDefault();\n     $('.btn-proyectos').removeClass('is-active');\n    $(this).parents('.btn-proyectos').addClass(\"is-active\");\n    $('#proyectos-comerciales').removeClass(\"is-active\");\n\n    setTimeout(function(){\n        $('#proyectos-particulares').addClass(\"is-active\");\n \n    },500)\n        \n    })\n    \n    \n});\n<\/script>    \t\t\t\t<\/div>\n\t\t\t\t<\/div>\n\t\t\t\t\t<\/div>\n\t\t<\/div>\n\t\t\t\t\t<\/div>\n\t\t<\/section>\n\t\t\t\t<section class=\"elementor-section elementor-top-section elementor-element elementor-element-315c2e0 elementor-section-boxed elementor-section-height-default elementor-section-height-default\" data-id=\"315c2e0\" data-element_type=\"section\" data-settings=\"{&quot;background_background&quot;:&quot;classic&quot;}\">\n\t\t\t\t\t\t<div class=\"elementor-container elementor-column-gap-default\">\n\t\t\t\t\t<div class=\"elementor-column elementor-col-100 elementor-top-column elementor-element elementor-element-346bb35\" data-id=\"346bb35\" data-element_type=\"column\">\n\t\t\t<div class=\"elementor-widget-wrap elementor-element-populated\">\n\t\t\t\t\t\t<div class=\"elementor-element elementor-element-224fd86 elementor-widget elementor-widget-image\" data-id=\"224fd86\" data-element_type=\"widget\" data-widget_type=\"image.default\">\n\t\t\t\t<div class=\"elementor-widget-container\">\n\t\t\t\t\t\t\t\t\t\t\t\t\t\t\t<img decoding=\"async\" width=\"400\" height=\"58\" src=\"https:\/\/poolconcept.live-website.com\/wp-content\/uploads\/2023\/02\/A485B464-C150-48B9-88C1-708F88A1F04A.svg\" class=\"attachment-full size-full wp-image-378\" alt=\"\" \/>\t\t\t\t\t\t\t\t\t\t\t\t\t\t\t<\/div>\n\t\t\t\t<\/div>\n\t\t\t\t<div class=\"elementor-element elementor-element-e0af6bc elementor-widget elementor-widget-text-editor\" data-id=\"e0af6bc\" data-element_type=\"widget\" data-widget_type=\"text-editor.default\">\n\t\t\t\t<div class=\"elementor-widget-container\">\n\t\t\t\t\t\t\t\t\tNuova generazione  <br>\n\n<span style=\"color: #28a5d6; border-bottom: 1.5px solid #28A5D6;\">Piscine  <\/span>\t\t\t\t\t\t\t\t<\/div>\n\t\t\t\t<\/div>\n\t\t\t\t<div class=\"elementor-element elementor-element-0eeb89b elementor-widget__width-initial elementor-widget elementor-widget-text-editor\" data-id=\"0eeb89b\" data-element_type=\"widget\" data-widget_type=\"text-editor.default\">\n\t\t\t\t<div class=\"elementor-widget-container\">\n\t\t\t\t\t\t\t\t\t<p><span style=\"font-weight: 400;\">Rinfrescarsi non \u00e8 pi\u00f9 un obiettivo, \u00e8 un&#8217;opzione. La limitazione dello spazio non \u00e8 un&#8217;imposizione, \u00e8 una decisione. Il design non \u00e8 stagionale, \u00e8 per sempre<\/span><span style=\"font-weight: 400;\">.<\/span><\/p>\n\t\t\t\t\t\t\t\t<\/div>\n\t\t\t\t<\/div>\n\t\t\t\t<div class=\"elementor-element elementor-element-2393bcf elementor-align-center elementor-widget elementor-widget-button\" data-id=\"2393bcf\" data-element_type=\"widget\" data-widget_type=\"button.default\">\n\t\t\t\t<div class=\"elementor-widget-container\">\n\t\t\t\t\t\t\t\t\t<div class=\"elementor-button-wrapper\">\n\t\t\t\t\t<a class=\"elementor-button elementor-button-link elementor-size-sm\" href=\"https:\/\/poolconcept.live-website.com\/it\/contatto\/\">\n\t\t\t\t\t\t<span class=\"elementor-button-content-wrapper\">\n\t\t\t\t\t\t\t\t\t<span class=\"elementor-button-text\">Contattaci<\/span>\n\t\t\t\t\t<\/span>\n\t\t\t\t\t<\/a>\n\t\t\t\t<\/div>\n\t\t\t\t\t\t\t\t<\/div>\n\t\t\t\t<\/div>\n\t\t\t\t\t<\/div>\n\t\t<\/div>\n\t\t\t\t\t<\/div>\n\t\t<\/section>\n\t\t\t\t<\/div>\n\t\t","protected":false},"excerpt":{"rendered":"<p>Progetti di copertura per piscine Galleria di Progetti Abbiamo raggiunto il perfetto equilibrio tra sicurezza, qualit\u00e0, design ed efficienza in modo che si integrino perfettamente in qualsiasi spazio Particolare Commerciale Progetto Madison Vedi Dettagli &nbsp; Progetto Miami Vedi Dettagli &nbsp; Progetto Interno Vedi Dettagli &nbsp; Progetto Fall Vedi Dettagli &nbsp; Progetto Time Vedi Dettagli &nbsp; [&hellip;]<\/p>\n","protected":false},"author":2,"featured_media":0,"parent":0,"menu_order":0,"comment_status":"closed","ping_status":"closed","template":"elementor_header_footer","meta":{"footnotes":""},"class_list":["post-276802","page","type-page","status-publish","hentry"],"yoast_head":"<!-- This site is optimized with the Yoast SEO plugin v24.5 - https:\/\/yoast.com\/wordpress\/plugins\/seo\/ -->\n<title>Ponti di lusso e progetti di piscine - Poolconcept<\/title>\n<meta name=\"description\" content=\"Vieni a conoscere i nostri progetti di Luxury Decking. Piscine di lusso con le migliori finiture. Progetti su misura\" \/>\n<meta name=\"robots\" content=\"index, follow, max-snippet:-1, max-image-preview:large, max-video-preview:-1\" \/>\n<link rel=\"canonical\" href=\"https:\/\/poolconcept.live-website.com\/it\/galleria-dei-progetti\/\" \/>\n<meta property=\"og:locale\" content=\"it_IT\" \/>\n<meta property=\"og:type\" content=\"article\" \/>\n<meta property=\"og:title\" content=\"Ponti di lusso e progetti di piscine - Poolconcept\" \/>\n<meta property=\"og:description\" content=\"Vieni a conoscere i nostri progetti di Luxury Decking. Piscine di lusso con le migliori finiture. Progetti su misura\" \/>\n<meta property=\"og:url\" content=\"https:\/\/poolconcept.live-website.com\/it\/galleria-dei-progetti\/\" \/>\n<meta property=\"og:site_name\" content=\"Poolconcept - Cubiertas transitables para Piscinas\" \/>\n<meta property=\"article:modified_time\" content=\"2025-02-28T02:35:53+00:00\" \/>\n<meta property=\"og:image\" content=\"https:\/\/poolconcept.live-website.com\/wp-content\/uploads\/2025\/02\/slider-madison.png\" \/>\n\t<meta property=\"og:image:width\" content=\"575\" \/>\n\t<meta property=\"og:image:height\" content=\"418\" \/>\n\t<meta property=\"og:image:type\" content=\"image\/png\" \/>\n<meta name=\"twitter:card\" content=\"summary_large_image\" \/>\n<meta name=\"twitter:label1\" content=\"Tempo di lettura stimato\" \/>\n\t<meta name=\"twitter:data1\" content=\"6 minuti\" \/>\n<script type=\"application\/ld+json\" class=\"yoast-schema-graph\">{\"@context\":\"https:\/\/schema.org\",\"@graph\":[{\"@type\":\"WebPage\",\"@id\":\"https:\/\/poolconcept.live-website.com\/it\/galleria-dei-progetti\/\",\"url\":\"https:\/\/poolconcept.live-website.com\/it\/galleria-dei-progetti\/\",\"name\":\"Ponti di lusso e progetti di piscine - Poolconcept\",\"isPartOf\":{\"@id\":\"https:\/\/poolconcept.live-website.com\/it\/#website\"},\"primaryImageOfPage\":{\"@id\":\"https:\/\/poolconcept.live-website.com\/it\/galleria-dei-progetti\/#primaryimage\"},\"image\":{\"@id\":\"https:\/\/poolconcept.live-website.com\/it\/galleria-dei-progetti\/#primaryimage\"},\"thumbnailUrl\":\"https:\/\/poolconcept.live-website.com\/wp-content\/uploads\/2025\/02\/slider-madison.png\",\"datePublished\":\"2023-02-22T19:44:05+00:00\",\"dateModified\":\"2025-02-28T02:35:53+00:00\",\"description\":\"Vieni a conoscere i nostri progetti di Luxury Decking. Piscine di lusso con le migliori finiture. Progetti su misura\",\"breadcrumb\":{\"@id\":\"https:\/\/poolconcept.live-website.com\/it\/galleria-dei-progetti\/#breadcrumb\"},\"inLanguage\":\"it-IT\",\"potentialAction\":[{\"@type\":\"ReadAction\",\"target\":[\"https:\/\/poolconcept.live-website.com\/it\/galleria-dei-progetti\/\"]}]},{\"@type\":\"ImageObject\",\"inLanguage\":\"it-IT\",\"@id\":\"https:\/\/poolconcept.live-website.com\/it\/galleria-dei-progetti\/#primaryimage\",\"url\":\"https:\/\/poolconcept.live-website.com\/wp-content\/uploads\/2025\/02\/slider-madison.png\",\"contentUrl\":\"https:\/\/poolconcept.live-website.com\/wp-content\/uploads\/2025\/02\/slider-madison.png\"},{\"@type\":\"BreadcrumbList\",\"@id\":\"https:\/\/poolconcept.live-website.com\/it\/galleria-dei-progetti\/#breadcrumb\",\"itemListElement\":[{\"@type\":\"ListItem\",\"position\":1,\"name\":\"Portada\",\"item\":\"https:\/\/poolconcept.live-website.com\/it\/\"},{\"@type\":\"ListItem\",\"position\":2,\"name\":\"Galleria dei progetti\"}]},{\"@type\":\"WebSite\",\"@id\":\"https:\/\/poolconcept.live-website.com\/it\/#website\",\"url\":\"https:\/\/poolconcept.live-website.com\/it\/\",\"name\":\"Poolconcept - Cubiertas transitables para Piscinas\",\"description\":\"\",\"potentialAction\":[{\"@type\":\"SearchAction\",\"target\":{\"@type\":\"EntryPoint\",\"urlTemplate\":\"https:\/\/poolconcept.live-website.com\/it\/?s={search_term_string}\"},\"query-input\":{\"@type\":\"PropertyValueSpecification\",\"valueRequired\":true,\"valueName\":\"search_term_string\"}}],\"inLanguage\":\"it-IT\"}]}<\/script>\n<!-- \/ Yoast SEO plugin. -->","yoast_head_json":{"title":"Ponti di lusso e progetti di piscine - Poolconcept","description":"Vieni a conoscere i nostri progetti di Luxury Decking. Piscine di lusso con le migliori finiture. Progetti su misura","robots":{"index":"index","follow":"follow","max-snippet":"max-snippet:-1","max-image-preview":"max-image-preview:large","max-video-preview":"max-video-preview:-1"},"canonical":"https:\/\/poolconcept.live-website.com\/it\/galleria-dei-progetti\/","og_locale":"it_IT","og_type":"article","og_title":"Ponti di lusso e progetti di piscine - Poolconcept","og_description":"Vieni a conoscere i nostri progetti di Luxury Decking. Piscine di lusso con le migliori finiture. Progetti su misura","og_url":"https:\/\/poolconcept.live-website.com\/it\/galleria-dei-progetti\/","og_site_name":"Poolconcept - Cubiertas transitables para Piscinas","article_modified_time":"2025-02-28T02:35:53+00:00","og_image":[{"width":575,"height":418,"url":"https:\/\/poolconcept.live-website.com\/wp-content\/uploads\/2025\/02\/slider-madison.png","type":"image\/png"}],"twitter_card":"summary_large_image","twitter_misc":{"Tempo di lettura stimato":"6 minuti"},"schema":{"@context":"https:\/\/schema.org","@graph":[{"@type":"WebPage","@id":"https:\/\/poolconcept.live-website.com\/it\/galleria-dei-progetti\/","url":"https:\/\/poolconcept.live-website.com\/it\/galleria-dei-progetti\/","name":"Ponti di lusso e progetti di piscine - Poolconcept","isPartOf":{"@id":"https:\/\/poolconcept.live-website.com\/it\/#website"},"primaryImageOfPage":{"@id":"https:\/\/poolconcept.live-website.com\/it\/galleria-dei-progetti\/#primaryimage"},"image":{"@id":"https:\/\/poolconcept.live-website.com\/it\/galleria-dei-progetti\/#primaryimage"},"thumbnailUrl":"https:\/\/poolconcept.live-website.com\/wp-content\/uploads\/2025\/02\/slider-madison.png","datePublished":"2023-02-22T19:44:05+00:00","dateModified":"2025-02-28T02:35:53+00:00","description":"Vieni a conoscere i nostri progetti di Luxury Decking. Piscine di lusso con le migliori finiture. Progetti su misura","breadcrumb":{"@id":"https:\/\/poolconcept.live-website.com\/it\/galleria-dei-progetti\/#breadcrumb"},"inLanguage":"it-IT","potentialAction":[{"@type":"ReadAction","target":["https:\/\/poolconcept.live-website.com\/it\/galleria-dei-progetti\/"]}]},{"@type":"ImageObject","inLanguage":"it-IT","@id":"https:\/\/poolconcept.live-website.com\/it\/galleria-dei-progetti\/#primaryimage","url":"https:\/\/poolconcept.live-website.com\/wp-content\/uploads\/2025\/02\/slider-madison.png","contentUrl":"https:\/\/poolconcept.live-website.com\/wp-content\/uploads\/2025\/02\/slider-madison.png"},{"@type":"BreadcrumbList","@id":"https:\/\/poolconcept.live-website.com\/it\/galleria-dei-progetti\/#breadcrumb","itemListElement":[{"@type":"ListItem","position":1,"name":"Portada","item":"https:\/\/poolconcept.live-website.com\/it\/"},{"@type":"ListItem","position":2,"name":"Galleria dei progetti"}]},{"@type":"WebSite","@id":"https:\/\/poolconcept.live-website.com\/it\/#website","url":"https:\/\/poolconcept.live-website.com\/it\/","name":"Poolconcept - Cubiertas transitables para Piscinas","description":"","potentialAction":[{"@type":"SearchAction","target":{"@type":"EntryPoint","urlTemplate":"https:\/\/poolconcept.live-website.com\/it\/?s={search_term_string}"},"query-input":{"@type":"PropertyValueSpecification","valueRequired":true,"valueName":"search_term_string"}}],"inLanguage":"it-IT"}]}},"_links":{"self":[{"href":"https:\/\/poolconcept.live-website.com\/it\/wp-json\/wp\/v2\/pages\/276802","targetHints":{"allow":["GET"]}}],"collection":[{"href":"https:\/\/poolconcept.live-website.com\/it\/wp-json\/wp\/v2\/pages"}],"about":[{"href":"https:\/\/poolconcept.live-website.com\/it\/wp-json\/wp\/v2\/types\/page"}],"author":[{"embeddable":true,"href":"https:\/\/poolconcept.live-website.com\/it\/wp-json\/wp\/v2\/users\/2"}],"replies":[{"embeddable":true,"href":"https:\/\/poolconcept.live-website.com\/it\/wp-json\/wp\/v2\/comments?post=276802"}],"version-history":[{"count":0,"href":"https:\/\/poolconcept.live-website.com\/it\/wp-json\/wp\/v2\/pages\/276802\/revisions"}],"wp:attachment":[{"href":"https:\/\/poolconcept.live-website.com\/it\/wp-json\/wp\/v2\/media?parent=276802"}],"curies":[{"name":"wp","href":"https:\/\/api.w.org\/{rel}","templated":true}]}}