{"id":276697,"date":"2023-03-31T12:06:54","date_gmt":"2023-03-31T12:06:54","guid":{"rendered":"https:\/\/poolconcept.live-website.com\/politica-de-cookies\/"},"modified":"2024-05-21T18:52:45","modified_gmt":"2024-05-21T18:52:45","slug":"politica-de-cookies","status":"publish","type":"page","link":"https:\/\/poolconcept.live-website.com\/pt-pt\/politica-de-cookies\/","title":{"rendered":"Pol\u00edtica de Cookies"},"content":{"rendered":"\t\t<div data-elementor-type=\"wp-page\" data-elementor-id=\"276697\" class=\"elementor elementor-276697 elementor-274565\" data-elementor-post-type=\"page\">\n\t\t\t\t\t\t<section class=\"elementor-section elementor-top-section elementor-element elementor-element-f01c1a1 elementor-section-height-min-height elementor-section-boxed elementor-section-height-default elementor-section-items-middle\" data-id=\"f01c1a1\" data-element_type=\"section\" data-settings=\"{&quot;background_background&quot;:&quot;classic&quot;}\">\n\t\t\t\t\t\t<div class=\"elementor-container elementor-column-gap-default\">\n\t\t\t\t\t<div class=\"elementor-column elementor-col-50 elementor-top-column elementor-element elementor-element-e8793a0\" data-id=\"e8793a0\" data-element_type=\"column\">\n\t\t\t<div class=\"elementor-widget-wrap elementor-element-populated\">\n\t\t\t\t\t\t<div class=\"elementor-element elementor-element-e54f01f elementor-widget__width-initial elementor-widget elementor-widget-heading\" data-id=\"e54f01f\" data-element_type=\"widget\" data-widget_type=\"heading.default\">\n\t\t\t\t<div class=\"elementor-widget-container\">\n\t\t\t\t\t<h2 class=\"elementor-heading-title elementor-size-default\">Pol\u00edtica de Cookies<\/h2>\t\t\t\t<\/div>\n\t\t\t\t<\/div>\n\t\t\t\t\t<\/div>\n\t\t<\/div>\n\t\t\t\t<div class=\"elementor-column elementor-col-50 elementor-top-column elementor-element elementor-element-b6e4af7\" data-id=\"b6e4af7\" data-element_type=\"column\">\n\t\t\t<div class=\"elementor-widget-wrap\">\n\t\t\t\t\t\t\t<\/div>\n\t\t<\/div>\n\t\t\t\t\t<\/div>\n\t\t<\/section>\n\t\t\t\t<section class=\"elementor-section elementor-top-section elementor-element elementor-element-2ec02ba elementor-section-boxed elementor-section-height-default elementor-section-height-default\" data-id=\"2ec02ba\" data-element_type=\"section\" data-settings=\"{&quot;background_background&quot;:&quot;classic&quot;}\">\n\t\t\t\t\t\t<div class=\"elementor-container elementor-column-gap-default\">\n\t\t\t\t\t<div class=\"elementor-column elementor-col-100 elementor-top-column elementor-element elementor-element-3ccfdeb\" data-id=\"3ccfdeb\" data-element_type=\"column\">\n\t\t\t<div class=\"elementor-widget-wrap elementor-element-populated\">\n\t\t\t\t\t\t<div class=\"elementor-element elementor-element-81c27d2 elementor-widget__width-initial elementor-widget elementor-widget-text-editor\" data-id=\"81c27d2\" data-element_type=\"widget\" data-widget_type=\"text-editor.default\">\n\t\t\t\t<div class=\"elementor-widget-container\">\n\t\t\t\t\t\t\t\t\t<p>Esta pol\u00edtica de cookies foi atualizada pela \u00faltima vez em 14 de maio de 2021 e aplica-se aos cidad\u00e3os do Espa\u00e7o Econ\u00f3mico Europeu.<\/p>\n<h2>INTRODU\u00c7\u00c3O<\/h2>\n<p>Nosso site, https:\/\/poolconcept.live-website.com (doravante: &#8220;o site&#8221;) usa cookies e outras tecnologias relacionadas (por conveni\u00eancia, todas as tecnologias ser\u00e3o referidas como &#8220;cookies&#8221;). Os cookies tamb\u00e9m podem ser colocados por terceiros que contratamos. No seguinte documento informamos sobre o uso de cookies em nosso site.<\/p>\n<h2>O QUE S\u00c3O COOKIES?<\/h2>\n<p>Um cookie \u00e9 um pequeno arquivo que \u00e9 enviado junto com as p\u00e1ginas deste site e armazenado pelo seu navegador no disco r\u00edgido do seu computador ou outro dispositivo. As informa\u00e7\u00f5es armazenadas podem ser devolvidas aos nossos servidores ou aos servidores dos terceiros relevantes durante uma visita subsequente.<\/p>\n<h2>O QUE S\u00c3O SCRIPTS?<\/h2>\n<p>Um script \u00e9 um peda\u00e7o de c\u00f3digo de programa que \u00e9 usado para fazer o nosso site funcionar corretamente e interativamente. Este c\u00f3digo \u00e9 executado no nosso servidor ou no seu dispositivo.<\/p>\n<h2>O QUE \u00c9 UM WEB BEACON?<\/h2>\n<p>Um web beacon (ou pixel tag) \u00e9 um pequeno peda\u00e7o invis\u00edvel de texto ou imagem em um site que \u00e9 usado para monitorar o tr\u00e1fego no site. Para este efeito, v\u00e1rios dados sobre voc\u00ea s\u00e3o armazenados usando esses web beacons.<\/p>\n<h2>CONSENTIMENTO<\/h2>\n<p>Quando visitar o nosso site pela primeira vez, iremos mostrar-lhe uma janela pop-up com uma explica\u00e7\u00e3o sobre cookies. Assim que clicar em &#8220;Todos os cookies&#8221;, autoriza-nos a utilizar todos os cookies e plug-ins conforme descrito na janela pop-up e nesta pol\u00edtica de cookies. Pode desativar a utiliza\u00e7\u00e3o de cookies atrav\u00e9s do seu browser, mas tenha em aten\u00e7\u00e3o que o nosso website poder\u00e1 j\u00e1 n\u00e3o funcionar corretamente.  <\/p>\n<h2>COOKIES<\/h2>\n<p><strong>Cookies t\u00e9cnicos ou funcionais<\/strong><br \/>Alguns cookies garantem que certas partes do site funcionem corretamente e que suas prefer\u00eancias de usu\u00e1rio ainda sejam reconhecidas. Ao colocar cookies funcionais, facilitamos a sua visita ao nosso website. Desta forma, n\u00e3o precisa de introduzir repetidamente as mesmas informa\u00e7\u00f5es quando visita o nosso website e, por exemplo, os artigos permanecem no seu carrinho de compras at\u00e9 que tenha pago. Podemos colocar estes cookies sem o seu consentimento.<\/p>\n<p><strong>Cookies anal\u00edticos<\/strong><br \/>Utilizamos cookies anal\u00edticos para otimizar a experi\u00eancia do website para os nossos utilizadores. Com esses cookies anal\u00edticos, obtemos informa\u00e7\u00f5es sobre o uso do nosso site. Pedimos a sua permiss\u00e3o para inserir cookies anal\u00edticos.<\/p>\n<p><strong>Cookies de publicidade<\/strong><br \/>N\u00e3o utilizamos cookies de publicidade neste website.<\/p>\n<p><strong>Bot\u00f5es de Redes Sociais<\/strong><br \/>Em nosso site, inclu\u00edmos bot\u00f5es para o Facebook e para poder compartilhar ou anunciar p\u00e1ginas (por exemplo, &#8220;curtir, &#8220;pin&#8221;) ou compartilh\u00e1-las (por exemplo, &#8220;facebook&#8221;) em redes sociais como o Facebook. Esses bot\u00f5es funcionam usando o pr\u00f3prio c\u00f3digo do Facebook. Este c\u00f3digo incorpora cookies. Esses bot\u00f5es de m\u00eddia social podem armazenar e processar certas informa\u00e7\u00f5es, para que um an\u00fancio personalizado possa ser exibido.<br \/>Por favor, leia a pol\u00edtica de privacidade dessas redes sociais (que podem mudar frequentemente) para descobrir o que elas fazem com seus dados (pessoais) que processam usando esses cookies. Os dados que recebem s\u00e3o anonimizados tanto quanto poss\u00edvel. O Facebook est\u00e1 localizado nos Estados Unidos.<\/p>\n<\/p>\n<h2><span id=\"7_Cookies_usadas\">COOKIES UTILIZADOS<\/span><\/h2>\n<h4><span id=\"Google_Analytics\">Google Analytics<\/span><\/h4>\n<p>Utilizamos o Google Analytics para estat\u00edsticas de websites. L\u00ea mais<\/p>\n<table>\n<tbody>\n<tr>\n<td>Fun\u00e7\u00e3o<\/td>\n<td>de reten\u00e7\u00e3o de<\/td>\n<td> nome<\/td>\n<\/tr>\n<tr>\n<td><b>Estat\u00edsticas (an\u00f3nimo)<\/b><\/td>\n<td> <\/td>\n<td> <\/td>\n<\/tr>\n<tr>\n<td>_ga<\/td>\n<td>2 anos<\/td>\n<td> <\/td>\n<\/tr>\n<tr>\n<td>_gid<\/td>\n<td>Contagem de 1 dia<\/td>\n<td>&amp; Rastrear visualiza\u00e7\u00f5es de p\u00e1gina<\/td>\n<\/tr>\n<tr>\n<td><b>Estat\u00edstica<\/b><\/td>\n<td> <\/td>\n<td> <\/td>\n<\/tr>\n<tr>\n<td>_gat_UA-*<\/td>\n<td>sess\u00e3o<\/td>\n<td> <\/td>\n<\/tr>\n<\/tbody>\n<\/table>\n<h5><span id=\"Compartir\">Partilhar<\/span><\/h5>\n<p>Para mais informa\u00e7\u00f5es, leia a Pol\u00edtica de Privacidade do Google Analytics.<\/p>\n<h4><span id=\"Cookie_Notice_for_GDPR\">Aviso de cookies para o RGPD<\/span><\/h4>\n<p>Utilizamos o Aviso de Cookies para o RGPD para gerir o consentimento de cookies. L\u00ea mais<\/p>\n<table>\n<tbody>\n<tr>\n<td>Fun\u00e7\u00e3o<\/td>\n<td>de reten\u00e7\u00e3o de<\/td>\n<td> nome<\/td>\n<\/tr>\n<tr>\n<td><b>Funcional<\/b><\/td>\n<td> <\/td>\n<td> <\/td>\n<\/tr>\n<tr>\n<td>Persistente cookie_notice_accepted<\/td>\n<td><\/td>\n<td>Verifique se os cookies podem ser instalados<\/td>\n<\/tr>\n<\/tbody>\n<\/table>\n<h5><span id=\"Compartir1\">Partilhar<\/span><\/h5>\n<p>Estes dados n\u00e3o s\u00e3o partilhados com terceiros.<\/p>\n<h4><span id=\"Divi_Elegant_Themes\">Divi (Temas Elegantes)<\/span><\/h4>\n<p>Usamos Divi (Elegant Themes) para design de loja online. L\u00ea mais<\/p>\n<table>\n<tbody>\n<tr>\n<td>Fun\u00e7\u00e3o<\/td>\n<td>de reten\u00e7\u00e3o de<\/td>\n<td> nome<\/td>\n<\/tr>\n<tr>\n<td><b>Funcional<\/b><\/td>\n<td> <\/td>\n<td> <\/td>\n<\/tr>\n<tr>\n<td>et-pb-recent-items-persistent font_family<\/td>\n<td><\/td>\n<td>Fornecer funcionalidade entre p\u00e1ginas<\/td>\n<\/tr>\n<tr>\n<td>et-pb-recent-items-colors<\/td>\n<td>persistente<\/td>\n<td>Fornecer funcionalidade entre p\u00e1ginas<\/td>\n<\/tr>\n<tr>\n<td>et_builder_product_version<\/td>\n<td>sesi\u00f3n<\/td>\n<td>Armazene um n\u00famero de vers\u00e3o para atualiza\u00e7\u00f5es<\/td>\n<\/tr>\n<tr>\n<td>et_fb_clipboard_styles_style<\/td>\n<td> <\/td>\n<td> <\/td>\n<\/tr>\n<tr>\n<td>et_fb_module_data<\/td>\n<td>fornecer<\/td>\n<td>funcionalidade entre p\u00e1ginas<\/td>\n<\/tr>\n<tr>\n<td>et_fb_clipboard_module_row<\/td>\n<td> <\/td>\n<td> <\/td>\n<\/tr>\n<tr>\n<td>et_fb_clipboard_module_section<\/td>\n<td> <\/td>\n<td> <\/td>\n<\/tr>\n<tr>\n<td><b>Finalidade da Pesquisa Pendente<\/b><\/td>\n<td> <\/td>\n<td> <\/td>\n<\/tr>\n<tr>\n<td>et-salvo-post-*<\/td>\n<td> <\/td>\n<td> <\/td>\n<\/tr>\n<tr>\n<td>et-salvo-post-*<\/td>\n<td> <\/td>\n<td> <\/td>\n<\/tr>\n<tr>\n<td>et-recomendar-sincronizar-post-*<\/td>\n<td> <\/td>\n<td> <\/td>\n<\/tr>\n<tr>\n<td>et-edi\u00e7\u00e3o-p\u00f3s-*<\/td>\n<td> <\/td>\n<td> <\/td>\n<\/tr>\n<tr>\n<td>et-salvo-post-*<\/td>\n<td> <\/td>\n<td> <\/td>\n<\/tr>\n<\/tbody>\n<\/table>\n<h5><span id=\"Compartir2\">Partilhar<\/span><\/h5>\n<p>Estes dados n\u00e3o s\u00e3o partilhados com terceiros.<\/p>\n<\/p>\n<h4><span id=\"ET_Editor\">ET Editor<\/span><\/h4>\n<p>Usamos o ET Editor para o design da loja virtual. L\u00ea mais<\/p>\n<table>\n<tbody>\n<tr>\n<td>Fun\u00e7\u00e3o<\/td>\n<td>de reten\u00e7\u00e3o de<\/td>\n<td> nome<\/td>\n<\/tr>\n<tr>\n<td><b>Finalidade da Pesquisa Pendente<\/b><\/td>\n<td> <\/td>\n<td> <\/td>\n<\/tr>\n<tr>\n<td>et-editor-dispon\u00edvel-post-*<\/td>\n<td> <\/td>\n<td> <\/td>\n<\/tr>\n<\/tbody>\n<\/table>\n<h5><span id=\"Compartir5\">Partilhar<\/span><\/h5>\n<p>Estes dados n\u00e3o s\u00e3o partilhados com terceiros.<\/p>\n<h4><span id=\"WordPress\">WordPress<\/span><\/h4>\n<p>Usamos WordPress para desenvolvimento de sites. L\u00ea mais<\/p>\n<table>\n<tbody>\n<tr>\n<td>Fun\u00e7\u00e3o<\/td>\n<td>de reten\u00e7\u00e3o de<\/td>\n<td> nome<\/td>\n<\/tr>\n<tr>\n<td><b>Funcional<\/b><\/td>\n<td> <\/td>\n<td> <\/td>\n<\/tr>\n<tr>\n<td>wordpress_logged_in_*<\/td>\n<td>persistente<\/td>\n<td>Manter os usu\u00e1rios conectados<\/td>\n<\/tr>\n<tr>\n<td>wp-saving-post<\/td>\n<td>1 dia<\/td>\n<td>Salvar automaticamente uma postagem no editor<\/td>\n<\/tr>\n<tr>\n<td>wp-api-schema-model*<\/td>\n<td>sess\u00e3o<\/td>\n<td> <\/td>\n<\/tr>\n<\/tbody>\n<\/table>\n<h5><span id=\"Compartir6\">Partilhar<\/span><\/h5>\n<p>Estes dados n\u00e3o s\u00e3o partilhados com terceiros.<\/p>\n<h4><span id=\"Wistia\">Wistia<\/span><\/h4>\n<p>Usamos Wistia para mostrar v\u00eddeo. L\u00ea mais<\/p>\n<table>\n<tbody>\n<tr>\n<td>Fun\u00e7\u00e3o<\/td>\n<td>de reten\u00e7\u00e3o de<\/td>\n<td> nome<\/td>\n<\/tr>\n<tr>\n<td><b>Estat\u00edstica<\/b><\/td>\n<td> <\/td>\n<td> <\/td>\n<\/tr>\n<tr>\n<td>wistia-video-progress-*<\/td>\n<td>persistente<\/td>\n<td>Armazene se o usu\u00e1rio viu conte\u00fado incorporado<\/td>\n<\/tr>\n<tr>\n<td><b>Marketing\/Acompanhamento<\/b><\/td>\n<td> <\/td>\n<td> <\/td>\n<\/tr>\n<tr>\n<td>Wistia<\/td>\n<td> persistente <\/td>\n<td>Salvar a\u00e7\u00f5es feitas pelos usu\u00e1rios no site<\/td>\n<\/tr>\n<tr>\n<td><b>Finalidade da Pesquisa Pendente<\/b><\/td>\n<td> <\/td>\n<td> <\/td>\n<\/tr>\n<tr>\n<td>wistia-video-progress-*<\/td>\n<td>persistente<\/td>\n<td> <\/td>\n<\/tr>\n<tr>\n<td>wistia-video-progress-*<\/td>\n<td>persistente<\/td>\n<td> <\/td>\n<\/tr>\n<tr>\n<td>wistia-video-progress-*<\/td>\n<td>persistente<\/td>\n<td> <\/td>\n<\/tr>\n<\/tbody>\n<\/table>\n<h5><span id=\"Compartir7\">Partilhar<\/span><\/h5>\n<p>Para mais informa\u00e7\u00f5es, leia a Pol\u00edtica de Privacidade.<\/p>\n<h4><span id=\"Google_Fonts\">Fontes do Google<\/span><\/h4>\n<p>Usamos o Google Fonts para exibir fontes da Web. L\u00ea mais<\/p>\n<table>\n<tbody>\n<tr>\n<td>Fun\u00e7\u00e3o<\/td>\n<td>de reten\u00e7\u00e3o de<\/td>\n<td> nome<\/td>\n<\/tr>\n<tr>\n<td><b>Marketing\/Acompanhamento<\/b><\/td>\n<td> <\/td>\n<td> <\/td>\n<\/tr>\n<tr>\n<td>Google Fonts API<\/td>\n<td>Nothing<\/td>\n<td>Pe\u00e7a o endere\u00e7o IP do usu\u00e1rio<\/td>\n<\/tr>\n<\/tbody>\n<\/table>\n<h5><span id=\"Compartir8\">Partilhar<\/span><\/h5>\n<p>Para obter mais informa\u00e7\u00f5es, leia a Pol\u00edtica de Privacidade do Google Fonts.<\/p>\n<h4><span id=\"Google_Tag_Manager\">Gerenciador de tags do Google<\/span><\/h4>\n<p>Utilizamos o Gestor de Tags do Google para estat\u00edsticas de websites. L\u00ea mais<\/p>\n<table>\n<tbody>\n<tr>\n<td>Fun\u00e7\u00e3o<\/td>\n<td>de reten\u00e7\u00e3o de<\/td>\n<td> nome<\/td>\n<\/tr>\n<tr>\n<td><b>Marketing\/Acompanhamento<\/b><\/td>\n<td> <\/td>\n<td> <\/td>\n<\/tr>\n<tr>\n<td>_gcl_au<\/td>\n<td>convers\u00f5es persistentes<\/td>\n<td>Armazene e acompanhe convers\u00f5es<\/td>\n<\/tr>\n<\/tbody>\n<\/table>\n<h5><span id=\"Compartir10\">Partilhar<\/span><\/h5>\n<p>Para obter mais informa\u00e7\u00f5es, leia a Pol\u00edtica de Privacidade do Gerenciador de tags do Google.<\/p>\n<h4><span id=\"Google_reCAPTCHA\">Google reCAPTCHA<\/span><\/h4>\n<p>Usamos o Google reCAPTCHA para preven\u00e7\u00e3o de spam. L\u00ea mais<\/p>\n<table>\n<tbody>\n<tr>\n<td>Fun\u00e7\u00e3o<\/td>\n<td>de reten\u00e7\u00e3o de<\/td>\n<td> nome<\/td>\n<\/tr>\n<tr>\n<td><b>Marketing\/Acompanhamento<\/b><\/td>\n<td> <\/td>\n<td> <\/td>\n<\/tr>\n<tr>\n<td>rc::c<\/td>\n<td>sess\u00e3o<\/td>\n<td>Filtrar solicita\u00e7\u00f5es de bots<\/td>\n<\/tr>\n<tr>\n<td>rc::b<\/td>\n<td>session<\/td>\n<td>Filtrar solicita\u00e7\u00f5es de bots<\/td>\n<\/tr>\n<tr>\n<td>rc::a<\/td>\n<td>persistente<\/td>\n<td>Filtrar solicita\u00e7\u00f5es de bots<\/td>\n<\/tr>\n<\/tbody>\n<\/table>\n<h5><span id=\"Compartir11\">Partilhar<\/span><\/h5>\n<p>Para obter mais informa\u00e7\u00f5es, leia a Pol\u00edtica de Privacidade do Google reCAPTCHA.<\/p>\n<\/p>\n<h4><span id=\"Miscelaneas\">Disposi\u00e7\u00f5es diversas<\/span><\/h4>\n<table>\n<tbody>\n<tr>\n<td>Fun\u00e7\u00e3o<\/td>\n<td>de reten\u00e7\u00e3o de<\/td>\n<td> nome<\/td>\n<\/tr>\n<tr>\n<td><b>Finalidade da Pesquisa Pendente<\/b><\/td>\n<td> <\/td>\n<td> <\/td>\n<\/tr>\n<tr>\n<td>Indefinido<\/td>\n<td> <\/td>\n<td> <\/td>\n<\/tr>\n<tr>\n<td>n\u00edvel de log;<\/td>\n<td> <\/td>\n<td> <\/td>\n<\/tr>\n<tr>\n<td>etfb-autosave-*<\/td>\n<td> <\/td>\n<td> <\/td>\n<\/tr>\n<tr>\n<td>aam-assunto<\/td>\n<td> <\/td>\n<td> <\/td>\n<\/tr>\n<tr>\n<td>_hjAbsoluteSessionInProgress<\/td>\n<td> <\/td>\n<td> <\/td>\n<\/tr>\n<\/tbody>\n<\/table>\n<h5><span id=\"Compartir13\">Partilhar<\/span><\/h5>\n<p>Estes dados n\u00e3o s\u00e3o partilhados com terceiros.<\/p>\n<h2><span id=\"8_Sus_derechos_con_respecto_a_los_datos_personales\">OS SEUS DIREITOS EM RELA\u00c7\u00c3O AOS DADOS PESSOAIS<\/span><\/h2>\n<p>Tem os seguintes direitos em rela\u00e7\u00e3o aos seus dados pessoais:<\/p>\n<ul>\n<li>Tem o direito de saber por que raz\u00e3o os seus dados pessoais s\u00e3o necess\u00e1rios, o que lhes acontecer\u00e1 e durante quanto tempo ser\u00e3o conservados.<\/li>\n<li>Direito de acesso: Tem o direito de aceder aos dados pessoais que conhecemos sobre si.<\/li>\n<li>Direito de retifica\u00e7\u00e3o: Tem o direito de completar, retificar, apagar ou bloquear os seus dados pessoais a qualquer momento.<\/li>\n<li>Se nos der o seu consentimento para processar os seus dados, tem o direito de revogar esse consentimento e de eliminar os seus dados pessoais.<\/li>\n<li>Direito de transferir os seus dados: Tem o direito de solicitar todos os seus dados pessoais ao respons\u00e1vel pelo tratamento e de os transferir na \u00edntegra para outro respons\u00e1vel pelo tratamento.<\/li>\n<li>Direito de oposi\u00e7\u00e3o: pode opor-se ao tratamento dos seus dados. N\u00f3s cumprimos com isso, a menos que haja motivos justificados para o processamento.<\/li>\n<\/ul>\n<p>Para exercer estes direitos, contacte-nos. Consulte os detalhes de contacto na parte inferior desta declara\u00e7\u00e3o de cookies. Se tiver alguma reclama\u00e7\u00e3o sobre a forma como tratamos os seus dados, gostar\u00edamos de o ouvir, mas tamb\u00e9m tem o direito de apresentar uma reclama\u00e7\u00e3o junto da autoridade de controlo (a Autoridade de Prote\u00e7\u00e3o de Dados).<\/p>\n<h2><span id=\"9_Habilitaciondeshabilitacion_y_eliminacion_de_cookies\">ATIVAR\/DESATIVAR E ELIMINAR COOKIES<\/span><\/h2>\n<p>Pode utilizar o seu navegador de internet para eliminar os cookies autom\u00e1tica ou manualmente. Tamb\u00e9m pode especificar que determinados cookies podem n\u00e3o ser colocados. Outra op\u00e7\u00e3o \u00e9 alterar as configura\u00e7\u00f5es do seu navegador de internet para que voc\u00ea receba uma mensagem cada vez que um cookie \u00e9 colocado. Para obter mais informa\u00e7\u00f5es sobre essas op\u00e7\u00f5es, consulte as instru\u00e7\u00f5es na se\u00e7\u00e3o Ajuda do seu navegador.<\/p>\n<p>Por favor, note que o nosso site pode n\u00e3o funcionar corretamente se todos os cookies estiverem desativados. Se apagar os cookies do seu navegador, estes ser\u00e3o recolocados ap\u00f3s o seu consentimento quando voltar a visitar os nossos websites.<\/p>\n<h2><span id=\"10_Detalles_de_contacto\">DETALHES DE CONTACTO<\/span><\/h2>\n<\/p>\n<p>Para perguntas e\/ou coment\u00e1rios sobre nossa pol\u00edtica de cookies e esta declara\u00e7\u00e3o, entre em contato conosco usando os detalhes de contato abaixo:<\/p>\n<p>Easypool, S.L. \u2013 CIF: B87733697<br \/>C\/ Caraba\u00f1a, 32. 28925 Alcorc\u00f3n (Madrid-Espanha)<br \/>S\u00edtio Internet: <a href=\"https:\/\/poolconcept.live-website.com\/pt-pt\/\">https:\/\/poolconcept.live-website.com\/<\/a><br \/>E-mail: <a href=\"mailto:info@poolconcept.live-website.com\">info@poolconcept.live-website.com<\/a><br \/>N\u00famero de telefone: (+34) 91 819 55 01<\/p><\/p>\n\t\t\t\t\t\t\t\t<\/div>\n\t\t\t\t<\/div>\n\t\t\t\t\t<\/div>\n\t\t<\/div>\n\t\t\t\t\t<\/div>\n\t\t<\/section>\n\t\t\t\t<\/div>\n\t\t","protected":false},"excerpt":{"rendered":"<p>Pol\u00edtica de Cookies Esta pol\u00edtica de cookies foi atualizada pela \u00faltima vez em 14 de maio de 2021 e aplica-se aos cidad\u00e3os do Espa\u00e7o Econ\u00f3mico Europeu. INTRODU\u00c7\u00c3O Nosso site, https:\/\/poolconcept.live-website.com (doravante: &#8220;o site&#8221;) usa cookies e outras tecnologias relacionadas (por conveni\u00eancia, todas as tecnologias ser\u00e3o referidas como &#8220;cookies&#8221;). Os cookies tamb\u00e9m podem ser colocados por [&hellip;]<\/p>\n","protected":false},"author":2,"featured_media":0,"parent":0,"menu_order":0,"comment_status":"closed","ping_status":"closed","template":"elementor_header_footer","meta":{"footnotes":""},"class_list":["post-276697","page","type-page","status-publish","hentry"],"yoast_head":"<!-- This site is optimized with the Yoast SEO plugin v24.5 - https:\/\/yoast.com\/wordpress\/plugins\/seo\/ -->\n<title>Pol\u00edtica de Cookies - Poolconcept<\/title>\n<meta name=\"description\" content=\"Conhe\u00e7a a Pol\u00edtica de Cookies da Nossa Empresa - Especialistas em Coberturas de Piscina\" \/>\n<meta name=\"robots\" content=\"noindex, follow\" \/>\n<meta property=\"og:locale\" content=\"pt_PT\" \/>\n<meta property=\"og:type\" content=\"article\" \/>\n<meta property=\"og:title\" content=\"Pol\u00edtica de Cookies - Poolconcept\" \/>\n<meta property=\"og:description\" content=\"Conhe\u00e7a a Pol\u00edtica de Cookies da Nossa Empresa - Especialistas em Coberturas de Piscina\" \/>\n<meta property=\"og:url\" content=\"https:\/\/poolconcept.live-website.com\/pt-pt\/politica-de-cookies\/\" \/>\n<meta property=\"og:site_name\" content=\"Poolconcept - Cubiertas transitables para Piscinas\" \/>\n<meta property=\"article:modified_time\" content=\"2024-05-21T18:52:45+00:00\" \/>\n<meta name=\"twitter:card\" content=\"summary_large_image\" \/>\n<meta name=\"twitter:label1\" content=\"Tempo estimado de leitura\" \/>\n\t<meta name=\"twitter:data1\" content=\"7 minutos\" \/>\n<script type=\"application\/ld+json\" class=\"yoast-schema-graph\">{\"@context\":\"https:\/\/schema.org\",\"@graph\":[{\"@type\":\"WebPage\",\"@id\":\"https:\/\/poolconcept.live-website.com\/pt-pt\/politica-de-cookies\/\",\"url\":\"https:\/\/poolconcept.live-website.com\/pt-pt\/politica-de-cookies\/\",\"name\":\"Pol\u00edtica de Cookies - Poolconcept\",\"isPartOf\":{\"@id\":\"https:\/\/poolconcept.live-website.com\/pt-pt\/#website\"},\"datePublished\":\"2023-03-31T12:06:54+00:00\",\"dateModified\":\"2024-05-21T18:52:45+00:00\",\"description\":\"Conhe\u00e7a a Pol\u00edtica de Cookies da Nossa Empresa - Especialistas em Coberturas de Piscina\",\"breadcrumb\":{\"@id\":\"https:\/\/poolconcept.live-website.com\/pt-pt\/politica-de-cookies\/#breadcrumb\"},\"inLanguage\":\"pt-PT\",\"potentialAction\":[{\"@type\":\"ReadAction\",\"target\":[\"https:\/\/poolconcept.live-website.com\/pt-pt\/politica-de-cookies\/\"]}]},{\"@type\":\"BreadcrumbList\",\"@id\":\"https:\/\/poolconcept.live-website.com\/pt-pt\/politica-de-cookies\/#breadcrumb\",\"itemListElement\":[{\"@type\":\"ListItem\",\"position\":1,\"name\":\"Portada\",\"item\":\"https:\/\/poolconcept.live-website.com\/pt-pt\/\"},{\"@type\":\"ListItem\",\"position\":2,\"name\":\"Pol\u00edtica de Cookies\"}]},{\"@type\":\"WebSite\",\"@id\":\"https:\/\/poolconcept.live-website.com\/pt-pt\/#website\",\"url\":\"https:\/\/poolconcept.live-website.com\/pt-pt\/\",\"name\":\"Poolconcept - Cubiertas transitables para Piscinas\",\"description\":\"\",\"potentialAction\":[{\"@type\":\"SearchAction\",\"target\":{\"@type\":\"EntryPoint\",\"urlTemplate\":\"https:\/\/poolconcept.live-website.com\/pt-pt\/?s={search_term_string}\"},\"query-input\":{\"@type\":\"PropertyValueSpecification\",\"valueRequired\":true,\"valueName\":\"search_term_string\"}}],\"inLanguage\":\"pt-PT\"}]}<\/script>\n<!-- \/ Yoast SEO plugin. -->","yoast_head_json":{"title":"Pol\u00edtica de Cookies - Poolconcept","description":"Conhe\u00e7a a Pol\u00edtica de Cookies da Nossa Empresa - Especialistas em Coberturas de Piscina","robots":{"index":"noindex","follow":"follow"},"og_locale":"pt_PT","og_type":"article","og_title":"Pol\u00edtica de Cookies - Poolconcept","og_description":"Conhe\u00e7a a Pol\u00edtica de Cookies da Nossa Empresa - Especialistas em Coberturas de Piscina","og_url":"https:\/\/poolconcept.live-website.com\/pt-pt\/politica-de-cookies\/","og_site_name":"Poolconcept - Cubiertas transitables para Piscinas","article_modified_time":"2024-05-21T18:52:45+00:00","twitter_card":"summary_large_image","twitter_misc":{"Tempo estimado de leitura":"7 minutos"},"schema":{"@context":"https:\/\/schema.org","@graph":[{"@type":"WebPage","@id":"https:\/\/poolconcept.live-website.com\/pt-pt\/politica-de-cookies\/","url":"https:\/\/poolconcept.live-website.com\/pt-pt\/politica-de-cookies\/","name":"Pol\u00edtica de Cookies - Poolconcept","isPartOf":{"@id":"https:\/\/poolconcept.live-website.com\/pt-pt\/#website"},"datePublished":"2023-03-31T12:06:54+00:00","dateModified":"2024-05-21T18:52:45+00:00","description":"Conhe\u00e7a a Pol\u00edtica de Cookies da Nossa Empresa - Especialistas em Coberturas de Piscina","breadcrumb":{"@id":"https:\/\/poolconcept.live-website.com\/pt-pt\/politica-de-cookies\/#breadcrumb"},"inLanguage":"pt-PT","potentialAction":[{"@type":"ReadAction","target":["https:\/\/poolconcept.live-website.com\/pt-pt\/politica-de-cookies\/"]}]},{"@type":"BreadcrumbList","@id":"https:\/\/poolconcept.live-website.com\/pt-pt\/politica-de-cookies\/#breadcrumb","itemListElement":[{"@type":"ListItem","position":1,"name":"Portada","item":"https:\/\/poolconcept.live-website.com\/pt-pt\/"},{"@type":"ListItem","position":2,"name":"Pol\u00edtica de Cookies"}]},{"@type":"WebSite","@id":"https:\/\/poolconcept.live-website.com\/pt-pt\/#website","url":"https:\/\/poolconcept.live-website.com\/pt-pt\/","name":"Poolconcept - Cubiertas transitables para Piscinas","description":"","potentialAction":[{"@type":"SearchAction","target":{"@type":"EntryPoint","urlTemplate":"https:\/\/poolconcept.live-website.com\/pt-pt\/?s={search_term_string}"},"query-input":{"@type":"PropertyValueSpecification","valueRequired":true,"valueName":"search_term_string"}}],"inLanguage":"pt-PT"}]}},"_links":{"self":[{"href":"https:\/\/poolconcept.live-website.com\/pt-pt\/wp-json\/wp\/v2\/pages\/276697","targetHints":{"allow":["GET"]}}],"collection":[{"href":"https:\/\/poolconcept.live-website.com\/pt-pt\/wp-json\/wp\/v2\/pages"}],"about":[{"href":"https:\/\/poolconcept.live-website.com\/pt-pt\/wp-json\/wp\/v2\/types\/page"}],"author":[{"embeddable":true,"href":"https:\/\/poolconcept.live-website.com\/pt-pt\/wp-json\/wp\/v2\/users\/2"}],"replies":[{"embeddable":true,"href":"https:\/\/poolconcept.live-website.com\/pt-pt\/wp-json\/wp\/v2\/comments?post=276697"}],"version-history":[{"count":0,"href":"https:\/\/poolconcept.live-website.com\/pt-pt\/wp-json\/wp\/v2\/pages\/276697\/revisions"}],"wp:attachment":[{"href":"https:\/\/poolconcept.live-website.com\/pt-pt\/wp-json\/wp\/v2\/media?parent=276697"}],"curies":[{"name":"wp","href":"https:\/\/api.w.org\/{rel}","templated":true}]}}