{"id":276704,"date":"2023-03-31T12:08:29","date_gmt":"2023-03-31T12:08:29","guid":{"rendered":"https:\/\/poolconcept.live-website.com\/termos-e-condicoes\/"},"modified":"2024-05-21T18:52:59","modified_gmt":"2024-05-21T18:52:59","slug":"termos-e-condicoes","status":"publish","type":"page","link":"https:\/\/poolconcept.live-website.com\/pt-pt\/termos-e-condicoes\/","title":{"rendered":"Termos e Condi\u00e7\u00f5es"},"content":{"rendered":"\t\t<div data-elementor-type=\"wp-page\" data-elementor-id=\"276704\" class=\"elementor elementor-276704 elementor-274576\" data-elementor-post-type=\"page\">\n\t\t\t\t\t\t<section class=\"elementor-section elementor-top-section elementor-element elementor-element-6b35223 elementor-section-height-min-height elementor-section-boxed elementor-section-height-default elementor-section-items-middle\" data-id=\"6b35223\" data-element_type=\"section\" data-settings=\"{&quot;background_background&quot;:&quot;classic&quot;}\">\n\t\t\t\t\t\t<div class=\"elementor-container elementor-column-gap-default\">\n\t\t\t\t\t<div class=\"elementor-column elementor-col-50 elementor-top-column elementor-element elementor-element-e1a9588\" data-id=\"e1a9588\" data-element_type=\"column\">\n\t\t\t<div class=\"elementor-widget-wrap elementor-element-populated\">\n\t\t\t\t\t\t<div class=\"elementor-element elementor-element-30af9f7 elementor-widget__width-initial elementor-widget elementor-widget-heading\" data-id=\"30af9f7\" data-element_type=\"widget\" data-widget_type=\"heading.default\">\n\t\t\t\t<div class=\"elementor-widget-container\">\n\t\t\t\t\t<h2 class=\"elementor-heading-title elementor-size-default\">Termos e Condi\u00e7\u00f5es<\/h2>\t\t\t\t<\/div>\n\t\t\t\t<\/div>\n\t\t\t\t\t<\/div>\n\t\t<\/div>\n\t\t\t\t<div class=\"elementor-column elementor-col-50 elementor-top-column elementor-element elementor-element-5a31111\" data-id=\"5a31111\" data-element_type=\"column\">\n\t\t\t<div class=\"elementor-widget-wrap\">\n\t\t\t\t\t\t\t<\/div>\n\t\t<\/div>\n\t\t\t\t\t<\/div>\n\t\t<\/section>\n\t\t\t\t<section class=\"elementor-section elementor-top-section elementor-element elementor-element-c9e85ec elementor-section-boxed elementor-section-height-default elementor-section-height-default\" data-id=\"c9e85ec\" data-element_type=\"section\" data-settings=\"{&quot;background_background&quot;:&quot;classic&quot;}\">\n\t\t\t\t\t\t<div class=\"elementor-container elementor-column-gap-default\">\n\t\t\t\t\t<div class=\"elementor-column elementor-col-100 elementor-top-column elementor-element elementor-element-ba80e30\" data-id=\"ba80e30\" data-element_type=\"column\">\n\t\t\t<div class=\"elementor-widget-wrap elementor-element-populated\">\n\t\t\t\t\t\t<div class=\"elementor-element elementor-element-e1b2752 elementor-widget__width-initial elementor-widget elementor-widget-text-editor\" data-id=\"e1b2752\" data-element_type=\"widget\" data-widget_type=\"text-editor.default\">\n\t\t\t\t<div class=\"elementor-widget-container\">\n\t\t\t\t\t\t\t\t\t<h2>TERMOS DE UTILIZA\u00c7\u00c3O<\/h2>\n<\/p>\n<p>Termos aplic\u00e1veis a todos os utilizadores\/clientes da Poolconcept\u00ae<br \/>ao utilizar ou contratar os nossos servi\u00e7os. Objeto<br \/>Atrav\u00e9s do website https:\/\/poolconcept.live-website.com, a Poolconcept\u00ae proporciona ao utilizador o acesso a diversos servi\u00e7os, conte\u00fados, informa\u00e7\u00f5es e dados disponibilizados pela Poolconcept\u00ae com a denomina\u00e7\u00e3o social Easypool, S.L. \u2013 CIF: B83322917. Este documento regula o acesso ao site que voc\u00ea acabou de acessar. Esta sec\u00e7\u00e3o detalha os principais aspetos legais a ter em conta para a utiliza\u00e7\u00e3o deste s\u00edtio Web. Ao usar ou acessar este site, voc\u00ea reconhece e aceita os avisos legais e condi\u00e7\u00f5es estabelecidas abaixo. A aceita\u00e7\u00e3o do aviso legal ser\u00e1 contratual. Da mesma forma, este documento pode ser alterado sem aviso pr\u00e9vio, e sem que o usu\u00e1rio esteja isento das novas condi\u00e7\u00f5es que possam ser adicionadas. A utiliza\u00e7\u00e3o do Website confere a condi\u00e7\u00e3o de Utilizador e implica a sua aceita\u00e7\u00e3o plena e sem reservas de todas e cada uma das disposi\u00e7\u00f5es inclu\u00eddas neste Aviso Legal, raz\u00e3o pela qual se n\u00e3o concordar com qualquer uma das condi\u00e7\u00f5es aqui estabelecidas, n\u00e3o dever\u00e1 utilizar\/aceder\/contratar este Website.<\/p>\n<\/p>\n<h2>CONDI\u00c7\u00d5ES DE ACESSO<\/h2>\n<\/p>\n<p>Em geral, o acesso \u00e0 informa\u00e7\u00e3o sobre os diferentes produtos e servi\u00e7os dispon\u00edveis no website, bem como a sua navega\u00e7\u00e3o, ser\u00e1 gratuito, pelo que os Utilizadores n\u00e3o ser\u00e3o obrigados a registar-se com a entrega dos seus dados pessoais, nem a utiliza\u00e7\u00e3o de passwords ou passwords.<br \/>O Utilizador compromete-se a fazer uma utiliza\u00e7\u00e3o adequada e l\u00edcita do Website e dos Conte\u00fados, de acordo com a legisla\u00e7\u00e3o aplic\u00e1vel, as presentes Condi\u00e7\u00f5es Gerais de Utiliza\u00e7\u00e3o do Website, a moral geralmente aceite e os bons costumes e a ordem p\u00fablica.<\/p>\n<p>O Utilizador compromete-se a abster-se de utilizar o Website e os Servi\u00e7os para fins ou efeitos il\u00edcitos, contr\u00e1rios ao disposto nas presentes Condi\u00e7\u00f5es Gerais, lesivos dos direitos e interesses de terceiros, ou que de qualquer forma possam danificar, inutilizar, sobrecarregar ou deteriorar o Website e os Servi\u00e7os ou impedir a normal utiliza\u00e7\u00e3o ou frui\u00e7\u00e3o do Website e dos Servi\u00e7os por parte dos Utilizadores. Fazer uso n\u00e3o autorizado ou fraudulento do Website e\/ou dos Conte\u00fados para fins ou efeitos il\u00edcitos, proibidos neste Aviso Legal, lesivos dos direitos e interesses de terceiros, ou que de qualquer forma possam danificar, desativar, sobrecarregar, deteriorar ou impedir a normal utiliza\u00e7\u00e3o dos Servi\u00e7os. Neste sentido, o Utilizador compromete-se a n\u00e3o fazer o seguinte:<\/p>\n<p>Aceder ou tentar aceder a recursos ou \u00e1reas restritas do Website, sem cumprir as condi\u00e7\u00f5es exigidas para tal acesso.<br \/>Introduzir ou disseminar v\u00edrus inform\u00e1ticos ou qualquer outro tipo de sistema f\u00edsico ou l\u00f3gico que possa causar danos aos sistemas f\u00edsicos ou l\u00f3gicos deste Website, aos seus fornecedores ou a terceiros.<br \/>Tentar aceder, utilizar e\/ou manipular os dados deste Website, de terceiros e de outros utilizadores.<br \/>Reproduzir ou copiar, distribuir, permitir o acesso p\u00fablico atrav\u00e9s de qualquer forma de comunica\u00e7\u00e3o p\u00fablica, transformar ou modificar os Conte\u00fados.<\/p>\n<p>Eliminar, ocultar ou manipular os avisos sobre direitos de propriedade intelectual ou industrial e outros dados que identifiquem os direitos deste Website ou de terceiros incorporados nos Conte\u00fados.<br \/>O Utilizador que acede a este Website n\u00e3o pode, em circunst\u00e2ncia alguma, copiar, modificar, distribuir, transmitir, reproduzir, publicar, licenciar, ceder, vender ou transmitir de qualquer forma, nem criar novos produtos ou servi\u00e7os derivados das informa\u00e7\u00f5es e elementos aqui contidos.<br \/>Personificar Poolconcept\u00ae como outra pessoa, ou ridicularizar a identidade de Poolconcept\u00ae ou outros.<br \/>Apenas \u00e9 autorizada a mera exibi\u00e7\u00e3o para uso pessoal e n\u00e3o comercial do utilizador, sem poder estend\u00ea-la a terceiros ou entidades.<\/p>\n<p>Quando acede \u00e0s Redes Sociais e aos Websites da Poolconcept\u00ae, confirma que leu esta Pol\u00edtica de Privacidade e a Pol\u00edtica de Utiliza\u00e7\u00e3o e que aceita ambos os documentos, bem como as leis aplic\u00e1veis e outras regras e condi\u00e7\u00f5es inclu\u00eddas nas Redes Sociais e Websites da Poolconcept\u00ae e das suas marcas.<\/p>\n<p>As Redes Sociais e os Websites destinam-se a um p\u00fablico com idades iguais ou superiores, devendo o consentimento ser obtido de um dos pais\/tutor ou representante legal at\u00e9 aos 16 anos [14] .<\/p>\n<p>A Poolconcept\u00ae reserva-se o direito de solicitar prova de consentimento aos pais\/tutores ou representante legal a qualquer momento.<\/p>\n<\/p>\n<h2>CONDI\u00c7\u00d5ES DO CONTRATO<\/h2>\n<\/p>\n<p>Ao contratar os servi\u00e7os da Poolconcept\u00ae, o cliente compreende e aceita todos os Termos e Condi\u00e7\u00f5es estabelecidos no nosso website https:\/\/poolconcept.live-website.com\/terminos-y-condiciones\/, ficando obrigado \u00e0 aceita\u00e7\u00e3o de todas e cada uma das partes expostas.<\/p>\n\t\t\t\t\t\t\t\t<\/div>\n\t\t\t\t<\/div>\n\t\t\t\t\t<\/div>\n\t\t<\/div>\n\t\t\t\t\t<\/div>\n\t\t<\/section>\n\t\t\t\t<\/div>\n\t\t","protected":false},"excerpt":{"rendered":"<p>Termos e Condi\u00e7\u00f5es TERMOS DE UTILIZA\u00c7\u00c3O Termos aplic\u00e1veis a todos os utilizadores\/clientes da Poolconcept\u00aeao utilizar ou contratar os nossos servi\u00e7os. ObjetoAtrav\u00e9s do website https:\/\/poolconcept.live-website.com, a Poolconcept\u00ae proporciona ao utilizador o acesso a diversos servi\u00e7os, conte\u00fados, informa\u00e7\u00f5es e dados disponibilizados pela Poolconcept\u00ae com a denomina\u00e7\u00e3o social Easypool, S.L. \u2013 CIF: B83322917. Este documento regula o acesso [&hellip;]<\/p>\n","protected":false},"author":2,"featured_media":0,"parent":0,"menu_order":0,"comment_status":"closed","ping_status":"closed","template":"elementor_header_footer","meta":{"footnotes":""},"class_list":["post-276704","page","type-page","status-publish","hentry"],"yoast_head":"<!-- This site is optimized with the Yoast SEO plugin v24.5 - https:\/\/yoast.com\/wordpress\/plugins\/seo\/ -->\n<title>Termos e Condi\u00e7\u00f5es da Nossa Empresa de Piscinas<\/title>\n<meta name=\"description\" content=\"Termos e Condi\u00e7\u00f5es da Nossa Piscina &amp; Empresa de Fundo M\u00f3vel. Com p\u00f3s-venda de luxo\" \/>\n<meta name=\"robots\" content=\"noindex, follow\" \/>\n<meta property=\"og:locale\" content=\"pt_PT\" \/>\n<meta property=\"og:type\" content=\"article\" \/>\n<meta property=\"og:title\" content=\"Termos e Condi\u00e7\u00f5es da Nossa Empresa de Piscinas\" \/>\n<meta property=\"og:description\" content=\"Termos e Condi\u00e7\u00f5es da Nossa Piscina &amp; Empresa de Fundo M\u00f3vel. Com p\u00f3s-venda de luxo\" \/>\n<meta property=\"og:url\" content=\"https:\/\/poolconcept.live-website.com\/pt-pt\/termos-e-condicoes\/\" \/>\n<meta property=\"og:site_name\" content=\"Poolconcept - Cubiertas transitables para Piscinas\" \/>\n<meta property=\"article:modified_time\" content=\"2024-05-21T18:52:59+00:00\" \/>\n<meta name=\"twitter:card\" content=\"summary_large_image\" \/>\n<meta name=\"twitter:label1\" content=\"Tempo estimado de leitura\" \/>\n\t<meta name=\"twitter:data1\" content=\"4 minutos\" \/>\n<script type=\"application\/ld+json\" class=\"yoast-schema-graph\">{\"@context\":\"https:\/\/schema.org\",\"@graph\":[{\"@type\":\"WebPage\",\"@id\":\"https:\/\/poolconcept.live-website.com\/pt-pt\/termos-e-condicoes\/\",\"url\":\"https:\/\/poolconcept.live-website.com\/pt-pt\/termos-e-condicoes\/\",\"name\":\"Termos e Condi\u00e7\u00f5es da Nossa Empresa de Piscinas\",\"isPartOf\":{\"@id\":\"https:\/\/poolconcept.live-website.com\/pt-pt\/#website\"},\"datePublished\":\"2023-03-31T12:08:29+00:00\",\"dateModified\":\"2024-05-21T18:52:59+00:00\",\"description\":\"Termos e Condi\u00e7\u00f5es da Nossa Piscina & Empresa de Fundo M\u00f3vel. Com p\u00f3s-venda de luxo\",\"breadcrumb\":{\"@id\":\"https:\/\/poolconcept.live-website.com\/pt-pt\/termos-e-condicoes\/#breadcrumb\"},\"inLanguage\":\"pt-PT\",\"potentialAction\":[{\"@type\":\"ReadAction\",\"target\":[\"https:\/\/poolconcept.live-website.com\/pt-pt\/termos-e-condicoes\/\"]}]},{\"@type\":\"BreadcrumbList\",\"@id\":\"https:\/\/poolconcept.live-website.com\/pt-pt\/termos-e-condicoes\/#breadcrumb\",\"itemListElement\":[{\"@type\":\"ListItem\",\"position\":1,\"name\":\"Portada\",\"item\":\"https:\/\/poolconcept.live-website.com\/pt-pt\/\"},{\"@type\":\"ListItem\",\"position\":2,\"name\":\"Termos e Condi\u00e7\u00f5es\"}]},{\"@type\":\"WebSite\",\"@id\":\"https:\/\/poolconcept.live-website.com\/pt-pt\/#website\",\"url\":\"https:\/\/poolconcept.live-website.com\/pt-pt\/\",\"name\":\"Poolconcept - Cubiertas transitables para Piscinas\",\"description\":\"\",\"potentialAction\":[{\"@type\":\"SearchAction\",\"target\":{\"@type\":\"EntryPoint\",\"urlTemplate\":\"https:\/\/poolconcept.live-website.com\/pt-pt\/?s={search_term_string}\"},\"query-input\":{\"@type\":\"PropertyValueSpecification\",\"valueRequired\":true,\"valueName\":\"search_term_string\"}}],\"inLanguage\":\"pt-PT\"}]}<\/script>\n<!-- \/ Yoast SEO plugin. -->","yoast_head_json":{"title":"Termos e Condi\u00e7\u00f5es da Nossa Empresa de Piscinas","description":"Termos e Condi\u00e7\u00f5es da Nossa Piscina & Empresa de Fundo M\u00f3vel. Com p\u00f3s-venda de luxo","robots":{"index":"noindex","follow":"follow"},"og_locale":"pt_PT","og_type":"article","og_title":"Termos e Condi\u00e7\u00f5es da Nossa Empresa de Piscinas","og_description":"Termos e Condi\u00e7\u00f5es da Nossa Piscina & Empresa de Fundo M\u00f3vel. Com p\u00f3s-venda de luxo","og_url":"https:\/\/poolconcept.live-website.com\/pt-pt\/termos-e-condicoes\/","og_site_name":"Poolconcept - Cubiertas transitables para Piscinas","article_modified_time":"2024-05-21T18:52:59+00:00","twitter_card":"summary_large_image","twitter_misc":{"Tempo estimado de leitura":"4 minutos"},"schema":{"@context":"https:\/\/schema.org","@graph":[{"@type":"WebPage","@id":"https:\/\/poolconcept.live-website.com\/pt-pt\/termos-e-condicoes\/","url":"https:\/\/poolconcept.live-website.com\/pt-pt\/termos-e-condicoes\/","name":"Termos e Condi\u00e7\u00f5es da Nossa Empresa de Piscinas","isPartOf":{"@id":"https:\/\/poolconcept.live-website.com\/pt-pt\/#website"},"datePublished":"2023-03-31T12:08:29+00:00","dateModified":"2024-05-21T18:52:59+00:00","description":"Termos e Condi\u00e7\u00f5es da Nossa Piscina & Empresa de Fundo M\u00f3vel. Com p\u00f3s-venda de luxo","breadcrumb":{"@id":"https:\/\/poolconcept.live-website.com\/pt-pt\/termos-e-condicoes\/#breadcrumb"},"inLanguage":"pt-PT","potentialAction":[{"@type":"ReadAction","target":["https:\/\/poolconcept.live-website.com\/pt-pt\/termos-e-condicoes\/"]}]},{"@type":"BreadcrumbList","@id":"https:\/\/poolconcept.live-website.com\/pt-pt\/termos-e-condicoes\/#breadcrumb","itemListElement":[{"@type":"ListItem","position":1,"name":"Portada","item":"https:\/\/poolconcept.live-website.com\/pt-pt\/"},{"@type":"ListItem","position":2,"name":"Termos e Condi\u00e7\u00f5es"}]},{"@type":"WebSite","@id":"https:\/\/poolconcept.live-website.com\/pt-pt\/#website","url":"https:\/\/poolconcept.live-website.com\/pt-pt\/","name":"Poolconcept - Cubiertas transitables para Piscinas","description":"","potentialAction":[{"@type":"SearchAction","target":{"@type":"EntryPoint","urlTemplate":"https:\/\/poolconcept.live-website.com\/pt-pt\/?s={search_term_string}"},"query-input":{"@type":"PropertyValueSpecification","valueRequired":true,"valueName":"search_term_string"}}],"inLanguage":"pt-PT"}]}},"_links":{"self":[{"href":"https:\/\/poolconcept.live-website.com\/pt-pt\/wp-json\/wp\/v2\/pages\/276704","targetHints":{"allow":["GET"]}}],"collection":[{"href":"https:\/\/poolconcept.live-website.com\/pt-pt\/wp-json\/wp\/v2\/pages"}],"about":[{"href":"https:\/\/poolconcept.live-website.com\/pt-pt\/wp-json\/wp\/v2\/types\/page"}],"author":[{"embeddable":true,"href":"https:\/\/poolconcept.live-website.com\/pt-pt\/wp-json\/wp\/v2\/users\/2"}],"replies":[{"embeddable":true,"href":"https:\/\/poolconcept.live-website.com\/pt-pt\/wp-json\/wp\/v2\/comments?post=276704"}],"version-history":[{"count":0,"href":"https:\/\/poolconcept.live-website.com\/pt-pt\/wp-json\/wp\/v2\/pages\/276704\/revisions"}],"wp:attachment":[{"href":"https:\/\/poolconcept.live-website.com\/pt-pt\/wp-json\/wp\/v2\/media?parent=276704"}],"curies":[{"name":"wp","href":"https:\/\/api.w.org\/{rel}","templated":true}]}}