{"id":276733,"date":"2023-03-01T10:57:29","date_gmt":"2023-03-01T10:57:29","guid":{"rendered":"https:\/\/poolconcept.live-website.com\/politica-de-privacidade\/"},"modified":"2024-05-21T18:54:14","modified_gmt":"2024-05-21T18:54:14","slug":"politica-de-privacidade","status":"publish","type":"page","link":"https:\/\/poolconcept.live-website.com\/pt-pt\/politica-de-privacidade\/","title":{"rendered":"Pol\u00edtica de Privacidade"},"content":{"rendered":"\t\t<div data-elementor-type=\"wp-page\" data-elementor-id=\"276733\" class=\"elementor elementor-276733 elementor-1599\" data-elementor-post-type=\"page\">\n\t\t\t\t\t\t<section class=\"elementor-section elementor-top-section elementor-element elementor-element-1e338ee elementor-section-height-min-height elementor-section-boxed elementor-section-height-default elementor-section-items-middle\" data-id=\"1e338ee\" data-element_type=\"section\" data-settings=\"{&quot;background_background&quot;:&quot;classic&quot;}\">\n\t\t\t\t\t\t<div class=\"elementor-container elementor-column-gap-default\">\n\t\t\t\t\t<div class=\"elementor-column elementor-col-50 elementor-top-column elementor-element elementor-element-24ee989\" data-id=\"24ee989\" data-element_type=\"column\">\n\t\t\t<div class=\"elementor-widget-wrap elementor-element-populated\">\n\t\t\t\t\t\t<div class=\"elementor-element elementor-element-3532ccf elementor-widget__width-initial elementor-widget elementor-widget-heading\" data-id=\"3532ccf\" data-element_type=\"widget\" data-widget_type=\"heading.default\">\n\t\t\t\t<div class=\"elementor-widget-container\">\n\t\t\t\t\t<h2 class=\"elementor-heading-title elementor-size-default\">Pol\u00edtica de Privacidade<\/h2>\t\t\t\t<\/div>\n\t\t\t\t<\/div>\n\t\t\t\t\t<\/div>\n\t\t<\/div>\n\t\t\t\t<div class=\"elementor-column elementor-col-50 elementor-top-column elementor-element elementor-element-6856c66\" data-id=\"6856c66\" data-element_type=\"column\">\n\t\t\t<div class=\"elementor-widget-wrap\">\n\t\t\t\t\t\t\t<\/div>\n\t\t<\/div>\n\t\t\t\t\t<\/div>\n\t\t<\/section>\n\t\t\t\t<section class=\"elementor-section elementor-top-section elementor-element elementor-element-34110ea elementor-section-boxed elementor-section-height-default elementor-section-height-default\" data-id=\"34110ea\" data-element_type=\"section\" data-settings=\"{&quot;background_background&quot;:&quot;classic&quot;}\">\n\t\t\t\t\t\t<div class=\"elementor-container elementor-column-gap-default\">\n\t\t\t\t\t<div class=\"elementor-column elementor-col-100 elementor-top-column elementor-element elementor-element-3d95920\" data-id=\"3d95920\" data-element_type=\"column\">\n\t\t\t<div class=\"elementor-widget-wrap elementor-element-populated\">\n\t\t\t\t\t\t<div class=\"elementor-element elementor-element-eb9e49c elementor-widget__width-initial elementor-widget elementor-widget-text-editor\" data-id=\"eb9e49c\" data-element_type=\"widget\" data-widget_type=\"text-editor.default\">\n\t\t\t\t<div class=\"elementor-widget-container\">\n\t\t\t\t\t\t\t\t\t<h3>PROPRIET\u00c1RIO DE REDES SOCIAIS E SITES<\/h3>\n<p><\/p>\n<p>O Website ou Redes Sociais oficial da Poolconcept\u00ae e qualquer uma das suas marcas a partir das quais est\u00e1 a aceder a esta Pol\u00edtica de Utiliza\u00e7\u00e3o s\u00e3o propriedade da Easypool, S.L. \u2013 CIF: B87733697 e sede social em C\/ Caraba\u00f1a, 32, Alcorc\u00f3n (Madrid-Espanha), de acordo com uma escritura p\u00fablica perante o not\u00e1rio de Madrid.<\/p>\n<p>(doravante referidos como &#8220;Poolconcept\u00ae&#8221;, &#8220;n\u00f3s&#8221; e &#8220;nos&#8221;).<\/p>\n<p><strong>Declara\u00e7\u00e3o de Privacidade (UE)<\/strong><\/p>\n<p>Esta declara\u00e7\u00e3o de privacidade foi atualizada pela \u00faltima vez em 14 de maio de 2021 e aplica-se aos cidad\u00e3os do Espa\u00e7o Econ\u00f3mico Europeu.<\/p>\n<p>Nesta declara\u00e7\u00e3o de privacidade, explicamos o que fazemos com os dados que recolhemos sobre si atrav\u00e9s&nbsp;<a href=\"https:\/\/poolconcept.live-website.com\/pt-pt\/\">do https:\/\/poolconcept.live-website.com<\/a><\/p>\n<p>Encorajamo-lo a ler esta declara\u00e7\u00e3o atentamente. No nosso processamento, cumprimos os requisitos da legisla\u00e7\u00e3o de privacidade. Isto significa, entre outras coisas, que:<\/p>\n<ul>\n<li>Indicamos claramente as finalidades para as quais processamos os dados pessoais. Fazemo-lo atrav\u00e9s desta declara\u00e7\u00e3o de privacidade;<\/li>\n<li>Pretendemos limitar a nossa recolha de dados pessoais apenas aos dados pessoais necess\u00e1rios para fins leg\u00edtimos;<\/li>\n<li>Em primeiro lugar, solicitamos o seu consentimento expl\u00edcito para processar os seus dados pessoais nos casos que exijam o seu consentimento;<\/li>\n<li>Tomamos medidas de seguran\u00e7a adequadas para proteger os seus dados pessoais e tamb\u00e9m exigimos isso \u00e0s partes que processam dados pessoais em nosso nome;<\/li>\n<li>Respeitamos o seu direito de aceder aos seus dados pessoais ou de os corrigir ou eliminar, a seu pedido.<br>Se voc\u00ea tiver alguma d\u00favida, ou quiser saber exatamente quais dados mantemos sobre voc\u00ea, entre em contato conosco.<\/li>\n<\/ul>\n<h2>&nbsp;<\/h2>\n<h3>FINALIDADE, DADOS E PER\u00cdODO DE RETEN\u00c7\u00c3O<\/h3>\n<p><\/p>\n<p><strong>Utilizamos os seus dados para as seguintes finalidades:<\/strong><\/p>\n<h5><strong>Contato \u2013 Por telefone, e-mail, e-mail e\/ou formul\u00e1rios da web<\/strong><\/h5>\n<p><\/p>\n<p><strong>Para tal, utilizamos os seguintes dados:<\/strong><\/p>\n<ul>\n<li>Nome, endere\u00e7o e cidade<\/li>\n<li>Endere\u00e7o de e-mail<\/li>\n<li>Localiza\u00e7\u00e3o<\/li>\n<li>N\u00famero de telefone<\/li>\n<li>Outros: Dados fornecidos para a or\u00e7amenta\u00e7\u00e3o de cobertura. Tais como dimens\u00f5es, acabamentos ou custo m\u00e1ximo esperado.<\/li>\n<\/ul>\n<p>A base sobre a qual podemos processar esses dados \u00e9 com base em:<\/p>\n<ul>\n<li>Consentimento obtido<\/li>\n<li>Per\u00edodo de reten\u00e7\u00e3o<\/li>\n<li>Retemos estes dados no final do servi\u00e7o durante os seguintes meses: 36<\/li>\n<\/ul>\n<h3><strong>&nbsp;<\/strong><\/h3>\n<h5><strong>Boletins informativos<\/strong><\/h5>\n<ul>\n<li>Para tal, utilizamos os seguintes dados:<\/li>\n<li>Nome, endere\u00e7o e cidade<\/li>\n<li>Endere\u00e7o de e-mail<\/li>\n<li>Localiza\u00e7\u00e3o<\/li>\n<li>A base sobre a qual podemos processar esses dados \u00e9:<\/li>\n<li>Consentimento obtido<\/li>\n<li>Per\u00edodo de reten\u00e7\u00e3o<\/li>\n<li>Retemos estes dados no final do servi\u00e7o durante os seguintes meses: 36<\/li>\n<\/ul>\n<h3><strong>&nbsp;<\/strong><\/h3>\n<h5><strong>Para oferecer suporte a servi\u00e7os ou produtos que um cliente deseja comprar ou comprou<\/strong><\/h5>\n<p>Para tal, utilizamos os seguintes dados:<\/p>\n<ul>\n<li>Nome, endere\u00e7o e cidade<\/li>\n<li>Endere\u00e7o de e-mail<\/li>\n<li>Localiza\u00e7\u00e3o<\/li>\n<li>N\u00famero de telefone<\/li>\n<\/ul>\n<p>A base sobre a qual podemos processar esses dados \u00e9:<\/p>\n<ul>\n<li>Consentimento obtido<\/li>\n<li>Per\u00edodo de reten\u00e7\u00e3o<\/li>\n<\/ul>\n<p>Retemos estes dados no final do servi\u00e7o durante os seguintes meses: 36<\/p>\n<h3><strong>&nbsp;<\/strong><\/h3>\n<h5><strong>Ser capaz de cumprir obriga\u00e7\u00f5es legais<\/strong><\/h5>\n<p>Para tal, utilizamos os seguintes dados:<\/p>\n<ul>\n<li>Nome, endere\u00e7o e cidade<\/li>\n<li>Endere\u00e7o de e-mail<\/li>\n<li>Localiza\u00e7\u00e3o<\/li>\n<li>N\u00famero de telefone<\/li>\n<li>A base sobre a qual podemos processar esses dados \u00e9:<\/li>\n<li>Consentimento obtido<\/li>\n<li>Per\u00edodo de reten\u00e7\u00e3o<\/li>\n<\/ul>\n<p>Retemos estes dados no final do servi\u00e7o durante os seguintes meses: 36<\/p>\n<h3><strong>&nbsp;<\/strong><\/h3>\n<h5><strong>Compila\u00e7\u00e3o e an\u00e1lise de estat\u00edsticas para a melhoria do website.<\/strong><\/h5>\n<p>Para o efeito utilizamos os seguintes dados:<\/p>\n<ul>\n<li>Nome, endere\u00e7o e cidade<\/li>\n<li>Endere\u00e7o IP<\/li>\n<li>Localiza\u00e7\u00e3o<\/li>\n<li>Comportamento do visitante<\/li>\n<li>A base sobre a qual podemos processar esses dados \u00e9:<\/li>\n<li>Consentimento obtido<\/li>\n<li>Per\u00edodo de reten\u00e7\u00e3o<\/li>\n<\/ul>\n<p>Retemos estes dados no final do servi\u00e7o durante os seguintes meses: 36<\/p>\n<h3><strong>&nbsp;<\/strong><\/h3>\n<h5><strong>Ser capaz de oferecer produtos e servi\u00e7os personalizados.<\/strong><\/h5>\n<p>Para o efeito, utilizamos os seguintes dados:<\/p>\n<ul>\n<li>Nome, endere\u00e7o e cidade<\/li>\n<li>Endere\u00e7o de e-mail<\/li>\n<li>Localiza\u00e7\u00e3o<\/li>\n<li>N\u00famero de telefone<\/li>\n<li>A base sobre a qual podemos processar esses dados \u00e9:<\/li>\n<li>Consentimento obtido<\/li>\n<li>Per\u00edodo de reten\u00e7\u00e3o<\/li>\n<\/ul>\n<p>Retemos estes dados no final do servi\u00e7o durante os seguintes meses: 36<\/p>\n<h2>&nbsp;<\/h2>\n<h3>PARTILHAR COM OUTRAS PARTES<\/h3>\n<p>N\u00e3o partilhamos os seus dados com terceiros.<\/p>\n<h2>&nbsp;<\/h2>\n<h3>COOKIES<\/h3>\n<p>O nosso website utiliza cookies. Para mais informa\u00e7\u00f5es sobre cookies, consulte o nosso&nbsp;<a href=\"https:\/\/poolconcept.live-website.com\/pt-pt\/politica-de-cookies\/\">Pol\u00edtica de Cookies<\/a>.<br>Celebr\u00e1mos um acordo de tratamento de dados com a Google.<br>A inclus\u00e3o de endere\u00e7os IP completos \u00e9 bloqueada por n\u00f3s.<\/p>\n<h2>&nbsp;<\/h2>\n<h3>SEGURAN\u00c7A<\/h3>\n<p>Estamos comprometidos com a seguran\u00e7a dos dados pessoais. Tomamos as medidas de seguran\u00e7a adequadas para limitar o abuso e o acesso n\u00e3o autorizado aos dados pessoais. Isto garante que apenas as pessoas necess\u00e1rias t\u00eam acesso aos seus dados, que o acesso aos dados est\u00e1 protegido e que as nossas medidas de seguran\u00e7a s\u00e3o revistas regularmente.<\/p>\n<p>As medidas de seguran\u00e7a que utilizamos consistem em:<\/p>\n<ul>\n<li>Nome de utilizador e palavra-passe (apenas utilizadores registados)<\/li>\n<li>TLS\/SSL<\/li>\n<li>DKIM, SPF e DMARC<\/li>\n<li>Prote\u00e7\u00e3o X-XSS<\/li>\n<li>N\u00e3o h\u00e1 refer\u00eancia quando a cabe\u00e7a da descida.<\/li>\n<\/ul>\n<h2>&nbsp;<\/h2>\n<h3>SITES DE TERCEIROS<\/h3>\n<p>Esta declara\u00e7\u00e3o de privacidade n\u00e3o se aplica a sites de terceiros vinculados pelo nosso site. N\u00e3o podemos garantir que estes terceiros tratar\u00e3o os seus dados pessoais de forma fi\u00e1vel ou segura. Recomendamos que leia as declara\u00e7\u00f5es de privacidade desses sites antes de us\u00e1-los.<\/p>\n<h2>&nbsp;<\/h2>\n<h3>ALTERA\u00c7\u00d5ES A ESTA DECLARA\u00c7\u00c3O DE PRIVACIDADE<\/h3>\n<p>Reservamo-nos o direito de fazer altera\u00e7\u00f5es a esta declara\u00e7\u00e3o de privacidade. Recomenda-se que reveja esta declara\u00e7\u00e3o de privacidade regularmente para estar ciente de quaisquer altera\u00e7\u00f5es. Al\u00e9m disso, iremos inform\u00e1-lo ativamente sempre que poss\u00edvel.<\/p>\n<h2>&nbsp;<\/h2>\n<h3>ACEDER E MODIFICAR OS SEUS DADOS<\/h3>\n<p>Se voc\u00ea tiver alguma d\u00favida ou gostaria de saber quais dados pessoais mantemos sobre voc\u00ea, entre em contato conosco.<br>Voc\u00ea pode entrar em contato conosco usando as informa\u00e7\u00f5es abaixo.<\/p>\n<p>Tem os seguintes direitos:<\/p>\n<ul>\n<li>Tem o direito de saber por que raz\u00e3o os seus dados pessoais s\u00e3o necess\u00e1rios, o que lhes acontecer\u00e1 e durante quanto tempo ser\u00e3o conservados.<\/li>\n<li>Direito de acesso: Tem o direito de aceder aos dados pessoais que conhecemos.<\/li>\n<li>Direito de retifica\u00e7\u00e3o: Tem o direito de completar, corrigir, eliminar ou bloquear os seus dados pessoais a qualquer momento.<\/li>\n<li>Se nos der o seu consentimento para processar os seus dados, tem o direito de revogar esse consentimento e de eliminar os seus dados pessoais.<\/li>\n<li>Direito \u00e0 transfer\u00eancia dos seus dados: Tem o direito de solicitar todos os seus dados pessoais ao respons\u00e1vel pelo tratamento e de os transferir na sua totalidade para outro respons\u00e1vel pelo tratamento.<\/li>\n<li>Direito de oposi\u00e7\u00e3o: Pode opor-se ao tratamento dos seus dados.<\/li>\n<\/ul>\n<p>N\u00f3s cumprimos com isso, a menos que haja motivos justificados para o processamento.<\/p>\n<p>Por favor, certifique-se de sempre declarar claramente quem voc\u00ea \u00e9, para que possamos ter certeza de que n\u00e3o modificamos ou exclu\u00edmos nenhum dado da pessoa errada.<\/p>\n<h2>&nbsp;<\/h2>\n<h3>APRESENTAR UMA QUEIXA<\/h3>\n<p>Se n\u00e3o estiver satisfeito com a forma como tratamos (uma reclama\u00e7\u00e3o sobre) o tratamento dos seus dados pessoais, tem o direito de apresentar uma reclama\u00e7\u00e3o junto da Autoridade de Prote\u00e7\u00e3o de Dados.<\/p>\n<h2>&nbsp;<\/h2>\n<h3>INFORMA\u00c7\u00c3O DE CONTACTO<\/h3>\n<p>Easypool, S.L. \u2013 CIF: B87733697<br>C\/ Caraba\u00f1a, 32, Madrid<br>P\u00e1gina Web:&nbsp;<a href=\"https:\/\/poolconcept.live-website.com\/pt-pt\/\">https:\/\/poolconcept.live-website.com\/<\/a><br>Email:&nbsp;<a href=\"mailto:info@poolconcept.live-website.com\">info@poolconcept.live-website.com<\/a><br>N\u00famero de telefone: (+34) 91 891 55 01<\/p>\n<p><\/p>\t\t\t\t\t\t\t\t<\/div>\n\t\t\t\t<\/div>\n\t\t\t\t\t<\/div>\n\t\t<\/div>\n\t\t\t\t\t<\/div>\n\t\t<\/section>\n\t\t\t\t<\/div>\n\t\t","protected":false},"excerpt":{"rendered":"<p>Pol\u00edtica de Privacidade PROPRIET\u00c1RIO DE REDES SOCIAIS E SITES O Website ou Redes Sociais oficial da Poolconcept\u00ae e qualquer uma das suas marcas a partir das quais est\u00e1 a aceder a esta Pol\u00edtica de Utiliza\u00e7\u00e3o s\u00e3o propriedade da Easypool, S.L. \u2013 CIF: B87733697 e sede social em C\/ Caraba\u00f1a, 32, Alcorc\u00f3n (Madrid-Espanha), de acordo com [&hellip;]<\/p>\n","protected":false},"author":2,"featured_media":0,"parent":0,"menu_order":0,"comment_status":"closed","ping_status":"closed","template":"elementor_header_footer","meta":{"footnotes":""},"class_list":["post-276733","page","type-page","status-publish","hentry"],"yoast_head":"<!-- This site is optimized with the Yoast SEO plugin v24.5 - https:\/\/yoast.com\/wordpress\/plugins\/seo\/ -->\n<title>Pol\u00edtica de Privacidade - Poolconcept<\/title>\n<meta name=\"description\" content=\"Pol\u00edtica de Privacidade Poolconcept - Conhe\u00e7a a privacidade da nossa empresa especializada em coberturas\" \/>\n<meta name=\"robots\" content=\"noindex, follow\" \/>\n<meta property=\"og:locale\" content=\"pt_PT\" \/>\n<meta property=\"og:type\" content=\"article\" \/>\n<meta property=\"og:title\" content=\"Pol\u00edtica de Privacidade - Poolconcept\" \/>\n<meta property=\"og:description\" content=\"Pol\u00edtica de Privacidade Poolconcept - Conhe\u00e7a a privacidade da nossa empresa especializada em coberturas\" \/>\n<meta property=\"og:url\" content=\"https:\/\/poolconcept.live-website.com\/pt-pt\/politica-de-privacidade\/\" \/>\n<meta property=\"og:site_name\" content=\"Poolconcept - Cubiertas transitables para Piscinas\" \/>\n<meta property=\"article:modified_time\" content=\"2024-05-21T18:54:14+00:00\" \/>\n<meta name=\"twitter:card\" content=\"summary_large_image\" \/>\n<meta name=\"twitter:label1\" content=\"Tempo estimado de leitura\" \/>\n\t<meta name=\"twitter:data1\" content=\"6 minutos\" \/>\n<script type=\"application\/ld+json\" class=\"yoast-schema-graph\">{\"@context\":\"https:\/\/schema.org\",\"@graph\":[{\"@type\":\"WebPage\",\"@id\":\"https:\/\/poolconcept.live-website.com\/pt-pt\/politica-de-privacidade\/\",\"url\":\"https:\/\/poolconcept.live-website.com\/pt-pt\/politica-de-privacidade\/\",\"name\":\"Pol\u00edtica de Privacidade - Poolconcept\",\"isPartOf\":{\"@id\":\"https:\/\/poolconcept.live-website.com\/pt-pt\/#website\"},\"datePublished\":\"2023-03-01T10:57:29+00:00\",\"dateModified\":\"2024-05-21T18:54:14+00:00\",\"description\":\"Pol\u00edtica de Privacidade Poolconcept - Conhe\u00e7a a privacidade da nossa empresa especializada em coberturas\",\"breadcrumb\":{\"@id\":\"https:\/\/poolconcept.live-website.com\/pt-pt\/politica-de-privacidade\/#breadcrumb\"},\"inLanguage\":\"pt-PT\",\"potentialAction\":[{\"@type\":\"ReadAction\",\"target\":[\"https:\/\/poolconcept.live-website.com\/pt-pt\/politica-de-privacidade\/\"]}]},{\"@type\":\"BreadcrumbList\",\"@id\":\"https:\/\/poolconcept.live-website.com\/pt-pt\/politica-de-privacidade\/#breadcrumb\",\"itemListElement\":[{\"@type\":\"ListItem\",\"position\":1,\"name\":\"Portada\",\"item\":\"https:\/\/poolconcept.live-website.com\/pt-pt\/\"},{\"@type\":\"ListItem\",\"position\":2,\"name\":\"Pol\u00edtica de Privacidade\"}]},{\"@type\":\"WebSite\",\"@id\":\"https:\/\/poolconcept.live-website.com\/pt-pt\/#website\",\"url\":\"https:\/\/poolconcept.live-website.com\/pt-pt\/\",\"name\":\"Poolconcept - Cubiertas transitables para Piscinas\",\"description\":\"\",\"potentialAction\":[{\"@type\":\"SearchAction\",\"target\":{\"@type\":\"EntryPoint\",\"urlTemplate\":\"https:\/\/poolconcept.live-website.com\/pt-pt\/?s={search_term_string}\"},\"query-input\":{\"@type\":\"PropertyValueSpecification\",\"valueRequired\":true,\"valueName\":\"search_term_string\"}}],\"inLanguage\":\"pt-PT\"}]}<\/script>\n<!-- \/ Yoast SEO plugin. -->","yoast_head_json":{"title":"Pol\u00edtica de Privacidade - Poolconcept","description":"Pol\u00edtica de Privacidade Poolconcept - Conhe\u00e7a a privacidade da nossa empresa especializada em coberturas","robots":{"index":"noindex","follow":"follow"},"og_locale":"pt_PT","og_type":"article","og_title":"Pol\u00edtica de Privacidade - Poolconcept","og_description":"Pol\u00edtica de Privacidade Poolconcept - Conhe\u00e7a a privacidade da nossa empresa especializada em coberturas","og_url":"https:\/\/poolconcept.live-website.com\/pt-pt\/politica-de-privacidade\/","og_site_name":"Poolconcept - Cubiertas transitables para Piscinas","article_modified_time":"2024-05-21T18:54:14+00:00","twitter_card":"summary_large_image","twitter_misc":{"Tempo estimado de leitura":"6 minutos"},"schema":{"@context":"https:\/\/schema.org","@graph":[{"@type":"WebPage","@id":"https:\/\/poolconcept.live-website.com\/pt-pt\/politica-de-privacidade\/","url":"https:\/\/poolconcept.live-website.com\/pt-pt\/politica-de-privacidade\/","name":"Pol\u00edtica de Privacidade - Poolconcept","isPartOf":{"@id":"https:\/\/poolconcept.live-website.com\/pt-pt\/#website"},"datePublished":"2023-03-01T10:57:29+00:00","dateModified":"2024-05-21T18:54:14+00:00","description":"Pol\u00edtica de Privacidade Poolconcept - Conhe\u00e7a a privacidade da nossa empresa especializada em coberturas","breadcrumb":{"@id":"https:\/\/poolconcept.live-website.com\/pt-pt\/politica-de-privacidade\/#breadcrumb"},"inLanguage":"pt-PT","potentialAction":[{"@type":"ReadAction","target":["https:\/\/poolconcept.live-website.com\/pt-pt\/politica-de-privacidade\/"]}]},{"@type":"BreadcrumbList","@id":"https:\/\/poolconcept.live-website.com\/pt-pt\/politica-de-privacidade\/#breadcrumb","itemListElement":[{"@type":"ListItem","position":1,"name":"Portada","item":"https:\/\/poolconcept.live-website.com\/pt-pt\/"},{"@type":"ListItem","position":2,"name":"Pol\u00edtica de Privacidade"}]},{"@type":"WebSite","@id":"https:\/\/poolconcept.live-website.com\/pt-pt\/#website","url":"https:\/\/poolconcept.live-website.com\/pt-pt\/","name":"Poolconcept - Cubiertas transitables para Piscinas","description":"","potentialAction":[{"@type":"SearchAction","target":{"@type":"EntryPoint","urlTemplate":"https:\/\/poolconcept.live-website.com\/pt-pt\/?s={search_term_string}"},"query-input":{"@type":"PropertyValueSpecification","valueRequired":true,"valueName":"search_term_string"}}],"inLanguage":"pt-PT"}]}},"_links":{"self":[{"href":"https:\/\/poolconcept.live-website.com\/pt-pt\/wp-json\/wp\/v2\/pages\/276733","targetHints":{"allow":["GET"]}}],"collection":[{"href":"https:\/\/poolconcept.live-website.com\/pt-pt\/wp-json\/wp\/v2\/pages"}],"about":[{"href":"https:\/\/poolconcept.live-website.com\/pt-pt\/wp-json\/wp\/v2\/types\/page"}],"author":[{"embeddable":true,"href":"https:\/\/poolconcept.live-website.com\/pt-pt\/wp-json\/wp\/v2\/users\/2"}],"replies":[{"embeddable":true,"href":"https:\/\/poolconcept.live-website.com\/pt-pt\/wp-json\/wp\/v2\/comments?post=276733"}],"version-history":[{"count":0,"href":"https:\/\/poolconcept.live-website.com\/pt-pt\/wp-json\/wp\/v2\/pages\/276733\/revisions"}],"wp:attachment":[{"href":"https:\/\/poolconcept.live-website.com\/pt-pt\/wp-json\/wp\/v2\/media?parent=276733"}],"curies":[{"name":"wp","href":"https:\/\/api.w.org\/{rel}","templated":true}]}}